{"id":840,"date":"2025-08-19T16:47:32","date_gmt":"2025-08-19T16:47:32","guid":{"rendered":"https:\/\/site-cfb:8890\/?page_id=840"},"modified":"2025-11-25T09:55:31","modified_gmt":"2025-11-25T09:55:31","slug":"enseignement-formation","status":"publish","type":"page","link":"https:\/\/www.baclesse.lu\/en\/enseignement-formation\/","title":{"rendered":"Education &amp; Training"},"content":{"rendered":"<p>[et_pb_section fb_built=\u00a0\u00bb1&Prime; fullwidth=\u00a0\u00bbon\u00a0\u00bb _builder_version=\u00a0\u00bb4.27.4&Prime; _module_preset=\u00a0\u00bbdefault\u00a0\u00bb background_enable_image=\u00a0\u00bboff\u00a0\u00bb width_last_edited=\u00a0\u00bboff|tablet\u00a0\u00bb min_height_last_edited=\u00a0\u00bboff|tablet\u00a0\u00bb height_last_edited=\u00a0\u00bboff|tablet\u00a0\u00bb global_colors_info=\u00a0\u00bb{}\u00a0\u00bb][et_pb_fullwidth_image src=\u00a0\u00bbhttps:\/\/www.baclesse.lu\/wp-content\/uploads\/2025\/08\/Enseignement_Formation_CFB.png\u00a0\u00bb title_text=\u00a0\u00bbEnseignement_Formation_CFB\u00a0\u00bb module_class=\u00a0\u00bbbanner-image\u00a0\u00bb _builder_version=\u00a0\u00bb4.27.4&Prime; _module_preset=\u00a0\u00bbdefault\u00a0\u00bb global_colors_info=\u00a0\u00bb{}\u00a0\u00bb][\/et_pb_fullwidth_image][\/et_pb_section][et_pb_section fb_built=\u00a0\u00bb1&Prime; _builder_version=\u00a0\u00bb4.27.4&Prime; _module_preset=\u00a0\u00bbdefault\u00a0\u00bb global_colors_info=\u00a0\u00bb{}\u00a0\u00bb][et_pb_row column_structure=\u00a0\u00bb1_3,2_3&Prime; make_equal=\u00a0\u00bboff\u00a0\u00bb module_class=\u00a0\u00bbligne-custom-flex, ligne-tablette\u00a0\u00bb _builder_version=\u00a0\u00bb4.27.4&Prime; _module_preset=\u00a0\u00bbe5d185d1-dedc-497d-8a24-c3470cedcbb1&Prime; global_colors_info=\u00a0\u00bb{}\u00a0\u00bb custom_css_main_element_last_edited=\u00a0\u00bboff|desktop\u00a0\u00bb][et_pb_column type=\u00a0\u00bb1_3&Prime; module_class=\u00a0\u00bbta-col-gauche\u00a0\u00bb _builder_version=\u00a0\u00bb4.27.4&Prime; _module_preset=\u00a0\u00bbdefault\u00a0\u00bb global_colors_info=\u00a0\u00bb{}\u00a0\u00bb][et_pb_text disabled_on=\u00a0\u00bboff|off|off\u00a0\u00bb _builder_version=\u00a0\u00bb4.27.4&Prime; _module_preset=\u00a0\u00bb64437b2b-a5c0-498d-8493-d639d7f4b214&Prime; custom_padding=\u00a0\u00bb|20px|||false|false\u00a0\u00bb text_font_size_tablet=\u00a0\u00bb27px\u00a0\u00bb global_colors_info=\u00a0\u00bb{}\u00a0\u00bb]<\/p>\n<p>Enseignement &amp; formation<\/p>\n<p>[\/et_pb_text][et_pb_image src=\u00a0\u00bbhttps:\/\/www.baclesse.lu\/wp-content\/uploads\/2025\/08\/Rayon_CFB_Bleu_Fonce_V2.png\u00a0\u00bb title_text=\u00a0\u00bbRayon_CFB_Bleu_Fonce_V2&Prime; align_tablet=\u00a0\u00bbleft\u00a0\u00bb align_last_edited=\u00a0\u00bboff|tablet\u00a0\u00bb disabled_on=\u00a0\u00bboff|off|off\u00a0\u00bb _builder_version=\u00a0\u00bb4.27.4&Prime; _module_preset=\u00a0\u00bbd6084e7c-e5e7-4196-9a1d-c82dec5ca1d3&Prime; transform_scale_tablet=\u00a0\u00bb80%|80%\u00a0\u00bb transform_scale_phone=\u00a0\u00bb80%|80%\u00a0\u00bb transform_scale_last_edited=\u00a0\u00bbon|desktop\u00a0\u00bb transform_translate_tablet=\u00a0\u00bb\u00a0\u00bb transform_translate_phone=\u00a0\u00bb\u00a0\u00bb transform_translate_last_edited=\u00a0\u00bbon|tablet\u00a0\u00bb transform_rotate_tablet=\u00a0\u00bb\u00a0\u00bb transform_rotate_phone=\u00a0\u00bb\u00a0\u00bb transform_rotate_last_edited=\u00a0\u00bbon|tablet\u00a0\u00bb transform_skew_tablet=\u00a0\u00bb\u00a0\u00bb transform_skew_phone=\u00a0\u00bb\u00a0\u00bb transform_skew_last_edited=\u00a0\u00bbon|tablet\u00a0\u00bb transform_origin_tablet=\u00a0\u00bb\u00a0\u00bb transform_origin_phone=\u00a0\u00bb\u00a0\u00bb transform_origin_last_edited=\u00a0\u00bbon|tablet\u00a0\u00bb transform_styles_last_edited=\u00a0\u00bbon|desktop\u00a0\u00bb custom_margin_tablet=\u00a0\u00bb|8px|||false|false\u00a0\u00bb custom_margin_phone=\u00a0\u00bb|-35px|||false|false\u00a0\u00bb custom_margin_last_edited=\u00a0\u00bbon|phone\u00a0\u00bb custom_padding=\u00a0\u00bb||||false|false\u00a0\u00bb custom_padding_tablet=\u00a0\u00bb||||false|false\u00a0\u00bb custom_padding_last_edited=\u00a0\u00bboff|tablet\u00a0\u00bb transform_styles_tablet=\u00a0\u00bb\u00a0\u00bb transform_styles_phone=\u00a0\u00bb\u00a0\u00bb global_colors_info=\u00a0\u00bb{}\u00a0\u00bb][\/et_pb_image][et_pb_text _builder_version=\u00a0\u00bb4.27.4&Prime; _module_preset=\u00a0\u00bbd6f57796-6fc7-4376-8cad-9f96836f9966&Prime; custom_margin_tablet=\u00a0\u00bb|25px|||false|false\u00a0\u00bb text_orientation_tablet=\u00a0\u00bb\u00a0\u00bb text_orientation_phone=\u00a0\u00bbleft\u00a0\u00bb text_orientation_last_edited=\u00a0\u00bbon|phone\u00a0\u00bb global_colors_info=\u00a0\u00bb{}\u00a0\u00bb]<\/p>\n<p><span class=\"sc-big-text-bleu\">Conscient de son r\u00f4le \u00e0 jouer au niveau soci\u00e9tal, le CFB s\u2019est donn\u00e9 depuis de nombreuses ann\u00e9es pour mission compl\u00e9mentaire, de participer \u00e0 l\u2019enseignement des \u00e9l\u00e8ves et \u00e9tudiants dans le domaine de l\u2019oncologie-radioth\u00e9rapie, pour les professions m\u00e9dicales, soignantes et de support.<\/span><\/p>\n<p>[\/et_pb_text][\/et_pb_column][et_pb_column type=\u00a0\u00bb2_3&Prime; module_class=\u00a0\u00bbta-col-droite\u00a0\u00bb _builder_version=\u00a0\u00bb4.27.4&Prime; _module_preset=\u00a0\u00bbdefault\u00a0\u00bb global_colors_info=\u00a0\u00bb{}\u00a0\u00bb][et_pb_accordion module_class=\u00a0\u00bbcol-2-3&Prime; _builder_version=\u00a0\u00bb4.27.4&Prime; _module_preset=\u00a0\u00bb142d2199-98b0-45dc-9e75-c33893e881ce\u00a0\u00bb custom_margin_tablet=\u00a0\u00bb-5px||||false|false\u00a0\u00bb custom_margin_phone=\u00a0\u00bb10px|0px|0px|0px|false|false\u00a0\u00bb custom_margin_last_edited=\u00a0\u00bbon|phone\u00a0\u00bb custom_padding_phone=\u00a0\u00bb20px|0px|12px|0px|false|false\u00a0\u00bb global_colors_info=\u00a0\u00bb{}\u00a0\u00bb][et_pb_accordion_item title=\u00a0\u00bbFormation initiale m\u00e9dicale &#038; scientifique \u00a0\u00bb open=\u00a0\u00bbon\u00a0\u00bb _builder_version=\u00a0\u00bb4.27.4&Prime; _module_preset=\u00a0\u00bb5c7f7503-5361-4974-9cbf-fded033a5729&Prime; custom_padding_tablet=\u00a0\u00bb10px||18px|0px|false|false\u00a0\u00bb custom_padding_phone=\u00a0\u00bb0px||12px||false|false\u00a0\u00bb border_width_all=\u00a0\u00bb0px\u00a0\u00bb global_colors_info=\u00a0\u00bb{}\u00a0\u00bb]<\/p>\n<p><span>Au sein de la Facult\u00e9 de Sciences, Technologie et M\u00e9decine (FSTM Uni Luxembourg), un oncologue radioth\u00e9rapeute avec qualifications universitaires a \u00e9t\u00e9 mandat\u00e9 pour coordonner l\u2019enseignement de physique des radiations appliqu\u00e9e en m\u00e9decine ainsi que les bases biologiques du cancer (Bachelor) et certains enseignements du DES d\u2019oncologie. (Bachelor en M\u00e9decine (BMED), Bachelor en sciences de la vie (BASV) et DES oncologie).<\/span><\/p>\n<p>[\/et_pb_accordion_item][et_pb_accordion_item title=\u00a0\u00bbFormation continue m\u00e9dicale\u00a0\u00bb _builder_version=\u00a0\u00bb4.27.4&Prime; _module_preset=\u00a0\u00bb5c7f7503-5361-4974-9cbf-fded033a5729&Prime; border_color_top=\u00a0\u00bb#c15fb4&Prime; border_width_right=\u00a0\u00bb0px\u00a0\u00bb border_width_left=\u00a0\u00bb0px\u00a0\u00bb border_color_left=\u00a0\u00bb#c15fb4&Prime; global_colors_info=\u00a0\u00bb{}\u00a0\u00bb open=\u00a0\u00bboff\u00a0\u00bb]<\/p>\n<p><span>L\u2019\u00e9quipe m\u00e9dicale du CFB participe \u00e0 la formation m\u00e9dicale continue des m\u00e9decins g\u00e9n\u00e9ralistes et sp\u00e9cialistes au Luxembourg et \u00e9galement \u00e0 l\u2019internationale, notamment (sans caract\u00e8re exhaustif) :<\/span><\/p>\n<p><span><\/span><\/p>\n<ul>\n<li><span>Dipl\u00f4me Inter Universitaire Sarcome (DIU) avec l\u2019Institut Curie Cible : une vingtaine d\u2019oncologues fran\u00e7ais (m\u00e9dicaux, radioth\u00e9rapeutes, chirurgiens) <\/span><\/li>\n<li><span>Masterclass Internationale des Sarcomes (Maroc) Cible : une cinquantaine d\u2019oncologues marocains (m\u00e9dicaux, radioth\u00e9rapeutes, chirurgiens) <\/span><\/li>\n<li><span>Formation continue des radioth\u00e9rapeutes marocains en st\u00e9r\u00e9otaxie : prostate, digestif, poumon et neuro<\/span><\/li>\n<li><span>S\u00e9minaire \u00ab Le r\u00f4le du g\u00e9n\u00e9raliste face aux effets secondaires de la radioth\u00e9rapie \u00bb organis\u00e9 avec l\u2019Uni Lu et la Division de la Radioprotection du MiSA, extension pr\u00e9vue aux sp\u00e9cialistes.<\/span><\/li>\n<\/ul>\n<p>[\/et_pb_accordion_item][et_pb_accordion_item title=\u00a0\u00bbFormation inter professionnelle par la recherche\u00a0\u00bb _builder_version=\u00a0\u00bb4.27.4&Prime; _module_preset=\u00a0\u00bb5c7f7503-5361-4974-9cbf-fded033a5729&Prime; border_color_all=\u00a0\u00bbRGBA(255,255,255,0)\u00a0\u00bb border_color_top=\u00a0\u00bb#c15fb4&Prime; border_width_right=\u00a0\u00bb0px\u00a0\u00bb border_color_bottom=\u00a0\u00bb#1515ad\u00a0\u00bb border_width_left=\u00a0\u00bb0px\u00a0\u00bb border_color_left=\u00a0\u00bbRGBA(255,255,255,0)\u00a0\u00bb global_colors_info=\u00a0\u00bb{}\u00a0\u00bb open=\u00a0\u00bboff\u00a0\u00bb]<\/p>\n<p><span>Il s\u2019agit d\u2019une offre de Formation continue des Assistants Technique M\u00e9dical (ATM), qualiticiens et radioth\u00e9rapeutes. Avec ses pairs des universit\u00e9s de la Grande R\u00e9gion, le CFB a structur\u00e9 une nouvelle offre de formation transdisciplinaire au niveau europ\u00e9en dans le cadre d\u2019un projet INTERREG (https:\/\/www.nhl-chirex.eu\/fr\/) (Pr Vogin \u2013 coordonnateur international). <\/span><\/p>\n<p><span>Plusieurs approches innovantes sont impl\u00e9ment\u00e9es :<\/span><\/p>\n<p><span><\/span><\/p>\n<ul>\n<li><span>Formation sur simulateur virtuel des acc\u00e9l\u00e9rateurs de particules avec Li\u00e8ge et Nancy <\/span><\/li>\n<li><span>Serious game pour la m\u00e9thodologie qualit\u00e9 (CFB)<\/span><\/li>\n<li><span>Plateforme de contourage des organes \u00e0 risque (CFB)<\/span><\/li>\n<li><span>Formation \u00e0 l\u2019imagerie multimodale (Homburg)<\/span><\/li>\n<li><span>Application de radiovigilance (CFB)<\/span><\/li>\n<\/ul>\n<p>[\/et_pb_accordion_item][et_pb_accordion_item title=\u00a0\u00bbFormation initiale th\u00e9orique des ATM-RX (Lyc\u00e9e Technique pour Professionnels de Sant\u00e9) \u2013 Bachelor TIM (UniLu)\u00a0\u00bb _builder_version=\u00a0\u00bb4.27.4&Prime; _module_preset=\u00a0\u00bb5c7f7503-5361-4974-9cbf-fded033a5729&Prime; border_color_all=\u00a0\u00bbRGBA(255,255,255,0)\u00a0\u00bb border_color_top=\u00a0\u00bb#c15fb4&Prime; border_width_right=\u00a0\u00bb0px\u00a0\u00bb border_color_bottom=\u00a0\u00bb#1515ad\u00a0\u00bb border_width_left=\u00a0\u00bb0px\u00a0\u00bb border_color_left=\u00a0\u00bbRGBA(255,255,255,0)\u00a0\u00bb global_colors_info=\u00a0\u00bb{}\u00a0\u00bb open=\u00a0\u00bboff\u00a0\u00bb]<\/p>\n<p><span>Plusieurs m\u00e9tiers du CFB participent \u00e0 ce type de formation : m\u00e9decins, physiciens, Attach\u00e9 de Recherche Clinique, ATM<\/span><\/p>\n<p>[\/et_pb_accordion_item][et_pb_accordion_item title=\u00a0\u00bbEnseignement des fonctions administratives et de support \u00a0\u00bb _builder_version=\u00a0\u00bb4.27.4&Prime; _module_preset=\u00a0\u00bb5c7f7503-5361-4974-9cbf-fded033a5729&Prime; border_color_all=\u00a0\u00bbRGBA(255,255,255,0)\u00a0\u00bb border_color_top=\u00a0\u00bb#c15fb4&Prime; border_width_right=\u00a0\u00bb0px\u00a0\u00bb border_color_bottom=\u00a0\u00bb#1515ad\u00a0\u00bb border_width_left=\u00a0\u00bb0px\u00a0\u00bb border_color_left=\u00a0\u00bbRGBA(255,255,255,0)\u00a0\u00bb global_colors_info=\u00a0\u00bb{}\u00a0\u00bb open=\u00a0\u00bboff\u00a0\u00bb]<\/p>\n<p><span>Formation en alternance des \u00e9l\u00e8ves Dipl\u00f4me d\u2019Aptitude Professionnelle (DAP) administratif et de secr\u00e9tariat.<\/span><\/p>\n<p>[\/et_pb_accordion_item][et_pb_accordion_item title=\u00a0\u00bbEncadrement de th\u00e8ses MD et PhD \u00a0\u00bb _builder_version=\u00a0\u00bb4.27.4&Prime; _module_preset=\u00a0\u00bb5c7f7503-5361-4974-9cbf-fded033a5729&Prime; border_color_all=\u00a0\u00bbRGBA(255,255,255,0)\u00a0\u00bb border_color_top=\u00a0\u00bb#c15fb4&Prime; border_width_right=\u00a0\u00bb0px\u00a0\u00bb border_color_bottom=\u00a0\u00bb#1515ad\u00a0\u00bb border_width_left=\u00a0\u00bb0px\u00a0\u00bb border_color_left=\u00a0\u00bbRGBA(255,255,255,0)\u00a0\u00bb global_colors_info=\u00a0\u00bb{}\u00a0\u00bb open=\u00a0\u00bboff\u00a0\u00bb]<\/p>\n<p><span>Le personnel universitaire du CFB participe \u00e0 l\u2019encadrement des travaux et aux jurys de th\u00e8se d\u2019exercice et de doctorat en France et en Belgique voire \u00e0 l\u2019internationale.<\/span><\/p>\n<p>[\/et_pb_accordion_item][et_pb_accordion_item title=\u00a0\u00bbEncadrement des stagiaires \u00a0\u00bb _builder_version=\u00a0\u00bb4.27.4&Prime; _module_preset=\u00a0\u00bb5c7f7503-5361-4974-9cbf-fded033a5729&Prime; border_color_all=\u00a0\u00bbRGBA(255,255,255,0)\u00a0\u00bb border_color_top=\u00a0\u00bb#c15fb4&Prime; border_width_right=\u00a0\u00bb0px\u00a0\u00bb border_color_bottom=\u00a0\u00bb#1515ad\u00a0\u00bb border_width_left=\u00a0\u00bb0px\u00a0\u00bb border_color_left=\u00a0\u00bbRGBA(255,255,255,0)\u00a0\u00bb global_colors_info=\u00a0\u00bb{}\u00a0\u00bb open=\u00a0\u00bboff\u00a0\u00bb]<\/p>\n<p><span>L\u2019encadrement des stagiaires est plac\u00e9 sous la responsabilit\u00e9 des responsables de domaine, \u00e9quipe ou d\u2019une personne d\u00e9sign\u00e9e par l\u2019encadrement. <\/span><\/p>\n<p><span>Une formation de tuteur de stage peut \u00eatre dispens\u00e9e. <\/span><\/p>\n<p><span>Concernant les m\u00e9decins (assistants\/MEVS\/internes), le CFB accueille les \u00e9tudiants par p\u00e9riode de 6-12 mois sous la responsabilit\u00e9 d\u2019un ma\u00eetre de stage agr\u00e9\u00e9 dans le cadre des \u00e9tudes sp\u00e9cialis\u00e9es en m\u00e9decine \u00e0 l\u2019Universit\u00e9 de Luxembourg par le minist\u00e8re de la Sant\u00e9 et la F\u00e9d\u00e9ration Wallonie Bruxelles. <\/span><\/p>\n<p><span>L\u2019enseignement th\u00e9orique et pratique est organis\u00e9 en blocs de 3 mois :<\/span><\/p>\n<p><span><\/span><\/p>\n<ul>\n<li><span>Sein + ORL + Thorax + Lymphome + SNC<\/span><\/li>\n<li><span>Urologie + Gyn\u00e9cologie + Digestif + M\u00e9tastases<\/span><\/li>\n<\/ul>\n<p>[\/et_pb_accordion_item][\/et_pb_accordion][\/et_pb_column][\/et_pb_row][\/et_pb_section]<\/p>\n","protected":false},"excerpt":{"rendered":"<p>Enseignement &amp; formationConscient de son r\u00f4le \u00e0 jouer au niveau soci\u00e9tal, le CFB s\u2019est donn\u00e9 depuis de nombreuses ann\u00e9es pour mission compl\u00e9mentaire, de participer \u00e0 l\u2019enseignement des \u00e9l\u00e8ves et \u00e9tudiants dans le domaine de l\u2019oncologie-radioth\u00e9rapie, pour les professions m\u00e9dicales, soignantes et de support.Au sein de la Facult\u00e9 de Sciences, Technologie et M\u00e9decine (FSTM Uni Luxembourg), [&hellip;]<\/p>\n","protected":false},"author":1,"featured_media":0,"parent":0,"menu_order":0,"comment_status":"closed","ping_status":"closed","template":"","meta":{"_acf_changed":false,"_et_pb_use_builder":"on","_et_pb_old_content":"","_et_gb_content_width":"","_monsterinsights_skip_tracking":false,"_monsterinsights_sitenote_active":false,"_monsterinsights_sitenote_note":"","_monsterinsights_sitenote_category":0,"footnotes":""},"class_list":["post-840","page","type-page","status-publish","hentry"],"acf":[],"yoast_head":"<!-- This site is optimized with the Yoast SEO plugin v27.2 - https:\/\/yoast.com\/product\/yoast-seo-wordpress\/ -->\n<title>Enseignement &amp; Formation - Centre Fran\u00e7ois Baclesse<\/title>\n<meta name=\"robots\" content=\"index, follow, max-snippet:-1, max-image-preview:large, max-video-preview:-1\" \/>\n<link rel=\"canonical\" href=\"https:\/\/www.baclesse.lu\/en\/enseignement-formation\/\" \/>\n<meta property=\"og:locale\" content=\"en_GB\" \/>\n<meta property=\"og:type\" content=\"article\" \/>\n<meta property=\"og:title\" content=\"Enseignement &amp; Formation - Centre Fran\u00e7ois Baclesse\" \/>\n<meta property=\"og:description\" content=\"Enseignement &amp; formationConscient de son r\u00f4le \u00e0 jouer au niveau soci\u00e9tal, le CFB s\u2019est donn\u00e9 depuis de nombreuses ann\u00e9es pour mission compl\u00e9mentaire, de participer \u00e0 l\u2019enseignement des \u00e9l\u00e8ves et \u00e9tudiants dans le domaine de l\u2019oncologie-radioth\u00e9rapie, pour les professions m\u00e9dicales, soignantes et de support.Au sein de la Facult\u00e9 de Sciences, Technologie et M\u00e9decine (FSTM Uni Luxembourg), [&hellip;]\" \/>\n<meta property=\"og:url\" content=\"https:\/\/www.baclesse.lu\/en\/enseignement-formation\/\" \/>\n<meta property=\"og:site_name\" content=\"Centre Fran\u00e7ois Baclesse\" \/>\n<meta property=\"article:modified_time\" content=\"2025-11-25T09:55:31+00:00\" \/>\n<meta name=\"twitter:card\" content=\"summary_large_image\" \/>\n<script type=\"application\/ld+json\" class=\"yoast-schema-graph\">{\"@context\":\"https:\/\/schema.org\",\"@graph\":[{\"@type\":\"WebPage\",\"@id\":\"https:\/\/www.baclesse.lu\/enseignement-formation\/\",\"url\":\"https:\/\/www.baclesse.lu\/enseignement-formation\/\",\"name\":\"Enseignement &amp; Formation - Centre Fran\u00e7ois Baclesse\",\"isPartOf\":{\"@id\":\"https:\/\/www.baclesse.lu\/#website\"},\"datePublished\":\"2025-08-19T16:47:32+00:00\",\"dateModified\":\"2025-11-25T09:55:31+00:00\",\"breadcrumb\":{\"@id\":\"https:\/\/www.baclesse.lu\/enseignement-formation\/#breadcrumb\"},\"inLanguage\":\"en-GB\",\"potentialAction\":[{\"@type\":\"ReadAction\",\"target\":[\"https:\/\/www.baclesse.lu\/enseignement-formation\/\"]}]},{\"@type\":\"BreadcrumbList\",\"@id\":\"https:\/\/www.baclesse.lu\/enseignement-formation\/#breadcrumb\",\"itemListElement\":[{\"@type\":\"ListItem\",\"position\":1,\"name\":\"Accueil\",\"item\":\"https:\/\/www.baclesse.lu\/\"},{\"@type\":\"ListItem\",\"position\":2,\"name\":\"Enseignement &amp; Formation\"}]},{\"@type\":\"WebSite\",\"@id\":\"https:\/\/www.baclesse.lu\/#website\",\"url\":\"https:\/\/www.baclesse.lu\/\",\"name\":\"Centre Fran\u00e7ois Baclesse\",\"description\":\"Centre National de Radioth\u00e9rapie\",\"potentialAction\":[{\"@type\":\"SearchAction\",\"target\":{\"@type\":\"EntryPoint\",\"urlTemplate\":\"https:\/\/www.baclesse.lu\/?s={search_term_string}\"},\"query-input\":{\"@type\":\"PropertyValueSpecification\",\"valueRequired\":true,\"valueName\":\"search_term_string\"}}],\"inLanguage\":\"en-GB\"}]}<\/script>\n<!-- \/ Yoast SEO plugin. -->","yoast_head_json":{"title":"Enseignement &amp; Formation - Centre Fran\u00e7ois Baclesse","robots":{"index":"index","follow":"follow","max-snippet":"max-snippet:-1","max-image-preview":"max-image-preview:large","max-video-preview":"max-video-preview:-1"},"canonical":"https:\/\/www.baclesse.lu\/en\/enseignement-formation\/","og_locale":"en_GB","og_type":"article","og_title":"Enseignement &amp; Formation - Centre Fran\u00e7ois Baclesse","og_description":"Enseignement &amp; formationConscient de son r\u00f4le \u00e0 jouer au niveau soci\u00e9tal, le CFB s\u2019est donn\u00e9 depuis de nombreuses ann\u00e9es pour mission compl\u00e9mentaire, de participer \u00e0 l\u2019enseignement des \u00e9l\u00e8ves et \u00e9tudiants dans le domaine de l\u2019oncologie-radioth\u00e9rapie, pour les professions m\u00e9dicales, soignantes et de support.Au sein de la Facult\u00e9 de Sciences, Technologie et M\u00e9decine (FSTM Uni Luxembourg), [&hellip;]","og_url":"https:\/\/www.baclesse.lu\/en\/enseignement-formation\/","og_site_name":"Centre Fran\u00e7ois Baclesse","article_modified_time":"2025-11-25T09:55:31+00:00","twitter_card":"summary_large_image","schema":{"@context":"https:\/\/schema.org","@graph":[{"@type":"WebPage","@id":"https:\/\/www.baclesse.lu\/enseignement-formation\/","url":"https:\/\/www.baclesse.lu\/enseignement-formation\/","name":"Enseignement &amp; Formation - Centre Fran\u00e7ois Baclesse","isPartOf":{"@id":"https:\/\/www.baclesse.lu\/#website"},"datePublished":"2025-08-19T16:47:32+00:00","dateModified":"2025-11-25T09:55:31+00:00","breadcrumb":{"@id":"https:\/\/www.baclesse.lu\/enseignement-formation\/#breadcrumb"},"inLanguage":"en-GB","potentialAction":[{"@type":"ReadAction","target":["https:\/\/www.baclesse.lu\/enseignement-formation\/"]}]},{"@type":"BreadcrumbList","@id":"https:\/\/www.baclesse.lu\/enseignement-formation\/#breadcrumb","itemListElement":[{"@type":"ListItem","position":1,"name":"Accueil","item":"https:\/\/www.baclesse.lu\/"},{"@type":"ListItem","position":2,"name":"Enseignement &amp; Formation"}]},{"@type":"WebSite","@id":"https:\/\/www.baclesse.lu\/#website","url":"https:\/\/www.baclesse.lu\/","name":"Fran\u00e7ois Baclesse Center","description":"Centre National de Radioth\u00e9rapie","potentialAction":[{"@type":"SearchAction","target":{"@type":"EntryPoint","urlTemplate":"https:\/\/www.baclesse.lu\/?s={search_term_string}"},"query-input":{"@type":"PropertyValueSpecification","valueRequired":true,"valueName":"search_term_string"}}],"inLanguage":"en-GB"}]}},"_links":{"self":[{"href":"https:\/\/www.baclesse.lu\/en\/wp-json\/wp\/v2\/pages\/840","targetHints":{"allow":["GET"]}}],"collection":[{"href":"https:\/\/www.baclesse.lu\/en\/wp-json\/wp\/v2\/pages"}],"about":[{"href":"https:\/\/www.baclesse.lu\/en\/wp-json\/wp\/v2\/types\/page"}],"author":[{"embeddable":true,"href":"https:\/\/www.baclesse.lu\/en\/wp-json\/wp\/v2\/users\/1"}],"replies":[{"embeddable":true,"href":"https:\/\/www.baclesse.lu\/en\/wp-json\/wp\/v2\/comments?post=840"}],"version-history":[{"count":16,"href":"https:\/\/www.baclesse.lu\/en\/wp-json\/wp\/v2\/pages\/840\/revisions"}],"predecessor-version":[{"id":3590,"href":"https:\/\/www.baclesse.lu\/en\/wp-json\/wp\/v2\/pages\/840\/revisions\/3590"}],"wp:attachment":[{"href":"https:\/\/www.baclesse.lu\/en\/wp-json\/wp\/v2\/media?parent=840"}],"curies":[{"name":"wp","href":"https:\/\/api.w.org\/{rel}","templated":true}]}}