{"id":728,"date":"2025-08-14T14:58:54","date_gmt":"2025-08-14T14:58:54","guid":{"rendered":"https:\/\/site-cfb:8890\/?page_id=728"},"modified":"2025-11-21T17:02:54","modified_gmt":"2025-11-21T17:02:54","slug":"patient-partenaire","status":"publish","type":"page","link":"https:\/\/www.baclesse.lu\/en\/patient-partenaire\/","title":{"rendered":"Partner patient"},"content":{"rendered":"<p>[et_pb_section fb_built=\u00a0\u00bb1&Prime; fullwidth=\u00a0\u00bbon\u00a0\u00bb _builder_version=\u00a0\u00bb4.27.4&Prime; _module_preset=\u00a0\u00bbdefault\u00a0\u00bb global_colors_info=\u00a0\u00bb{}\u00a0\u00bb][et_pb_fullwidth_image src=\u00a0\u00bbhttps:\/\/www.baclesse.lu\/wp-content\/uploads\/2025\/08\/Patient_partenaire_OK_CFB.png\u00a0\u00bb title_text=\u00a0\u00bbPatient_partenaire_OK_CFB\u00a0\u00bb module_class=\u00a0\u00bbbanner-image\u00a0\u00bb _builder_version=\u00a0\u00bb4.27.4&Prime; _module_preset=\u00a0\u00bbdefault\u00a0\u00bb global_colors_info=\u00a0\u00bb{}\u00a0\u00bb][\/et_pb_fullwidth_image][\/et_pb_section][et_pb_section fb_built=\u00a0\u00bb1&Prime; _builder_version=\u00a0\u00bb4.27.4&Prime; _module_preset=\u00a0\u00bbdefault\u00a0\u00bb global_colors_info=\u00a0\u00bb{}\u00a0\u00bb][et_pb_row column_structure=\u00a0\u00bb1_3,2_3&Prime; make_equal=\u00a0\u00bboff\u00a0\u00bb module_class=\u00a0\u00bbligne-custom-flex, ligne-tablette\u00a0\u00bb _builder_version=\u00a0\u00bb4.27.4&Prime; _module_preset=\u00a0\u00bbe5d185d1-dedc-497d-8a24-c3470cedcbb1&Prime; global_colors_info=\u00a0\u00bb{}\u00a0\u00bb custom_css_main_element_last_edited=\u00a0\u00bboff|desktop\u00a0\u00bb][et_pb_column type=\u00a0\u00bb1_3&Prime; module_class=\u00a0\u00bbta-col-gauche\u00a0\u00bb _builder_version=\u00a0\u00bb4.27.4&Prime; _module_preset=\u00a0\u00bbdefault\u00a0\u00bb global_colors_info=\u00a0\u00bb{}\u00a0\u00bb][et_pb_text disabled_on=\u00a0\u00bboff|off|off\u00a0\u00bb _builder_version=\u00a0\u00bb4.27.4&Prime; _module_preset=\u00a0\u00bb20f488bc-70a4-44d3-839f-04d2c0592d1e\u00a0\u00bb custom_padding=\u00a0\u00bb|15px|||false|false\u00a0\u00bb global_colors_info=\u00a0\u00bb{}\u00a0\u00bb]<\/p>\n<p>Patient partenaire<\/p>\n<p>[\/et_pb_text][et_pb_image src=\u00a0\u00bbhttps:\/\/www.baclesse.lu\/wp-content\/uploads\/2025\/08\/Rayon_CFB_Rose_V2.png\u00a0\u00bb title_text=\u00a0\u00bbRayon_CFB_Rose_V2&Prime; align_tablet=\u00a0\u00bbleft\u00a0\u00bb align_last_edited=\u00a0\u00bboff|tablet\u00a0\u00bb disabled_on=\u00a0\u00bboff|off|off\u00a0\u00bb _builder_version=\u00a0\u00bb4.27.4&Prime; _module_preset=\u00a0\u00bbd6084e7c-e5e7-4196-9a1d-c82dec5ca1d3&Prime; transform_scale_tablet=\u00a0\u00bb80%|80%\u00a0\u00bb transform_scale_phone=\u00a0\u00bb80%|80%\u00a0\u00bb transform_scale_last_edited=\u00a0\u00bbon|desktop\u00a0\u00bb transform_translate_tablet=\u00a0\u00bb\u00a0\u00bb transform_translate_phone=\u00a0\u00bb\u00a0\u00bb transform_translate_last_edited=\u00a0\u00bbon|tablet\u00a0\u00bb transform_rotate_tablet=\u00a0\u00bb\u00a0\u00bb transform_rotate_phone=\u00a0\u00bb\u00a0\u00bb transform_rotate_last_edited=\u00a0\u00bbon|tablet\u00a0\u00bb transform_skew_tablet=\u00a0\u00bb\u00a0\u00bb transform_skew_phone=\u00a0\u00bb\u00a0\u00bb transform_skew_last_edited=\u00a0\u00bbon|tablet\u00a0\u00bb transform_origin_tablet=\u00a0\u00bb\u00a0\u00bb transform_origin_phone=\u00a0\u00bb\u00a0\u00bb transform_origin_last_edited=\u00a0\u00bbon|tablet\u00a0\u00bb transform_styles_last_edited=\u00a0\u00bbon|desktop\u00a0\u00bb custom_margin_tablet=\u00a0\u00bb|8px|||false|false\u00a0\u00bb custom_margin_phone=\u00a0\u00bb|-35px|||false|false\u00a0\u00bb custom_margin_last_edited=\u00a0\u00bbon|phone\u00a0\u00bb custom_padding=\u00a0\u00bb||||false|false\u00a0\u00bb custom_padding_tablet=\u00a0\u00bb||||false|false\u00a0\u00bb custom_padding_last_edited=\u00a0\u00bboff|tablet\u00a0\u00bb transform_styles_tablet=\u00a0\u00bb\u00a0\u00bb transform_styles_phone=\u00a0\u00bb\u00a0\u00bb global_colors_info=\u00a0\u00bb{}\u00a0\u00bb][\/et_pb_image][et_pb_image src=\u00a0\u00bbhttps:\/\/www.baclesse.lu\/wp-content\/uploads\/2025\/08\/Nadia_Martin_CFB.png\u00a0\u00bb title_text=\u00a0\u00bbNadia_Martin_CFB\u00a0\u00bb align_tablet=\u00a0\u00bb\u00a0\u00bb align_phone=\u00a0\u00bbcenter\u00a0\u00bb align_last_edited=\u00a0\u00bbon|phone\u00a0\u00bb _builder_version=\u00a0\u00bb4.27.4&Prime; _module_preset=\u00a0\u00bbdefault\u00a0\u00bb transform_scale=\u00a0\u00bb80%|80%\u00a0\u00bb transform_scale_tablet=\u00a0\u00bb70%|70%\u00a0\u00bb transform_scale_phone=\u00a0\u00bb60%|60%\u00a0\u00bb transform_scale_last_edited=\u00a0\u00bbon|tablet\u00a0\u00bb transform_translate_tablet=\u00a0\u00bb\u00a0\u00bb transform_translate_phone=\u00a0\u00bb\u00a0\u00bb transform_translate_last_edited=\u00a0\u00bbon|tablet\u00a0\u00bb transform_rotate_tablet=\u00a0\u00bb\u00a0\u00bb transform_rotate_phone=\u00a0\u00bb\u00a0\u00bb transform_rotate_last_edited=\u00a0\u00bbon|tablet\u00a0\u00bb transform_skew_tablet=\u00a0\u00bb\u00a0\u00bb transform_skew_phone=\u00a0\u00bb\u00a0\u00bb transform_skew_last_edited=\u00a0\u00bbon|tablet\u00a0\u00bb transform_origin_tablet=\u00a0\u00bb\u00a0\u00bb transform_origin_phone=\u00a0\u00bb\u00a0\u00bb transform_origin_last_edited=\u00a0\u00bbon|tablet\u00a0\u00bb transform_styles_last_edited=\u00a0\u00bbon|tablet\u00a0\u00bb custom_margin=\u00a0\u00bb-30px|||-45px|false|false\u00a0\u00bb custom_margin_tablet=\u00a0\u00bb-30px|||-35px|false|false\u00a0\u00bb custom_margin_phone=\u00a0\u00bb-45px|||0px|false|false\u00a0\u00bb custom_margin_last_edited=\u00a0\u00bbon|tablet\u00a0\u00bb custom_padding=\u00a0\u00bb|||0px|false|false\u00a0\u00bb transform_styles_tablet=\u00a0\u00bb\u00a0\u00bb transform_styles_phone=\u00a0\u00bb\u00a0\u00bb global_colors_info=\u00a0\u00bb{}\u00a0\u00bb][\/et_pb_image][et_pb_text _builder_version=\u00a0\u00bb4.27.4&Prime; _module_preset=\u00a0\u00bb492c47f5-776e-4290-9dc9-83379a8dc126&Prime; text_font=\u00a0\u00bb&#8211;et_global_body_font|700|||||||\u00a0\u00bb custom_margin=\u00a0\u00bb-45px||5px||false|false\u00a0\u00bb custom_margin_tablet=\u00a0\u00bb-50px||15px||false|false\u00a0\u00bb custom_margin_phone=\u00a0\u00bb-70px||||false|false\u00a0\u00bb text_orientation_tablet=\u00a0\u00bb\u00a0\u00bb text_orientation_phone=\u00a0\u00bbcenter\u00a0\u00bb text_orientation_last_edited=\u00a0\u00bbon|phone\u00a0\u00bb global_colors_info=\u00a0\u00bb{}\u00a0\u00bb]<\/p>\n<p>Nadia MARTIN<\/p>\n<p>[\/et_pb_text][et_pb_text _builder_version=\u00a0\u00bb4.27.4&Prime; _module_preset=\u00a0\u00bbd6f57796-6fc7-4376-8cad-9f96836f9966&Prime; custom_margin=\u00a0\u00bb0px||0px||false|false\u00a0\u00bb custom_margin_tablet=\u00a0\u00bb-15px|15px|||false|false\u00a0\u00bb custom_padding=\u00a0\u00bb0px||||false|false\u00a0\u00bb text_orientation_tablet=\u00a0\u00bb\u00a0\u00bb text_orientation_phone=\u00a0\u00bbcenter\u00a0\u00bb text_orientation_last_edited=\u00a0\u00bbon|phone\u00a0\u00bb global_colors_info=\u00a0\u00bb{}\u00a0\u00bb]1\u00e8re Patiente Partenaire au Centre Fran\u00e7ois Baclesse[\/et_pb_text][et_pb_text _builder_version=\u00a0\u00bb4.27.4&Prime; _module_preset=\u00a0\u00bbd6f57796-6fc7-4376-8cad-9f96836f9966&Prime; custom_margin=\u00a0\u00bb30px||||false|false\u00a0\u00bb custom_margin_tablet=\u00a0\u00bb20px|15px|||false|false\u00a0\u00bb custom_padding=\u00a0\u00bb0px||||false|false\u00a0\u00bb text_orientation_tablet=\u00a0\u00bb\u00a0\u00bb text_orientation_phone=\u00a0\u00bbcenter\u00a0\u00bb text_orientation_last_edited=\u00a0\u00bbon|phone\u00a0\u00bb global_colors_info=\u00a0\u00bb{}\u00a0\u00bb]<\/p>\n<p><i><span class=\"sc-big-text-rose\">\u00ab\u00a0En tant que patients partenaires, nous avons la capacit\u00e9 d\u2019apporter un autre regard, d\u2019ouvrir des r\u00e9flexions, parfois m\u00eame de questionner certaines pratiques. Nous ne sommes pas l\u00e0 pour critiquer le syst\u00e8me de soins, mais pour contribuer \u00e0 son am\u00e9lioration dans une logique de co-construction. D\u2019un point de vue plus personnel, ce r\u00f4le me permet de m\u2019investir dans un domaine qui fait \u00e9cho \u00e0 mon histoire. C\u2019est une mani\u00e8re de poursuivre mon chemin de r\u00e9silience, de me sentir utile, et c\u2019est profond\u00e9ment r\u00e9parateur. C\u2019est transformer une \u00e9preuve en engagement.\u00a0\u00bb<\/span><\/i><\/p>\n<p>[\/et_pb_text][\/et_pb_column][et_pb_column type=\u00a0\u00bb2_3&Prime; module_class=\u00a0\u00bbta-col-droite\u00a0\u00bb _builder_version=\u00a0\u00bb4.27.4&Prime; _module_preset=\u00a0\u00bbdefault\u00a0\u00bb global_colors_info=\u00a0\u00bb{}\u00a0\u00bb][et_pb_text _builder_version=\u00a0\u00bb4.27.4&Prime; _module_preset=\u00a0\u00bb492c47f5-776e-4290-9dc9-83379a8dc126&Prime; custom_margin=\u00a0\u00bb0px||||false|false\u00a0\u00bb custom_margin_tablet=\u00a0\u00bb0px||15px||false|false\u00a0\u00bb custom_margin_phone=\u00a0\u00bb0px||||false|false\u00a0\u00bb custom_margin_last_edited=\u00a0\u00bbon|desktop\u00a0\u00bb global_colors_info=\u00a0\u00bb{}\u00a0\u00bb]<\/p>\n<p>C\u2019EST QUOI UN PATIENT PARTENAIRE ?<\/p>\n<p>[\/et_pb_text][et_pb_text _builder_version=\u00a0\u00bb4.27.4&Prime; _module_preset=\u00a0\u00bbd6f57796-6fc7-4376-8cad-9f96836f9966&Prime; custom_margin=\u00a0\u00bb||30px||false|false\u00a0\u00bb custom_margin_tablet=\u00a0\u00bb|15px|20px||false|false\u00a0\u00bb custom_margin_phone=\u00a0\u00bb|0px|20px||false|false\u00a0\u00bb global_colors_info=\u00a0\u00bb{}\u00a0\u00bb]<span class=\"sc-big-text-noir\">D\u00e9velopp\u00e9 \u00e0 partir des ann\u00e9es 2000, le concept de \u00ab\u00a0partenariat patient\u00a0\u00bb repose sur le partage de savoirs compl\u00e9mentaires : l\u2019expertise du soignant concernant la maladie s\u2019associe au savoir exp\u00e9rientiel du patient qui vit avec la maladie.<\/span><br \/>\n<br \/>\nDans la notion de \u00ab patient partenaire \u00bb, on passe de la \u00ab collaboration \u00bb \u00e0 la \u00ab coop\u00e9ration \u00bb du patient avec les professionnels de sant\u00e9 : le patient partenaire est un patient qui apprend au fil du temps \u00e0 conna\u00eetre sa maladie et \u00e0 vivre avec. Il partage ses exp\u00e9riences de la vie avec la maladie, ses aspirations et ses priorit\u00e9s avec les professionnels pour orienter le traitement en fonction de son projet de vie.[\/et_pb_text][et_pb_divider color=\u00a0\u00bb#c15fb4&Prime; _builder_version=\u00a0\u00bb4.27.4&Prime; _module_preset=\u00a0\u00bbdefault\u00a0\u00bb custom_margin=\u00a0\u00bb||10px||false|false\u00a0\u00bb custom_margin_tablet=\u00a0\u00bb||0px||false|false\u00a0\u00bb custom_margin_phone=\u00a0\u00bb||0px||false|false\u00a0\u00bb custom_margin_last_edited=\u00a0\u00bbon|phone\u00a0\u00bb custom_padding=\u00a0\u00bb||||false|false\u00a0\u00bb global_colors_info=\u00a0\u00bb{}\u00a0\u00bb][\/et_pb_divider][et_pb_text _builder_version=\u00a0\u00bb4.27.4&Prime; _module_preset=\u00a0\u00bb492c47f5-776e-4290-9dc9-83379a8dc126&Prime; custom_margin=\u00a0\u00bb0px||||false|false\u00a0\u00bb custom_margin_tablet=\u00a0\u00bb0px||15px||false|false\u00a0\u00bb custom_margin_phone=\u00a0\u00bb0px||||false|false\u00a0\u00bb custom_margin_last_edited=\u00a0\u00bbon|desktop\u00a0\u00bb global_colors_info=\u00a0\u00bb{}\u00a0\u00bb]<\/p>\n<p>POURQUOI INT\u00c9GRER DES PATIENTS AU CFB\u00a0?<\/p>\n<p>[\/et_pb_text][et_pb_text _builder_version=\u00a0\u00bb4.27.4&Prime; _module_preset=\u00a0\u00bbd6f57796-6fc7-4376-8cad-9f96836f9966&Prime; global_colors_info=\u00a0\u00bb{}\u00a0\u00bb]<span class=\"sc-big-text-noir\">L\u2019int\u00e9gration des patients au sein de l\u2019institution est l\u2019un des grands axes de notre projet d\u2019\u00e9tablissement. Nous avons besoin de leur collaboration active\u00a0: qu\u2019ils partagent leur exp\u00e9rience au Centre, leur v\u00e9cu de la maladie, leurs ressentis.<\/span><br \/>\n<br \/>\nCela permettra \u00e0 nos \u00e9quipes de mieux comprendre ce qu\u2019ils traversent durant leur traitement et de faire \u00e9voluer les parcours de soin en ad\u00e9quation avec leurs besoins r\u00e9els. En ce sens, nous aspirons \u00e0 ce que le patient devienne un membre \u00e0 part enti\u00e8re, un partenaire de nos \u00e9quipes de soins.[\/et_pb_text][et_pb_divider color=\u00a0\u00bb#c15fb4&Prime; _builder_version=\u00a0\u00bb4.27.4&Prime; _module_preset=\u00a0\u00bbdefault\u00a0\u00bb custom_margin=\u00a0\u00bb||10px||false|false\u00a0\u00bb custom_margin_tablet=\u00a0\u00bb||0px||false|false\u00a0\u00bb custom_margin_phone=\u00a0\u00bb||0px||false|false\u00a0\u00bb custom_margin_last_edited=\u00a0\u00bbon|phone\u00a0\u00bb custom_padding=\u00a0\u00bb||||false|false\u00a0\u00bb global_colors_info=\u00a0\u00bb{}\u00a0\u00bb][\/et_pb_divider][et_pb_text _builder_version=\u00a0\u00bb4.27.4&Prime; _module_preset=\u00a0\u00bb492c47f5-776e-4290-9dc9-83379a8dc126&Prime; custom_margin=\u00a0\u00bb0px||||false|false\u00a0\u00bb custom_margin_tablet=\u00a0\u00bb0px||15px||false|false\u00a0\u00bb custom_margin_phone=\u00a0\u00bb0px||||false|false\u00a0\u00bb custom_margin_last_edited=\u00a0\u00bbon|desktop\u00a0\u00bb global_colors_info=\u00a0\u00bb{}\u00a0\u00bb]<\/p>\n<p>COMMENT DEVENIR PATIENT PARTENAIRE AU CFB\u00a0?<\/p>\n<p>[\/et_pb_text][et_pb_text _builder_version=\u00a0\u00bb4.27.4&Prime; _module_preset=\u00a0\u00bbd6f57796-6fc7-4376-8cad-9f96836f9966&Prime; custom_margin=\u00a0\u00bb||15px||false|false\u00a0\u00bb global_colors_info=\u00a0\u00bb{}\u00a0\u00bb]Durant votre parcours de soin, peut-\u00eatre avez-vous remarqu\u00e9 des axes d\u2019am\u00e9lioration pour votre prise en charge.<\/p>\n<p>Vous avez envie d\u2019exprimer vos id\u00e9es, vos r\u00e9flexions, de partager votre exp\u00e9rience pour contribuer \u00e0 l\u2019am\u00e9lioration de la qualit\u00e9 des soins.<\/p>\n<p>Vivre au quotidien avec la maladie vous a permis d\u2019acqu\u00e9rir des savoirs tir\u00e9s de votre exp\u00e9rience. Ces \u00ab savoirs exp\u00e9rientiels \u00bb concernent la pathologie elle-m\u00eame, vous la connaissez bien, vous avez compris votre parcours de soins et votre traitement. Vous avez trouv\u00e9 une organisation dans votre quotidien avec la maladie.<\/p>\n<p>Vous vous sentez apte \u00e0 informer et communiquer sur la maladie, le traitement et les contraintes qui peuvent en d\u00e9couler.<\/p>\n<p>Le partage d\u2019exp\u00e9rience, la formation, la participation \u00e0 la vie d\u2019un \u00e9tablissement de soins et \u00e0 l\u2019\u00e9volution de ses parcours de soins vous int\u00e9ressent. Vous \u00eates pr\u00eats \u00e0 vous engager b\u00e9n\u00e9volement.<\/p>\n<p><span class=\"sc-highlight-noir\">Si ce projet vous int\u00e9resse et que vous souhaitez avoir plus d\u2019informations, contactez notre Case Manager par email :<\/span>[\/et_pb_text][et_pb_button button_url=\u00a0\u00bbmailto:case.manager@baclesse.lu\u00a0\u00bb button_text=\u00a0\u00bbcase.manager@baclesse.lu\u00a0\u00bb _builder_version=\u00a0\u00bb4.27.4&Prime; _module_preset=\u00a0\u00bb3f6b84a1-415e-46f4-9eaa-ecd67f3d2f88&Prime; global_colors_info=\u00a0\u00bb{}\u00a0\u00bb][\/et_pb_button][\/et_pb_column][\/et_pb_row][\/et_pb_section]<\/p>\n","protected":false},"excerpt":{"rendered":"<p>Patient partenaireNadia MARTIN1\u00e8re Patiente Partenaire au Centre Fran\u00e7ois Baclesse\u00ab\u00a0En tant que patients partenaires, nous avons la capacit\u00e9 d\u2019apporter un autre regard, d\u2019ouvrir des r\u00e9flexions, parfois m\u00eame de questionner certaines pratiques. Nous ne sommes pas l\u00e0 pour critiquer le syst\u00e8me de soins, mais pour contribuer \u00e0 son am\u00e9lioration dans une logique de co-construction. D\u2019un point de [&hellip;]<\/p>\n","protected":false},"author":1,"featured_media":0,"parent":0,"menu_order":0,"comment_status":"closed","ping_status":"closed","template":"","meta":{"_acf_changed":false,"_et_pb_use_builder":"on","_et_pb_old_content":"","_et_gb_content_width":"","_monsterinsights_skip_tracking":false,"_monsterinsights_sitenote_active":false,"_monsterinsights_sitenote_note":"","_monsterinsights_sitenote_category":0,"footnotes":""},"class_list":["post-728","page","type-page","status-publish","hentry"],"acf":[],"yoast_head":"<!-- This site is optimized with the Yoast SEO plugin v27.2 - https:\/\/yoast.com\/product\/yoast-seo-wordpress\/ -->\n<title>Patient partenaire - Centre Fran\u00e7ois Baclesse<\/title>\n<meta name=\"robots\" content=\"index, follow, max-snippet:-1, max-image-preview:large, max-video-preview:-1\" \/>\n<link rel=\"canonical\" href=\"https:\/\/www.baclesse.lu\/en\/patient-partenaire\/\" \/>\n<meta property=\"og:locale\" content=\"en_GB\" \/>\n<meta property=\"og:type\" content=\"article\" \/>\n<meta property=\"og:title\" content=\"Patient partenaire - Centre Fran\u00e7ois Baclesse\" \/>\n<meta property=\"og:description\" content=\"Patient partenaireNadia MARTIN1\u00e8re Patiente Partenaire au Centre Fran\u00e7ois Baclesse\u00ab\u00a0En tant que patients partenaires, nous avons la capacit\u00e9 d\u2019apporter un autre regard, d\u2019ouvrir des r\u00e9flexions, parfois m\u00eame de questionner certaines pratiques. Nous ne sommes pas l\u00e0 pour critiquer le syst\u00e8me de soins, mais pour contribuer \u00e0 son am\u00e9lioration dans une logique de co-construction. D\u2019un point de [&hellip;]\" \/>\n<meta property=\"og:url\" content=\"https:\/\/www.baclesse.lu\/en\/patient-partenaire\/\" \/>\n<meta property=\"og:site_name\" content=\"Centre Fran\u00e7ois Baclesse\" \/>\n<meta property=\"article:modified_time\" content=\"2025-11-21T17:02:54+00:00\" \/>\n<meta name=\"twitter:card\" content=\"summary_large_image\" \/>\n<script type=\"application\/ld+json\" class=\"yoast-schema-graph\">{\"@context\":\"https:\/\/schema.org\",\"@graph\":[{\"@type\":\"WebPage\",\"@id\":\"https:\/\/www.baclesse.lu\/patient-partenaire\/\",\"url\":\"https:\/\/www.baclesse.lu\/patient-partenaire\/\",\"name\":\"Patient partenaire - Centre Fran\u00e7ois Baclesse\",\"isPartOf\":{\"@id\":\"https:\/\/www.baclesse.lu\/#website\"},\"datePublished\":\"2025-08-14T14:58:54+00:00\",\"dateModified\":\"2025-11-21T17:02:54+00:00\",\"breadcrumb\":{\"@id\":\"https:\/\/www.baclesse.lu\/patient-partenaire\/#breadcrumb\"},\"inLanguage\":\"en-GB\",\"potentialAction\":[{\"@type\":\"ReadAction\",\"target\":[\"https:\/\/www.baclesse.lu\/patient-partenaire\/\"]}]},{\"@type\":\"BreadcrumbList\",\"@id\":\"https:\/\/www.baclesse.lu\/patient-partenaire\/#breadcrumb\",\"itemListElement\":[{\"@type\":\"ListItem\",\"position\":1,\"name\":\"Accueil\",\"item\":\"https:\/\/www.baclesse.lu\/\"},{\"@type\":\"ListItem\",\"position\":2,\"name\":\"Patient partenaire\"}]},{\"@type\":\"WebSite\",\"@id\":\"https:\/\/www.baclesse.lu\/#website\",\"url\":\"https:\/\/www.baclesse.lu\/\",\"name\":\"Centre Fran\u00e7ois Baclesse\",\"description\":\"Centre National de Radioth\u00e9rapie\",\"potentialAction\":[{\"@type\":\"SearchAction\",\"target\":{\"@type\":\"EntryPoint\",\"urlTemplate\":\"https:\/\/www.baclesse.lu\/?s={search_term_string}\"},\"query-input\":{\"@type\":\"PropertyValueSpecification\",\"valueRequired\":true,\"valueName\":\"search_term_string\"}}],\"inLanguage\":\"en-GB\"}]}<\/script>\n<!-- \/ Yoast SEO plugin. -->","yoast_head_json":{"title":"Patient partenaire - Centre Fran\u00e7ois Baclesse","robots":{"index":"index","follow":"follow","max-snippet":"max-snippet:-1","max-image-preview":"max-image-preview:large","max-video-preview":"max-video-preview:-1"},"canonical":"https:\/\/www.baclesse.lu\/en\/patient-partenaire\/","og_locale":"en_GB","og_type":"article","og_title":"Patient partenaire - Centre Fran\u00e7ois Baclesse","og_description":"Patient partenaireNadia MARTIN1\u00e8re Patiente Partenaire au Centre Fran\u00e7ois Baclesse\u00ab\u00a0En tant que patients partenaires, nous avons la capacit\u00e9 d\u2019apporter un autre regard, d\u2019ouvrir des r\u00e9flexions, parfois m\u00eame de questionner certaines pratiques. Nous ne sommes pas l\u00e0 pour critiquer le syst\u00e8me de soins, mais pour contribuer \u00e0 son am\u00e9lioration dans une logique de co-construction. D\u2019un point de [&hellip;]","og_url":"https:\/\/www.baclesse.lu\/en\/patient-partenaire\/","og_site_name":"Centre Fran\u00e7ois Baclesse","article_modified_time":"2025-11-21T17:02:54+00:00","twitter_card":"summary_large_image","schema":{"@context":"https:\/\/schema.org","@graph":[{"@type":"WebPage","@id":"https:\/\/www.baclesse.lu\/patient-partenaire\/","url":"https:\/\/www.baclesse.lu\/patient-partenaire\/","name":"Patient partenaire - Centre Fran\u00e7ois Baclesse","isPartOf":{"@id":"https:\/\/www.baclesse.lu\/#website"},"datePublished":"2025-08-14T14:58:54+00:00","dateModified":"2025-11-21T17:02:54+00:00","breadcrumb":{"@id":"https:\/\/www.baclesse.lu\/patient-partenaire\/#breadcrumb"},"inLanguage":"en-GB","potentialAction":[{"@type":"ReadAction","target":["https:\/\/www.baclesse.lu\/patient-partenaire\/"]}]},{"@type":"BreadcrumbList","@id":"https:\/\/www.baclesse.lu\/patient-partenaire\/#breadcrumb","itemListElement":[{"@type":"ListItem","position":1,"name":"Accueil","item":"https:\/\/www.baclesse.lu\/"},{"@type":"ListItem","position":2,"name":"Patient partenaire"}]},{"@type":"WebSite","@id":"https:\/\/www.baclesse.lu\/#website","url":"https:\/\/www.baclesse.lu\/","name":"Fran\u00e7ois Baclesse Center","description":"Centre National de Radioth\u00e9rapie","potentialAction":[{"@type":"SearchAction","target":{"@type":"EntryPoint","urlTemplate":"https:\/\/www.baclesse.lu\/?s={search_term_string}"},"query-input":{"@type":"PropertyValueSpecification","valueRequired":true,"valueName":"search_term_string"}}],"inLanguage":"en-GB"}]}},"_links":{"self":[{"href":"https:\/\/www.baclesse.lu\/en\/wp-json\/wp\/v2\/pages\/728","targetHints":{"allow":["GET"]}}],"collection":[{"href":"https:\/\/www.baclesse.lu\/en\/wp-json\/wp\/v2\/pages"}],"about":[{"href":"https:\/\/www.baclesse.lu\/en\/wp-json\/wp\/v2\/types\/page"}],"author":[{"embeddable":true,"href":"https:\/\/www.baclesse.lu\/en\/wp-json\/wp\/v2\/users\/1"}],"replies":[{"embeddable":true,"href":"https:\/\/www.baclesse.lu\/en\/wp-json\/wp\/v2\/comments?post=728"}],"version-history":[{"count":30,"href":"https:\/\/www.baclesse.lu\/en\/wp-json\/wp\/v2\/pages\/728\/revisions"}],"predecessor-version":[{"id":3509,"href":"https:\/\/www.baclesse.lu\/en\/wp-json\/wp\/v2\/pages\/728\/revisions\/3509"}],"wp:attachment":[{"href":"https:\/\/www.baclesse.lu\/en\/wp-json\/wp\/v2\/media?parent=728"}],"curies":[{"name":"wp","href":"https:\/\/api.w.org\/{rel}","templated":true}]}}