{"id":2058,"date":"2025-10-07T19:56:43","date_gmt":"2025-10-07T19:56:43","guid":{"rendered":"https:\/\/site-cfb:8890\/?page_id=2058"},"modified":"2025-11-17T19:07:22","modified_gmt":"2025-11-17T19:07:22","slug":"mediatheque-presse","status":"publish","type":"page","link":"https:\/\/www.baclesse.lu\/en\/mediatheque-presse\/","title":{"rendered":"M\u00e9diath\u00e8que &amp; presse"},"content":{"rendered":"<p>[et_pb_section fb_built=\u00a0\u00bb1&Prime; fullwidth=\u00a0\u00bbon\u00a0\u00bb module_class=\u00a0\u00bbmed-hero\u00a0\u00bb _builder_version=\u00a0\u00bb4.27.4&Prime; _module_preset=\u00a0\u00bbdefault\u00a0\u00bb global_colors_info=\u00a0\u00bb{}\u00a0\u00bb][et_pb_fullwidth_header title=\u00a0\u00bbM\u00e9diath\u00e8que et presse\u00a0\u00bb subhead=\u00a0\u00bbRetrouvez ici toute la documentation du Centre Fran\u00e7ois Baclesse.\u00a0\u00bb _builder_version=\u00a0\u00bb4.27.4&Prime; _module_preset=\u00a0\u00bbdefault\u00a0\u00bb title_font=\u00a0\u00bb&#8211;et_global_body_font|700|||||||\u00a0\u00bb title_font_size=\u00a0\u00bb40px\u00a0\u00bb title_letter_spacing=\u00a0\u00bb1px\u00a0\u00bb subhead_font=\u00a0\u00bb&#8211;et_global_body_font||||||||\u00a0\u00bb subhead_font_size=\u00a0\u00bb19px\u00a0\u00bb background_color=\u00a0\u00bb#7934ff\u00a0\u00bb title_font_size_tablet=\u00a0\u00bb30px\u00a0\u00bb title_font_size_phone=\u00a0\u00bb30px\u00a0\u00bb title_font_size_last_edited=\u00a0\u00bbon|tablet\u00a0\u00bb subhead_font_size_tablet=\u00a0\u00bb15px\u00a0\u00bb subhead_font_size_phone=\u00a0\u00bb14px\u00a0\u00bb subhead_font_size_last_edited=\u00a0\u00bbon|phone\u00a0\u00bb subhead_line_height_tablet=\u00a0\u00bb0.9em\u00a0\u00bb subhead_line_height_phone=\u00a0\u00bb1.3em\u00a0\u00bb subhead_line_height_last_edited=\u00a0\u00bbon|tablet\u00a0\u00bb global_colors_info=\u00a0\u00bb{}\u00a0\u00bb][\/et_pb_fullwidth_header][\/et_pb_section][et_pb_section fb_built=\u00a0\u00bb1&Prime; module_id=\u00a0\u00bbpage-mediatheque\u00a0\u00bb _builder_version=\u00a0\u00bb4.27.4&Prime; _module_preset=\u00a0\u00bbdefault\u00a0\u00bb global_colors_info=\u00a0\u00bb{}\u00a0\u00bb][et_pb_row column_structure=\u00a0\u00bb1_3,2_3&Prime; _builder_version=\u00a0\u00bb4.27.4&Prime; _module_preset=\u00a0\u00bbdefault\u00a0\u00bb max_width=\u00a0\u00bb1300px\u00a0\u00bb max_width_tablet=\u00a0\u00bb1300px\u00a0\u00bb max_width_phone=\u00a0\u00bb1300px\u00a0\u00bb max_width_last_edited=\u00a0\u00bbon|desktop\u00a0\u00bb global_colors_info=\u00a0\u00bb{}\u00a0\u00bb][et_pb_column type=\u00a0\u00bb1_3&Prime; _builder_version=\u00a0\u00bb4.27.4&Prime; _module_preset=\u00a0\u00bbdefault\u00a0\u00bb global_colors_info=\u00a0\u00bb{}\u00a0\u00bb][et_pb_code _builder_version=\u00a0\u00bb4.27.4&Prime; _module_preset=\u00a0\u00bbdefault\u00a0\u00bb global_colors_info=\u00a0\u00bb{}\u00a0\u00bb]<\/p>\n<div class=\"docs-filters\"><!-- [et_pb_line_break_holder] -->  <button class=\"btn-pill is-active\" data-target=\"#bloc-communiques\">Communiqu\u00e9s de presse<\/button><!-- [et_pb_line_break_holder] -->  <button class=\"btn-pill\" data-target=\"#bloc-bilans\">Bilans d\u2019activit\u00e9s<\/button><!-- [et_pb_line_break_holder] -->  <button class=\"btn-pill\" data-target=\"#bloc-projets\">Projet d\u2019\u00e9tablissement<\/button><!-- [et_pb_line_break_holder] --><\/div>\n<p>[\/et_pb_code][et_pb_code _builder_version=\u00a0\u00bb4.27.4&Prime; _module_preset=\u00a0\u00bbdefault\u00a0\u00bb global_colors_info=\u00a0\u00bb{}\u00a0\u00bb]<script><!-- [et_pb_line_break_holder] -->document.addEventListener('DOMContentLoaded', function(){<!-- [et_pb_line_break_holder] -->  const btns = document.querySelectorAll('.docs-filters .btn-pill');<!-- [et_pb_line_break_holder] -->  const blocks = document.querySelectorAll('.docs-list-block');<!-- [et_pb_line_break_holder] --><!-- [et_pb_line_break_holder] -->  function show(targetSelector){<!-- [et_pb_line_break_holder] -->    \/\/ boutons actifs<!-- [et_pb_line_break_holder] -->    btns.forEach(b => b.classList.remove('is-active'));<!-- [et_pb_line_break_holder] -->    const currentBtn = [...btns].find(b => b.dataset.target === targetSelector);<!-- [et_pb_line_break_holder] -->    if (currentBtn) currentBtn.classList.add('is-active');<!-- [et_pb_line_break_holder] --><!-- [et_pb_line_break_holder] -->    \/\/ affichage des listes<!-- [et_pb_line_break_holder] -->    blocks.forEach(bloc => bloc.classList.remove('is-visible'));<!-- [et_pb_line_break_holder] -->    const target = document.querySelector(targetSelector);<!-- [et_pb_line_break_holder] -->    if (target) target.classList.add('is-visible');<!-- [et_pb_line_break_holder] -->  }<!-- [et_pb_line_break_holder] --><!-- [et_pb_line_break_holder] -->  \/\/ clic sur un bouton<!-- [et_pb_line_break_holder] -->  btns.forEach(b=>{<!-- [et_pb_line_break_holder] -->    b.addEventListener('click', ()=>{<!-- [et_pb_line_break_holder] -->      const target = b.getAttribute('data-target');<!-- [et_pb_line_break_holder] -->      show(target);<!-- [et_pb_line_break_holder] -->      \/\/ ancre partageable (ex: #bloc-bilans)<!-- [et_pb_line_break_holder] -->      history.replaceState(null,'', target);<!-- [et_pb_line_break_holder] -->    });<!-- [et_pb_line_break_holder] -->  });<!-- [et_pb_line_break_holder] --><!-- [et_pb_line_break_holder] -->  \/\/ si une ancre est pr\u00e9sente \u00e0 l'arriv\u00e9e (#bloc-xxx), on la respecte<!-- [et_pb_line_break_holder] -->  if (location.hash && document.querySelector(location.hash)) {<!-- [et_pb_line_break_holder] -->    show(location.hash);<!-- [et_pb_line_break_holder] -->  } else {<!-- [et_pb_line_break_holder] -->    \/\/ sinon, on force Communiqu\u00e9s visible (au cas o\u00f9 Divi aurait masqu\u00e9)<!-- [et_pb_line_break_holder] -->    show('#bloc-communiques');<!-- [et_pb_line_break_holder] -->  }<!-- [et_pb_line_break_holder] -->});<!-- [et_pb_line_break_holder] --><\/script>[\/et_pb_code][et_pb_text disabled_on=\u00a0\u00bbon|on|off\u00a0\u00bb _builder_version=\u00a0\u00bb4.27.4&Prime; _module_preset=\u00a0\u00bbdefault\u00a0\u00bb custom_margin=\u00a0\u00bb100px||10px||false|false\u00a0\u00bb custom_margin_tablet=\u00a0\u00bb70px||10px||false|false\u00a0\u00bb custom_margin_phone=\u00a0\u00bb70px||10px||false|false\u00a0\u00bb custom_margin_last_edited=\u00a0\u00bbon|tablet\u00a0\u00bb global_colors_info=\u00a0\u00bb{}\u00a0\u00bb]<\/p>\n<p><span class=\"sc-big-text-noir\">Contact utile<\/span><\/p>\n<p>[\/et_pb_text][et_pb_text disabled_on=\u00a0\u00bbon|on|off\u00a0\u00bb _builder_version=\u00a0\u00bb4.27.4&Prime; _module_preset=\u00a0\u00bbd6f57796-6fc7-4376-8cad-9f96836f9966&Prime; custom_margin=\u00a0\u00bb|50px|10px||false|false\u00a0\u00bb global_colors_info=\u00a0\u00bb{}\u00a0\u00bb]<\/p>\n<p>Notre service communication est \u00e0 votre disposition pour tout renseignement compl\u00e9mentaire ou mise en relation avec nos experts.<\/p>\n<p>[\/et_pb_text][et_pb_text disabled_on=\u00a0\u00bbon|on|off\u00a0\u00bb _builder_version=\u00a0\u00bb4.27.4&Prime; _module_preset=\u00a0\u00bbd6f57796-6fc7-4376-8cad-9f96836f9966&Prime; custom_margin=\u00a0\u00bb|50px|10px||false|false\u00a0\u00bb global_colors_info=\u00a0\u00bb{}\u00a0\u00bb]<\/p>\n<p><span class=\"sc-highlight-noir\">Laura STAR<\/span><br \/>Charg\u00e9e de Communication<\/p>\n<p>[\/et_pb_text][et_pb_button button_url=\u00a0\u00bbmailto:laura.star@baclesse.lu\u00a0\u00bb button_text=\u00a0\u00bblaura.star@baclesse.lu\u00a0\u00bb disabled_on=\u00a0\u00bbon|on|off\u00a0\u00bb _builder_version=\u00a0\u00bb4.27.4&Prime; _module_preset=\u00a0\u00bbdefault\u00a0\u00bb button_bg_color=\u00a0\u00bb#7934ff\u00a0\u00bb custom_margin=\u00a0\u00bb||10px||false|false\u00a0\u00bb global_colors_info=\u00a0\u00bb{}\u00a0\u00bb][\/et_pb_button][et_pb_button button_url=\u00a0\u00bbtel:+352571167402&Prime; button_text=\u00a0\u00bb+ 352 5711 67 402&Prime; disabled_on=\u00a0\u00bbon|on|off\u00a0\u00bb _builder_version=\u00a0\u00bb4.27.4&Prime; _module_preset=\u00a0\u00bbdefault\u00a0\u00bb button_bg_color=\u00a0\u00bb#7934ff\u00a0\u00bb global_colors_info=\u00a0\u00bb{}\u00a0\u00bb][\/et_pb_button][\/et_pb_column][et_pb_column type=\u00a0\u00bb2_3&Prime; _builder_version=\u00a0\u00bb4.27.4&Prime; _module_preset=\u00a0\u00bbdefault\u00a0\u00bb global_colors_info=\u00a0\u00bb{}\u00a0\u00bb][et_pb_blog posts_number=\u00a0\u00bb30&Prime; include_categories=\u00a0\u00bb32&Prime; show_thumbnail=\u00a0\u00bboff\u00a0\u00bb show_author=\u00a0\u00bboff\u00a0\u00bb show_date=\u00a0\u00bboff\u00a0\u00bb show_categories=\u00a0\u00bboff\u00a0\u00bb show_excerpt=\u00a0\u00bboff\u00a0\u00bb show_pagination=\u00a0\u00bboff\u00a0\u00bb module_id=\u00a0\u00bbbloc-communiques\u00a0\u00bb module_class=\u00a0\u00bbdocs-list-block is-visible\u00a0\u00bb _builder_version=\u00a0\u00bb4.27.4&Prime; _module_preset=\u00a0\u00bbdefault\u00a0\u00bb custom_margin=\u00a0\u00bb||||false|false\u00a0\u00bb custom_margin_tablet=\u00a0\u00bb||||false|false\u00a0\u00bb custom_margin_phone=\u00a0\u00bb0px||||false|false\u00a0\u00bb custom_margin_last_edited=\u00a0\u00bbon|desktop\u00a0\u00bb global_colors_info=\u00a0\u00bb{}\u00a0\u00bb][\/et_pb_blog][et_pb_blog include_categories=\u00a0\u00bb33&Prime; show_thumbnail=\u00a0\u00bboff\u00a0\u00bb show_author=\u00a0\u00bboff\u00a0\u00bb show_date=\u00a0\u00bboff\u00a0\u00bb show_categories=\u00a0\u00bboff\u00a0\u00bb show_excerpt=\u00a0\u00bboff\u00a0\u00bb show_pagination=\u00a0\u00bboff\u00a0\u00bb module_id=\u00a0\u00bbbloc-bilans\u00a0\u00bb module_class=\u00a0\u00bbdocs-list-block\u00a0\u00bb _builder_version=\u00a0\u00bb4.27.4&Prime; _module_preset=\u00a0\u00bbdefault\u00a0\u00bb global_colors_info=\u00a0\u00bb{}\u00a0\u00bb][\/et_pb_blog][et_pb_blog posts_number=\u00a0\u00bb30&Prime; include_categories=\u00a0\u00bb34&Prime; show_thumbnail=\u00a0\u00bboff\u00a0\u00bb show_author=\u00a0\u00bboff\u00a0\u00bb show_date=\u00a0\u00bboff\u00a0\u00bb show_categories=\u00a0\u00bboff\u00a0\u00bb show_excerpt=\u00a0\u00bboff\u00a0\u00bb show_pagination=\u00a0\u00bboff\u00a0\u00bb module_id=\u00a0\u00bbbloc-projets\u00a0\u00bb module_class=\u00a0\u00bbdocs-list-block\u00a0\u00bb _builder_version=\u00a0\u00bb4.27.4&Prime; _module_preset=\u00a0\u00bbdefault\u00a0\u00bb global_colors_info=\u00a0\u00bb{}\u00a0\u00bb][\/et_pb_blog][et_pb_text disabled_on=\u00a0\u00bboff|off|on\u00a0\u00bb _builder_version=\u00a0\u00bb4.27.4&Prime; _module_preset=\u00a0\u00bbdefault\u00a0\u00bb text_orientation=\u00a0\u00bbcenter\u00a0\u00bb custom_margin=\u00a0\u00bb100px||10px||false|false\u00a0\u00bb custom_margin_tablet=\u00a0\u00bb70px||10px||false|false\u00a0\u00bb custom_margin_phone=\u00a0\u00bb70px||10px||false|false\u00a0\u00bb custom_margin_last_edited=\u00a0\u00bbon|tablet\u00a0\u00bb global_colors_info=\u00a0\u00bb{}\u00a0\u00bb]<\/p>\n<p><span class=\"sc-big-text-noir\">Contact utile<\/span><\/p>\n<p>[\/et_pb_text][et_pb_text disabled_on=\u00a0\u00bboff|off|on\u00a0\u00bb _builder_version=\u00a0\u00bb4.27.4&Prime; _module_preset=\u00a0\u00bbd6f57796-6fc7-4376-8cad-9f96836f9966&Prime; text_orientation=\u00a0\u00bbcenter\u00a0\u00bb custom_margin=\u00a0\u00bb|50px|10px||false|false\u00a0\u00bb custom_margin_tablet=\u00a0\u00bb|0px|||false|false\u00a0\u00bb custom_margin_phone=\u00a0\u00bb\u00a0\u00bb custom_margin_last_edited=\u00a0\u00bbon|tablet\u00a0\u00bb global_colors_info=\u00a0\u00bb{}\u00a0\u00bb]<\/p>\n<p>Notre service communication est \u00e0 votre disposition pour tout renseignement compl\u00e9mentaire ou mise en relation avec nos experts.<\/p>\n<p>[\/et_pb_text][et_pb_text disabled_on=\u00a0\u00bboff|off|on\u00a0\u00bb _builder_version=\u00a0\u00bb4.27.4&Prime; _module_preset=\u00a0\u00bbd6f57796-6fc7-4376-8cad-9f96836f9966&Prime; text_orientation=\u00a0\u00bbcenter\u00a0\u00bb custom_margin=\u00a0\u00bb|50px|10px||false|false\u00a0\u00bb custom_margin_tablet=\u00a0\u00bb|0px|||false|false\u00a0\u00bb global_colors_info=\u00a0\u00bb{}\u00a0\u00bb]<\/p>\n<p><span class=\"sc-highlight-noir\">Laura STAR<\/span><br \/>Charg\u00e9e de Communication<\/p>\n<p>[\/et_pb_text][et_pb_button button_url=\u00a0\u00bbmailto:laura.star@baclesse.lu\u00a0\u00bb button_text=\u00a0\u00bblaura.star@baclesse.lu\u00a0\u00bb button_alignment=\u00a0\u00bbcenter\u00a0\u00bb disabled_on=\u00a0\u00bboff|off|on\u00a0\u00bb _builder_version=\u00a0\u00bb4.27.4&Prime; _module_preset=\u00a0\u00bbdefault\u00a0\u00bb button_bg_color=\u00a0\u00bb#7934ff\u00a0\u00bb custom_margin=\u00a0\u00bb||10px||false|false\u00a0\u00bb custom_margin_tablet=\u00a0\u00bb0px||7px||false|false\u00a0\u00bb custom_margin_phone=\u00a0\u00bb0px||5px||false|false\u00a0\u00bb custom_margin_last_edited=\u00a0\u00bbon|phone\u00a0\u00bb global_colors_info=\u00a0\u00bb{}\u00a0\u00bb][\/et_pb_button][et_pb_button button_url=\u00a0\u00bbtel:+352571167402&Prime; button_text=\u00a0\u00bb+ 352 5711 67 402&Prime; button_alignment=\u00a0\u00bbcenter\u00a0\u00bb disabled_on=\u00a0\u00bboff|off|on\u00a0\u00bb _builder_version=\u00a0\u00bb4.27.4&Prime; _module_preset=\u00a0\u00bbdefault\u00a0\u00bb button_bg_color=\u00a0\u00bb#7934ff\u00a0\u00bb custom_margin=\u00a0\u00bb||0px||false|false\u00a0\u00bb global_colors_info=\u00a0\u00bb{}\u00a0\u00bb][\/et_pb_button][et_pb_code _builder_version=\u00a0\u00bb4.27.4&Prime; _module_preset=\u00a0\u00bbdefault\u00a0\u00bb global_colors_info=\u00a0\u00bb{}\u00a0\u00bb]<script><!-- [et_pb_line_break_holder] -->document.addEventListener('click', function(e){<!-- [et_pb_line_break_holder] -->  var a = e.target.closest('.docs-list-block a');<!-- [et_pb_line_break_holder] -->  if (!a) return;<!-- [et_pb_line_break_holder] -->  e.preventDefault();<!-- [et_pb_line_break_holder] -->  var href = a.getAttribute('href');<!-- [et_pb_line_break_holder] -->  if (!href) return;<!-- [et_pb_line_break_holder] -->  var win = window.open(href, '_blank', 'noopener');<!-- [et_pb_line_break_holder] -->  if (win) { win.opener = null; }<!-- [et_pb_line_break_holder] -->}, { capture: true });<!-- [et_pb_line_break_holder] --><\/script>[\/et_pb_code][\/et_pb_column][\/et_pb_row][\/et_pb_section]<\/p>\n","protected":false},"excerpt":{"rendered":"<p>Contact utileNotre service communication est \u00e0 votre disposition pour tout renseignement compl\u00e9mentaire ou mise en relation avec nos experts.Laura STARCharg\u00e9e de CommunicationContact utileNotre service communication est \u00e0 votre disposition pour tout renseignement compl\u00e9mentaire ou mise en relation avec nos experts.Laura STARCharg\u00e9e de Communication<\/p>","protected":false},"author":1,"featured_media":0,"parent":0,"menu_order":0,"comment_status":"closed","ping_status":"closed","template":"","meta":{"_acf_changed":false,"_et_pb_use_builder":"on","_et_pb_old_content":"","_et_gb_content_width":"","_monsterinsights_skip_tracking":false,"_monsterinsights_sitenote_active":false,"_monsterinsights_sitenote_note":"","_monsterinsights_sitenote_category":0,"footnotes":""},"class_list":["post-2058","page","type-page","status-publish","hentry"],"acf":[],"yoast_head":"<!-- This site is optimized with the Yoast SEO plugin v27.2 - https:\/\/yoast.com\/product\/yoast-seo-wordpress\/ -->\n<title>M\u00e9diath\u00e8que &amp; presse - Centre Fran\u00e7ois Baclesse<\/title>\n<meta name=\"robots\" content=\"index, follow, max-snippet:-1, max-image-preview:large, max-video-preview:-1\" \/>\n<link rel=\"canonical\" href=\"https:\/\/www.baclesse.lu\/en\/mediatheque-presse\/\" \/>\n<meta property=\"og:locale\" content=\"en_GB\" \/>\n<meta property=\"og:type\" content=\"article\" \/>\n<meta property=\"og:title\" content=\"M\u00e9diath\u00e8que &amp; presse - Centre Fran\u00e7ois Baclesse\" \/>\n<meta property=\"og:description\" content=\"Contact utileNotre service communication est \u00e0 votre disposition pour tout renseignement compl\u00e9mentaire ou mise en relation avec nos experts.Laura STARCharg\u00e9e de CommunicationContact utileNotre service communication est \u00e0 votre disposition pour tout renseignement compl\u00e9mentaire ou mise en relation avec nos experts.Laura STARCharg\u00e9e de Communication\" \/>\n<meta property=\"og:url\" content=\"https:\/\/www.baclesse.lu\/en\/mediatheque-presse\/\" \/>\n<meta property=\"og:site_name\" content=\"Centre Fran\u00e7ois Baclesse\" \/>\n<meta property=\"article:modified_time\" content=\"2025-11-17T19:07:22+00:00\" \/>\n<meta name=\"twitter:card\" content=\"summary_large_image\" \/>\n<script type=\"application\/ld+json\" class=\"yoast-schema-graph\">{\"@context\":\"https:\/\/schema.org\",\"@graph\":[{\"@type\":\"WebPage\",\"@id\":\"https:\/\/www.baclesse.lu\/mediatheque-presse\/\",\"url\":\"https:\/\/www.baclesse.lu\/mediatheque-presse\/\",\"name\":\"M\u00e9diath\u00e8que &amp; presse - Centre Fran\u00e7ois Baclesse\",\"isPartOf\":{\"@id\":\"https:\/\/www.baclesse.lu\/#website\"},\"datePublished\":\"2025-10-07T19:56:43+00:00\",\"dateModified\":\"2025-11-17T19:07:22+00:00\",\"breadcrumb\":{\"@id\":\"https:\/\/www.baclesse.lu\/mediatheque-presse\/#breadcrumb\"},\"inLanguage\":\"en-GB\",\"potentialAction\":[{\"@type\":\"ReadAction\",\"target\":[\"https:\/\/www.baclesse.lu\/mediatheque-presse\/\"]}]},{\"@type\":\"BreadcrumbList\",\"@id\":\"https:\/\/www.baclesse.lu\/mediatheque-presse\/#breadcrumb\",\"itemListElement\":[{\"@type\":\"ListItem\",\"position\":1,\"name\":\"Accueil\",\"item\":\"https:\/\/www.baclesse.lu\/\"},{\"@type\":\"ListItem\",\"position\":2,\"name\":\"M\u00e9diath\u00e8que &amp; presse\"}]},{\"@type\":\"WebSite\",\"@id\":\"https:\/\/www.baclesse.lu\/#website\",\"url\":\"https:\/\/www.baclesse.lu\/\",\"name\":\"Centre Fran\u00e7ois Baclesse\",\"description\":\"Centre National de Radioth\u00e9rapie\",\"potentialAction\":[{\"@type\":\"SearchAction\",\"target\":{\"@type\":\"EntryPoint\",\"urlTemplate\":\"https:\/\/www.baclesse.lu\/?s={search_term_string}\"},\"query-input\":{\"@type\":\"PropertyValueSpecification\",\"valueRequired\":true,\"valueName\":\"search_term_string\"}}],\"inLanguage\":\"en-GB\"}]}<\/script>\n<!-- \/ Yoast SEO plugin. -->","yoast_head_json":{"title":"M\u00e9diath\u00e8que &amp; presse - Centre Fran\u00e7ois Baclesse","robots":{"index":"index","follow":"follow","max-snippet":"max-snippet:-1","max-image-preview":"max-image-preview:large","max-video-preview":"max-video-preview:-1"},"canonical":"https:\/\/www.baclesse.lu\/en\/mediatheque-presse\/","og_locale":"en_GB","og_type":"article","og_title":"M\u00e9diath\u00e8que &amp; presse - Centre Fran\u00e7ois Baclesse","og_description":"Contact utileNotre service communication est \u00e0 votre disposition pour tout renseignement compl\u00e9mentaire ou mise en relation avec nos experts.Laura STARCharg\u00e9e de CommunicationContact utileNotre service communication est \u00e0 votre disposition pour tout renseignement compl\u00e9mentaire ou mise en relation avec nos experts.Laura STARCharg\u00e9e de Communication","og_url":"https:\/\/www.baclesse.lu\/en\/mediatheque-presse\/","og_site_name":"Centre Fran\u00e7ois Baclesse","article_modified_time":"2025-11-17T19:07:22+00:00","twitter_card":"summary_large_image","schema":{"@context":"https:\/\/schema.org","@graph":[{"@type":"WebPage","@id":"https:\/\/www.baclesse.lu\/mediatheque-presse\/","url":"https:\/\/www.baclesse.lu\/mediatheque-presse\/","name":"M\u00e9diath\u00e8que &amp; presse - Centre Fran\u00e7ois Baclesse","isPartOf":{"@id":"https:\/\/www.baclesse.lu\/#website"},"datePublished":"2025-10-07T19:56:43+00:00","dateModified":"2025-11-17T19:07:22+00:00","breadcrumb":{"@id":"https:\/\/www.baclesse.lu\/mediatheque-presse\/#breadcrumb"},"inLanguage":"en-GB","potentialAction":[{"@type":"ReadAction","target":["https:\/\/www.baclesse.lu\/mediatheque-presse\/"]}]},{"@type":"BreadcrumbList","@id":"https:\/\/www.baclesse.lu\/mediatheque-presse\/#breadcrumb","itemListElement":[{"@type":"ListItem","position":1,"name":"Accueil","item":"https:\/\/www.baclesse.lu\/"},{"@type":"ListItem","position":2,"name":"M\u00e9diath\u00e8que &amp; presse"}]},{"@type":"WebSite","@id":"https:\/\/www.baclesse.lu\/#website","url":"https:\/\/www.baclesse.lu\/","name":"Fran\u00e7ois Baclesse Center","description":"Centre National de Radioth\u00e9rapie","potentialAction":[{"@type":"SearchAction","target":{"@type":"EntryPoint","urlTemplate":"https:\/\/www.baclesse.lu\/?s={search_term_string}"},"query-input":{"@type":"PropertyValueSpecification","valueRequired":true,"valueName":"search_term_string"}}],"inLanguage":"en-GB"}]}},"_links":{"self":[{"href":"https:\/\/www.baclesse.lu\/en\/wp-json\/wp\/v2\/pages\/2058","targetHints":{"allow":["GET"]}}],"collection":[{"href":"https:\/\/www.baclesse.lu\/en\/wp-json\/wp\/v2\/pages"}],"about":[{"href":"https:\/\/www.baclesse.lu\/en\/wp-json\/wp\/v2\/types\/page"}],"author":[{"embeddable":true,"href":"https:\/\/www.baclesse.lu\/en\/wp-json\/wp\/v2\/users\/1"}],"replies":[{"embeddable":true,"href":"https:\/\/www.baclesse.lu\/en\/wp-json\/wp\/v2\/comments?post=2058"}],"version-history":[{"count":32,"href":"https:\/\/www.baclesse.lu\/en\/wp-json\/wp\/v2\/pages\/2058\/revisions"}],"predecessor-version":[{"id":3378,"href":"https:\/\/www.baclesse.lu\/en\/wp-json\/wp\/v2\/pages\/2058\/revisions\/3378"}],"wp:attachment":[{"href":"https:\/\/www.baclesse.lu\/en\/wp-json\/wp\/v2\/media?parent=2058"}],"curies":[{"name":"wp","href":"https:\/\/api.w.org\/{rel}","templated":true}]}}