{"id":1510,"date":"2025-09-11T08:40:33","date_gmt":"2025-09-11T08:40:33","guid":{"rendered":"https:\/\/site-cfb:8890\/?page_id=1510"},"modified":"2025-11-21T18:50:20","modified_gmt":"2025-11-21T18:50:20","slug":"rejoignez-nous","status":"publish","type":"page","link":"https:\/\/www.baclesse.lu\/en\/rejoignez-nous\/","title":{"rendered":"Join us"},"content":{"rendered":"<p>[et_pb_section fb_built=\u00a0\u00bb1&Prime; fullwidth=\u00a0\u00bbon\u00a0\u00bb _builder_version=\u00a0\u00bb4.27.4&Prime; _module_preset=\u00a0\u00bbdefault\u00a0\u00bb global_colors_info=\u00a0\u00bb{}\u00a0\u00bb][et_pb_fullwidth_image src=\u00a0\u00bbhttps:\/\/www.baclesse.lu\/wp-content\/uploads\/2025\/09\/Rejoignez-nous_CFB.png\u00a0\u00bb title_text=\u00a0\u00bbRejoignez-nous_CFB\u00a0\u00bb module_class=\u00a0\u00bbbanner-image\u00a0\u00bb _builder_version=\u00a0\u00bb4.27.4&Prime; _module_preset=\u00a0\u00bbdefault\u00a0\u00bb global_colors_info=\u00a0\u00bb{}\u00a0\u00bb][\/et_pb_fullwidth_image][\/et_pb_section][et_pb_section fb_built=\u00a0\u00bb1&Prime; _builder_version=\u00a0\u00bb4.27.4&Prime; _module_preset=\u00a0\u00bbdefault\u00a0\u00bb global_colors_info=\u00a0\u00bb{}\u00a0\u00bb][et_pb_row column_structure=\u00a0\u00bb1_3,2_3&Prime; make_equal=\u00a0\u00bboff\u00a0\u00bb module_class=\u00a0\u00bbligne-custom-flex, ligne-tablette\u00a0\u00bb _builder_version=\u00a0\u00bb4.27.4&Prime; _module_preset=\u00a0\u00bbe5d185d1-dedc-497d-8a24-c3470cedcbb1&Prime; global_colors_info=\u00a0\u00bb{}\u00a0\u00bb custom_css_main_element_last_edited=\u00a0\u00bboff|desktop\u00a0\u00bb][et_pb_column type=\u00a0\u00bb1_3&Prime; module_class=\u00a0\u00bbta-col-gauche\u00a0\u00bb _builder_version=\u00a0\u00bb4.27.4&Prime; _module_preset=\u00a0\u00bbdefault\u00a0\u00bb global_colors_info=\u00a0\u00bb{}\u00a0\u00bb][et_pb_text disabled_on=\u00a0\u00bboff|off|off\u00a0\u00bb _builder_version=\u00a0\u00bb4.27.4&Prime; _module_preset=\u00a0\u00bb71267d9f-7668-4466-8562-5fee47195858&Prime; custom_padding=\u00a0\u00bb|0px|||false|false\u00a0\u00bb custom_padding_tablet=\u00a0\u00bb\u00a0\u00bb custom_padding_phone=\u00a0\u00bb\u00a0\u00bb custom_padding_last_edited=\u00a0\u00bbon|desktop\u00a0\u00bb global_colors_info=\u00a0\u00bb{}\u00a0\u00bb]<\/p>\n<p>Rejoignez-nous<\/p>\n<p>[\/et_pb_text][et_pb_image src=\u00a0\u00bbhttps:\/\/www.baclesse.lu\/wp-content\/uploads\/2025\/08\/Rayon_CFB_Bleu_Clair_V2.png\u00a0\u00bb title_text=\u00a0\u00bbRayon_CFB_Bleu_Clair_V2&Prime; align_tablet=\u00a0\u00bbleft\u00a0\u00bb align_last_edited=\u00a0\u00bboff|tablet\u00a0\u00bb disabled_on=\u00a0\u00bboff|off|off\u00a0\u00bb _builder_version=\u00a0\u00bb4.27.4&Prime; _module_preset=\u00a0\u00bbd6084e7c-e5e7-4196-9a1d-c82dec5ca1d3&Prime; transform_scale_tablet=\u00a0\u00bb80%|80%\u00a0\u00bb transform_scale_phone=\u00a0\u00bb80%|80%\u00a0\u00bb transform_scale_last_edited=\u00a0\u00bbon|desktop\u00a0\u00bb transform_translate_tablet=\u00a0\u00bb\u00a0\u00bb transform_translate_phone=\u00a0\u00bb\u00a0\u00bb transform_translate_last_edited=\u00a0\u00bbon|tablet\u00a0\u00bb transform_rotate_tablet=\u00a0\u00bb\u00a0\u00bb transform_rotate_phone=\u00a0\u00bb\u00a0\u00bb transform_rotate_last_edited=\u00a0\u00bbon|tablet\u00a0\u00bb transform_skew_tablet=\u00a0\u00bb\u00a0\u00bb transform_skew_phone=\u00a0\u00bb\u00a0\u00bb transform_skew_last_edited=\u00a0\u00bbon|tablet\u00a0\u00bb transform_origin_tablet=\u00a0\u00bb\u00a0\u00bb transform_origin_phone=\u00a0\u00bb\u00a0\u00bb transform_origin_last_edited=\u00a0\u00bbon|tablet\u00a0\u00bb transform_styles_last_edited=\u00a0\u00bbon|desktop\u00a0\u00bb custom_margin_tablet=\u00a0\u00bb|8px|||false|false\u00a0\u00bb custom_margin_phone=\u00a0\u00bb|-35px|20px||false|false\u00a0\u00bb custom_margin_last_edited=\u00a0\u00bbon|phone\u00a0\u00bb custom_padding=\u00a0\u00bb||||false|false\u00a0\u00bb custom_padding_tablet=\u00a0\u00bb||||false|false\u00a0\u00bb custom_padding_last_edited=\u00a0\u00bboff|tablet\u00a0\u00bb transform_styles_tablet=\u00a0\u00bb\u00a0\u00bb transform_styles_phone=\u00a0\u00bb\u00a0\u00bb global_colors_info=\u00a0\u00bb{}\u00a0\u00bb][\/et_pb_image][\/et_pb_column][et_pb_column type=\u00a0\u00bb2_3&Prime; module_class=\u00a0\u00bbta-col-droite\u00a0\u00bb _builder_version=\u00a0\u00bb4.27.4&Prime; _module_preset=\u00a0\u00bbdefault\u00a0\u00bb global_colors_info=\u00a0\u00bb{}\u00a0\u00bb][et_pb_text _builder_version=\u00a0\u00bb4.27.4&Prime; _module_preset=\u00a0\u00bbd6f57796-6fc7-4376-8cad-9f96836f9966&Prime; custom_margin=\u00a0\u00bb10px||||false|false\u00a0\u00bb custom_margin_tablet=\u00a0\u00bb5px|15px|||false|false\u00a0\u00bb custom_margin_phone=\u00a0\u00bb0px|0px|||false|false\u00a0\u00bb global_colors_info=\u00a0\u00bb{}\u00a0\u00bb]<span class=\"sc-big-text-noir\">Le Patient est notre priorit\u00e9. Lui offrir une prise en charge globale, s\u00e9curis\u00e9e et de qualit\u00e9, dans une approche humaine et participative, notre mission.<\/span><\/p>\n<p>Une mission qui n\u00e9cessite de s\u2019entourer de professionnels, des hommes, des femmes, qui partagent les m\u00eames valeurs. Pour cela, le CFB a form\u00e9 une \u00e9quipe pluridisciplinaire r\u00e9unissant pas moins d\u2019une vingtaine de domaines d\u2019expertises diff\u00e9rents. Qu\u2019il soit m\u00e9decin, radiophysicien, secr\u00e9taire, psychologue, comptable, infirmier ou technicien, chaque professionnel, \u00e0 travers sa propre discipline, apporte un angle de vue diff\u00e9rent et compl\u00e9mentaire. Cette synergie entre tous les acteurs ET le patient am\u00e9liore sans aucun doute le parcours patient et participe au \u00ab\u00a0mieux gu\u00e9rir\u00a0\u00bb<\/p>\n<p>Notre politique de gestion des ressources humaines, en lien avec nos valeurs <span class=\"sc-highlight-noir\">\u00ab\u00a0E.S.P.O.I.R.\u00a0\u00bb\u00a0(ENGAGEMENT \u2013 SECURITE \u2013 PARTAGE \u2013 OUVERTURE \u2013 INNOVATION \u2013 RESPECT)<\/span> vise \u00e0 un juste \u00e9quilibre entre les dimensions professionnelles et humaines et permettant \u00e0 chaque collaborateur de travailler dans un milieu de travail \u00e9panouissant.[\/et_pb_text][et_pb_image src=\u00a0\u00bbhttps:\/\/www.baclesse.lu\/wp-content\/uploads\/2025\/08\/ESPOIR_CFB_Bureau01.png\u00a0\u00bb title_text=\u00a0\u00bbESPOIR_CFB_Bureau01&Prime; disabled_on=\u00a0\u00bbon|off|off\u00a0\u00bb _builder_version=\u00a0\u00bb4.27.4&Prime; _module_preset=\u00a0\u00bbdefault\u00a0\u00bb global_colors_info=\u00a0\u00bb{}\u00a0\u00bb][\/et_pb_image][et_pb_image src=\u00a0\u00bbhttps:\/\/www.baclesse.lu\/wp-content\/uploads\/2025\/08\/ESPOIR_CFB_mobile01.png\u00a0\u00bb title_text=\u00a0\u00bbESPOIR_CFB_mobile01&Prime; disabled_on=\u00a0\u00bboff|on|on\u00a0\u00bb _builder_version=\u00a0\u00bb4.27.4&Prime; _module_preset=\u00a0\u00bbdefault\u00a0\u00bb global_colors_info=\u00a0\u00bb{}\u00a0\u00bb][\/et_pb_image][et_pb_text _builder_version=\u00a0\u00bb4.27.4&Prime; _module_preset=\u00a0\u00bb492c47f5-776e-4290-9dc9-83379a8dc126&Prime; custom_margin=\u00a0\u00bb0px||10px||false|false\u00a0\u00bb custom_margin_tablet=\u00a0\u00bb0px||5px||false|false\u00a0\u00bb custom_margin_phone=\u00a0\u00bb0px||||false|false\u00a0\u00bb custom_padding=\u00a0\u00bb0px||0px||false|false\u00a0\u00bb hover_enabled=\u00a0\u00bb0&Prime; global_colors_info=\u00a0\u00bb{}\u00a0\u00bb sticky_enabled=\u00a0\u00bb0&Prime;]Nos conditions de travail<\/p>\n<p class=\"spacer\">\n<p>[\/et_pb_text][et_pb_text _builder_version=\u00a0\u00bb4.27.4&Prime; _module_preset=\u00a0\u00bbd6f57796-6fc7-4376-8cad-9f96836f9966&Prime; custom_margin=\u00a0\u00bb||20px||false|false\u00a0\u00bb custom_margin_last_edited=\u00a0\u00bboff|desktop\u00a0\u00bb custom_padding=\u00a0\u00bb||0px||false|false\u00a0\u00bb hover_enabled=\u00a0\u00bb0&Prime; global_colors_info=\u00a0\u00bb{}\u00a0\u00bb sticky_enabled=\u00a0\u00bb0&Prime;]<\/p>\n<p>Les collaborateurs du CFB b\u00e9n\u00e9ficient de la convention collective de travail du secteur hospitalier luxembourgeois :<\/p>\n<p class=\"spacer\">\n<ul>\n<li>Repas \u00e0 prix social<\/li>\n<li>Avantages aupr\u00e8s de nos partenaires (banques et assurances)<\/li>\n<li>Cadre de travail\u00a0agr\u00e9able\u00a0dans une \u00e9quipe pluridisciplinaire favorisant\u00a0l\u2019\u00e9quilibre\u00a0entre\u00a0vie professionnelle et vie priv\u00e9e<\/li>\n<li>Politique de gestion des comp\u00e9tences par la formation<\/li>\n<li>36\u00a0jours de cong\u00e9s<\/li>\n<li>R\u00e9mun\u00e9ration sur base de la\u00a0CCT \u2013 FHL<\/li>\n<li>CCT pr\u00e9voit un\u00a013\u00e8me\u00a0mois\u00a0et une\u00a0prime au mois de juin<\/li>\n<\/ul>\n<p>[\/et_pb_text][et_pb_text _builder_version=\u00a0\u00bb4.27.4&Prime; _module_preset=\u00a0\u00bb492c47f5-776e-4290-9dc9-83379a8dc126&Prime; custom_margin=\u00a0\u00bb0px||10px||false|false\u00a0\u00bb custom_margin_tablet=\u00a0\u00bb-10px||5px||false|false\u00a0\u00bb custom_margin_phone=\u00a0\u00bb-10px||||false|false\u00a0\u00bb custom_padding=\u00a0\u00bb0px||0px||false|false\u00a0\u00bb hover_enabled=\u00a0\u00bb0&Prime; global_colors_info=\u00a0\u00bb{}\u00a0\u00bb sticky_enabled=\u00a0\u00bb0&Prime;]Rejoignez-nous !<\/p>\n<p class=\"spacer\">\n<p>[\/et_pb_text][et_pb_button button_url=\u00a0\u00bbhttps:\/\/www.baclesse.lu\/nos-jobs\/#bloc-offres%20is-active\u00a0\u00bb button_text=\u00a0\u00bbOffres d&#8217;emploi\u00a0\u00bb _builder_version=\u00a0\u00bb4.27.4&Prime; _module_preset=\u00a0\u00bb344cffa4-b8dd-4ffe-9113-c2f218035632&Prime; custom_margin=\u00a0\u00bb||10px||false|false\u00a0\u00bb custom_margin_tablet=\u00a0\u00bb0px||7px||false|false\u00a0\u00bb custom_margin_phone=\u00a0\u00bb10px||5px||false|false\u00a0\u00bb custom_margin_last_edited=\u00a0\u00bbon|tablet\u00a0\u00bb global_colors_info=\u00a0\u00bb{}\u00a0\u00bb][\/et_pb_button][et_pb_button button_url=\u00a0\u00bbhttps:\/\/www.baclesse.lu\/nos-jobs\/#bloc-candidatures\u00a0\u00bb button_text=\u00a0\u00bbCandidatures spontan\u00e9es\u00a0\u00bb _builder_version=\u00a0\u00bb4.27.4&Prime; _module_preset=\u00a0\u00bb344cffa4-b8dd-4ffe-9113-c2f218035632&Prime; custom_margin=\u00a0\u00bb||10px||false|false\u00a0\u00bb custom_margin_tablet=\u00a0\u00bb0px||7px||false|false\u00a0\u00bb custom_margin_phone=\u00a0\u00bb0px||5px||false|false\u00a0\u00bb custom_margin_last_edited=\u00a0\u00bbon|tablet\u00a0\u00bb global_colors_info=\u00a0\u00bb{}\u00a0\u00bb][\/et_pb_button][et_pb_button button_url=\u00a0\u00bbhttps:\/\/www.baclesse.lu\/nos-jobs\/#bloc-stages\u00a0\u00bb button_text=\u00a0\u00bbStages\u00a0\u00bb _builder_version=\u00a0\u00bb4.27.4&Prime; _module_preset=\u00a0\u00bb344cffa4-b8dd-4ffe-9113-c2f218035632&Prime; global_colors_info=\u00a0\u00bb{}\u00a0\u00bb][\/et_pb_button][\/et_pb_column][\/et_pb_row][\/et_pb_section]<\/p>\n","protected":false},"excerpt":{"rendered":"<p>Rejoignez-nousLe Patient est notre priorit\u00e9. Lui offrir une prise en charge globale, s\u00e9curis\u00e9e et de qualit\u00e9, dans une approche humaine et participative, notre mission. Une mission qui n\u00e9cessite de s\u2019entourer de professionnels, des hommes, des femmes, qui partagent les m\u00eames valeurs. Pour cela, le CFB a form\u00e9 une \u00e9quipe pluridisciplinaire r\u00e9unissant pas moins d\u2019une vingtaine [&hellip;]<\/p>\n","protected":false},"author":1,"featured_media":0,"parent":0,"menu_order":0,"comment_status":"closed","ping_status":"closed","template":"","meta":{"_acf_changed":false,"_et_pb_use_builder":"on","_et_pb_old_content":"","_et_gb_content_width":"","_monsterinsights_skip_tracking":false,"_monsterinsights_sitenote_active":false,"_monsterinsights_sitenote_note":"","_monsterinsights_sitenote_category":0,"footnotes":""},"class_list":["post-1510","page","type-page","status-publish","hentry"],"acf":[],"yoast_head":"<!-- This site is optimized with the Yoast SEO plugin v27.2 - https:\/\/yoast.com\/product\/yoast-seo-wordpress\/ -->\n<title>Rejoignez-nous - Centre Fran\u00e7ois Baclesse<\/title>\n<meta name=\"robots\" content=\"index, follow, max-snippet:-1, max-image-preview:large, max-video-preview:-1\" \/>\n<link rel=\"canonical\" href=\"https:\/\/www.baclesse.lu\/en\/rejoignez-nous\/\" \/>\n<meta property=\"og:locale\" content=\"en_GB\" \/>\n<meta property=\"og:type\" content=\"article\" \/>\n<meta property=\"og:title\" content=\"Rejoignez-nous - Centre Fran\u00e7ois Baclesse\" \/>\n<meta property=\"og:description\" content=\"Rejoignez-nousLe Patient est notre priorit\u00e9. Lui offrir une prise en charge globale, s\u00e9curis\u00e9e et de qualit\u00e9, dans une approche humaine et participative, notre mission. Une mission qui n\u00e9cessite de s\u2019entourer de professionnels, des hommes, des femmes, qui partagent les m\u00eames valeurs. Pour cela, le CFB a form\u00e9 une \u00e9quipe pluridisciplinaire r\u00e9unissant pas moins d\u2019une vingtaine [&hellip;]\" \/>\n<meta property=\"og:url\" content=\"https:\/\/www.baclesse.lu\/en\/rejoignez-nous\/\" \/>\n<meta property=\"og:site_name\" content=\"Centre Fran\u00e7ois Baclesse\" \/>\n<meta property=\"article:modified_time\" content=\"2025-11-21T18:50:20+00:00\" \/>\n<meta name=\"twitter:card\" content=\"summary_large_image\" \/>\n<meta name=\"twitter:label1\" content=\"Estimated reading time\" \/>\n\t<meta name=\"twitter:data1\" content=\"8 minutes\" \/>\n<script type=\"application\/ld+json\" class=\"yoast-schema-graph\">{\"@context\":\"https:\/\/schema.org\",\"@graph\":[{\"@type\":\"WebPage\",\"@id\":\"https:\/\/www.baclesse.lu\/rejoignez-nous\/\",\"url\":\"https:\/\/www.baclesse.lu\/rejoignez-nous\/\",\"name\":\"Rejoignez-nous - Centre Fran\u00e7ois Baclesse\",\"isPartOf\":{\"@id\":\"https:\/\/www.baclesse.lu\/#website\"},\"datePublished\":\"2025-09-11T08:40:33+00:00\",\"dateModified\":\"2025-11-21T18:50:20+00:00\",\"breadcrumb\":{\"@id\":\"https:\/\/www.baclesse.lu\/rejoignez-nous\/#breadcrumb\"},\"inLanguage\":\"en-GB\",\"potentialAction\":[{\"@type\":\"ReadAction\",\"target\":[\"https:\/\/www.baclesse.lu\/rejoignez-nous\/\"]}]},{\"@type\":\"BreadcrumbList\",\"@id\":\"https:\/\/www.baclesse.lu\/rejoignez-nous\/#breadcrumb\",\"itemListElement\":[{\"@type\":\"ListItem\",\"position\":1,\"name\":\"Accueil\",\"item\":\"https:\/\/www.baclesse.lu\/\"},{\"@type\":\"ListItem\",\"position\":2,\"name\":\"Rejoignez-nous\"}]},{\"@type\":\"WebSite\",\"@id\":\"https:\/\/www.baclesse.lu\/#website\",\"url\":\"https:\/\/www.baclesse.lu\/\",\"name\":\"Centre Fran\u00e7ois Baclesse\",\"description\":\"Centre National de Radioth\u00e9rapie\",\"potentialAction\":[{\"@type\":\"SearchAction\",\"target\":{\"@type\":\"EntryPoint\",\"urlTemplate\":\"https:\/\/www.baclesse.lu\/?s={search_term_string}\"},\"query-input\":{\"@type\":\"PropertyValueSpecification\",\"valueRequired\":true,\"valueName\":\"search_term_string\"}}],\"inLanguage\":\"en-GB\"}]}<\/script>\n<!-- \/ Yoast SEO plugin. -->","yoast_head_json":{"title":"Rejoignez-nous - Centre Fran\u00e7ois Baclesse","robots":{"index":"index","follow":"follow","max-snippet":"max-snippet:-1","max-image-preview":"max-image-preview:large","max-video-preview":"max-video-preview:-1"},"canonical":"https:\/\/www.baclesse.lu\/en\/rejoignez-nous\/","og_locale":"en_GB","og_type":"article","og_title":"Rejoignez-nous - Centre Fran\u00e7ois Baclesse","og_description":"Rejoignez-nousLe Patient est notre priorit\u00e9. Lui offrir une prise en charge globale, s\u00e9curis\u00e9e et de qualit\u00e9, dans une approche humaine et participative, notre mission. Une mission qui n\u00e9cessite de s\u2019entourer de professionnels, des hommes, des femmes, qui partagent les m\u00eames valeurs. Pour cela, le CFB a form\u00e9 une \u00e9quipe pluridisciplinaire r\u00e9unissant pas moins d\u2019une vingtaine [&hellip;]","og_url":"https:\/\/www.baclesse.lu\/en\/rejoignez-nous\/","og_site_name":"Centre Fran\u00e7ois Baclesse","article_modified_time":"2025-11-21T18:50:20+00:00","twitter_card":"summary_large_image","twitter_misc":{"Estimated reading time":"8 minutes"},"schema":{"@context":"https:\/\/schema.org","@graph":[{"@type":"WebPage","@id":"https:\/\/www.baclesse.lu\/rejoignez-nous\/","url":"https:\/\/www.baclesse.lu\/rejoignez-nous\/","name":"Rejoignez-nous - Centre Fran\u00e7ois Baclesse","isPartOf":{"@id":"https:\/\/www.baclesse.lu\/#website"},"datePublished":"2025-09-11T08:40:33+00:00","dateModified":"2025-11-21T18:50:20+00:00","breadcrumb":{"@id":"https:\/\/www.baclesse.lu\/rejoignez-nous\/#breadcrumb"},"inLanguage":"en-GB","potentialAction":[{"@type":"ReadAction","target":["https:\/\/www.baclesse.lu\/rejoignez-nous\/"]}]},{"@type":"BreadcrumbList","@id":"https:\/\/www.baclesse.lu\/rejoignez-nous\/#breadcrumb","itemListElement":[{"@type":"ListItem","position":1,"name":"Accueil","item":"https:\/\/www.baclesse.lu\/"},{"@type":"ListItem","position":2,"name":"Rejoignez-nous"}]},{"@type":"WebSite","@id":"https:\/\/www.baclesse.lu\/#website","url":"https:\/\/www.baclesse.lu\/","name":"Fran\u00e7ois Baclesse Center","description":"Centre National de Radioth\u00e9rapie","potentialAction":[{"@type":"SearchAction","target":{"@type":"EntryPoint","urlTemplate":"https:\/\/www.baclesse.lu\/?s={search_term_string}"},"query-input":{"@type":"PropertyValueSpecification","valueRequired":true,"valueName":"search_term_string"}}],"inLanguage":"en-GB"}]}},"_links":{"self":[{"href":"https:\/\/www.baclesse.lu\/en\/wp-json\/wp\/v2\/pages\/1510","targetHints":{"allow":["GET"]}}],"collection":[{"href":"https:\/\/www.baclesse.lu\/en\/wp-json\/wp\/v2\/pages"}],"about":[{"href":"https:\/\/www.baclesse.lu\/en\/wp-json\/wp\/v2\/types\/page"}],"author":[{"embeddable":true,"href":"https:\/\/www.baclesse.lu\/en\/wp-json\/wp\/v2\/users\/1"}],"replies":[{"embeddable":true,"href":"https:\/\/www.baclesse.lu\/en\/wp-json\/wp\/v2\/comments?post=1510"}],"version-history":[{"count":10,"href":"https:\/\/www.baclesse.lu\/en\/wp-json\/wp\/v2\/pages\/1510\/revisions"}],"predecessor-version":[{"id":3538,"href":"https:\/\/www.baclesse.lu\/en\/wp-json\/wp\/v2\/pages\/1510\/revisions\/3538"}],"wp:attachment":[{"href":"https:\/\/www.baclesse.lu\/en\/wp-json\/wp\/v2\/media?parent=1510"}],"curies":[{"name":"wp","href":"https:\/\/api.w.org\/{rel}","templated":true}]}}