{"id":1484,"date":"2025-09-10T16:49:36","date_gmt":"2025-09-10T16:49:36","guid":{"rendered":"https:\/\/site-cfb:8890\/?page_id=1484"},"modified":"2025-11-18T20:38:21","modified_gmt":"2025-11-18T20:38:21","slug":"cancer-des-tissus-mous-sarcomes","status":"publish","type":"page","link":"https:\/\/www.baclesse.lu\/en\/cancer-des-tissus-mous-sarcomes\/","title":{"rendered":"Cancer des tissus mous sarcomes"},"content":{"rendered":"<p>[et_pb_section fb_built=\u00a0\u00bb1&Prime; _builder_version=\u00a0\u00bb4.27.4&Prime; _module_preset=\u00a0\u00bbdefault\u00a0\u00bb global_colors_info=\u00a0\u00bb{}\u00a0\u00bb][et_pb_row column_structure=\u00a0\u00bb1_3,2_3&Prime; make_equal=\u00a0\u00bboff\u00a0\u00bb module_class=\u00a0\u00bbligne-custom-flex, ligne-tablette\u00a0\u00bb _builder_version=\u00a0\u00bb4.27.4&Prime; _module_preset=\u00a0\u00bbe5d185d1-dedc-497d-8a24-c3470cedcbb1&Prime; global_colors_info=\u00a0\u00bb{}\u00a0\u00bb custom_css_main_element_last_edited=\u00a0\u00bboff|desktop\u00a0\u00bb][et_pb_column type=\u00a0\u00bb1_3&Prime; module_class=\u00a0\u00bbta-col-gauche\u00a0\u00bb _builder_version=\u00a0\u00bb4.27.4&Prime; _module_preset=\u00a0\u00bbdefault\u00a0\u00bb global_colors_info=\u00a0\u00bb{}\u00a0\u00bb][et_pb_text disabled_on=\u00a0\u00bbon|off|off\u00a0\u00bb _builder_version=\u00a0\u00bb4.27.4&Prime; _module_preset=\u00a0\u00bb20f488bc-70a4-44d3-839f-04d2c0592d1e\u00a0\u00bb hover_enabled=\u00a0\u00bb0&Prime; text_font_size_tablet=\u00a0\u00bb30px\u00a0\u00bb global_colors_info=\u00a0\u00bb{}\u00a0\u00bb custom_padding=\u00a0\u00bb|0px|||false|false\u00a0\u00bb custom_padding_last_edited=\u00a0\u00bbon|tablet\u00a0\u00bb sticky_enabled=\u00a0\u00bb0&Prime; custom_padding_tablet=\u00a0\u00bb|0px|||false|false\u00a0\u00bb custom_padding_phone=\u00a0\u00bb|0px|||false|false\u00a0\u00bb]<\/p>\n<p>Cancers <span lang=\"FR\">des tissus mous sarcomes<\/span><\/p>\n<p>[\/et_pb_text][et_pb_image src=\u00a0\u00bbhttps:\/\/www.baclesse.lu\/wp-content\/uploads\/2025\/08\/Rayon_CFB_Rose_V2.png\u00a0\u00bb title_text=\u00a0\u00bbRayon_CFB_Rose_V2&Prime; align_tablet=\u00a0\u00bbleft\u00a0\u00bb align_last_edited=\u00a0\u00bboff|tablet\u00a0\u00bb _builder_version=\u00a0\u00bb4.27.4&Prime; _module_preset=\u00a0\u00bbd6084e7c-e5e7-4196-9a1d-c82dec5ca1d3&Prime; transform_scale_tablet=\u00a0\u00bb80%|80%\u00a0\u00bb transform_scale_phone=\u00a0\u00bb80%|80%\u00a0\u00bb transform_scale_last_edited=\u00a0\u00bbon|tablet\u00a0\u00bb transform_translate_tablet=\u00a0\u00bb\u00a0\u00bb transform_translate_phone=\u00a0\u00bb\u00a0\u00bb transform_translate_last_edited=\u00a0\u00bbon|desktop\u00a0\u00bb transform_rotate_tablet=\u00a0\u00bb\u00a0\u00bb transform_rotate_phone=\u00a0\u00bb\u00a0\u00bb transform_rotate_last_edited=\u00a0\u00bbon|desktop\u00a0\u00bb transform_skew_tablet=\u00a0\u00bb\u00a0\u00bb transform_skew_phone=\u00a0\u00bb\u00a0\u00bb transform_skew_last_edited=\u00a0\u00bbon|desktop\u00a0\u00bb transform_origin_tablet=\u00a0\u00bb\u00a0\u00bb transform_origin_phone=\u00a0\u00bb\u00a0\u00bb transform_origin_last_edited=\u00a0\u00bbon|desktop\u00a0\u00bb transform_styles_last_edited=\u00a0\u00bbon|tablet\u00a0\u00bb transform_styles_tablet=\u00a0\u00bb\u00a0\u00bb transform_styles_phone=\u00a0\u00bb\u00a0\u00bb global_colors_info=\u00a0\u00bb{}\u00a0\u00bb][\/et_pb_image][et_pb_image src=\u00a0\u00bbhttps:\/\/www.baclesse.lu\/wp-content\/uploads\/2025\/07\/PICTOGRAMMES_Cancers-des-tissus-mous-sarcomes.png\u00a0\u00bb title_text=\u00a0\u00bbPICTOGRAMMES_Cancers des tissus mous &#8211; sarcomes\u00a0\u00bb disabled_on=\u00a0\u00bbon|off|off\u00a0\u00bb _builder_version=\u00a0\u00bb4.27.4&Prime; _module_preset=\u00a0\u00bbdefault\u00a0\u00bb transform_scale=\u00a0\u00bb90%|90%\u00a0\u00bb transform_scale_tablet=\u00a0\u00bb70%|70%\u00a0\u00bb transform_scale_phone=\u00a0\u00bb\u00a0\u00bb transform_scale_last_edited=\u00a0\u00bbon|tablet\u00a0\u00bb transform_translate=\u00a0\u00bb-20px|0px\u00a0\u00bb transform_translate_tablet=\u00a0\u00bb\u00a0\u00bb transform_translate_phone=\u00a0\u00bb\u00a0\u00bb transform_translate_last_edited=\u00a0\u00bbon|tablet\u00a0\u00bb transform_translate_linked=\u00a0\u00bboff\u00a0\u00bb transform_rotate_tablet=\u00a0\u00bb\u00a0\u00bb transform_rotate_phone=\u00a0\u00bb\u00a0\u00bb transform_rotate_last_edited=\u00a0\u00bbon|tablet\u00a0\u00bb transform_skew_tablet=\u00a0\u00bb\u00a0\u00bb transform_skew_phone=\u00a0\u00bb\u00a0\u00bb transform_skew_last_edited=\u00a0\u00bbon|tablet\u00a0\u00bb transform_origin_tablet=\u00a0\u00bb\u00a0\u00bb transform_origin_phone=\u00a0\u00bb\u00a0\u00bb transform_origin_last_edited=\u00a0\u00bbon|tablet\u00a0\u00bb transform_styles_last_edited=\u00a0\u00bbon|tablet\u00a0\u00bb custom_margin_tablet=\u00a0\u00bb-30px|||-20px|false|false\u00a0\u00bb custom_margin_phone=\u00a0\u00bb\u00a0\u00bb custom_margin_last_edited=\u00a0\u00bbon|phone\u00a0\u00bb custom_padding_tablet=\u00a0\u00bb||||false|false\u00a0\u00bb custom_padding_last_edited=\u00a0\u00bboff|tablet\u00a0\u00bb transform_styles_tablet=\u00a0\u00bb\u00a0\u00bb transform_styles_phone=\u00a0\u00bb\u00a0\u00bb global_colors_info=\u00a0\u00bb{}\u00a0\u00bb][\/et_pb_image][et_pb_code disabled_on=\u00a0\u00bboff|on|on\u00a0\u00bb module_class=\u00a0\u00bbtitre-rose\u00a0\u00bb _builder_version=\u00a0\u00bb4.27.4&Prime; _module_preset=\u00a0\u00bbdefault\u00a0\u00bb custom_margin=\u00a0\u00bb||20px||false|false\u00a0\u00bb global_colors_info=\u00a0\u00bb{}\u00a0\u00bb]<\/p>\n<div class=\"bloc-mobile-empile titre-rose\"><!-- [et_pb_line_break_holder] -->  <\/p>\n<div class=\"mobile-img\"><!-- [et_pb_line_break_holder] -->    <img decoding=\"async\" src=\"https:\/\/www.baclesse.lu\/wp-content\/uploads\/2025\/07\/PICTOGRAMMES_Cancers-des-tissus-mous-sarcomes.png\" alt=\"Illustration cancer du sein\"><!-- [et_pb_line_break_holder] -->  <\/div>\n<p><!-- [et_pb_line_break_holder] -->  <\/p>\n<div class=\"mobile-title\"><!-- [et_pb_line_break_holder] -->    <\/p>\n<h1>Cancers des tissus mous sarcomes<\/h1>\n<p><!-- [et_pb_line_break_holder] -->  <\/div>\n<p><!-- [et_pb_line_break_holder] --><\/div>\n<p>[\/et_pb_code][\/et_pb_column][et_pb_column type=\u00a0\u00bb2_3&Prime; module_class=\u00a0\u00bbta-col-droite\u00a0\u00bb _builder_version=\u00a0\u00bb4.27.4&Prime; _module_preset=\u00a0\u00bbdefault\u00a0\u00bb global_colors_info=\u00a0\u00bb{}\u00a0\u00bb][et_pb_accordion _builder_version=\u00a0\u00bb4.27.4&Prime; _module_preset=\u00a0\u00bbdbcfc262-b659-4b09-ada2-b468f093dfff\u00a0\u00bb global_colors_info=\u00a0\u00bb{}\u00a0\u00bb][et_pb_accordion_item title=\u00a0\u00bbG\u00e9n\u00e9ralit\u00e9s\u00a0\u00bb open=\u00a0\u00bbon\u00a0\u00bb _builder_version=\u00a0\u00bb4.27.4&Prime; _module_preset=\u00a0\u00bb2bcb5139-c782-4194-9b29-810b74cf3f5e\u00a0\u00bb custom_padding_tablet=\u00a0\u00bb10px||14px|0px|false|false\u00a0\u00bb custom_padding_phone=\u00a0\u00bb0px||12px||false|false\u00a0\u00bb custom_padding_last_edited=\u00a0\u00bbon|tablet\u00a0\u00bb border_width_all=\u00a0\u00bb0px\u00a0\u00bb global_colors_info=\u00a0\u00bb{}\u00a0\u00bb]<\/p>\n<p>Les sarcomes sont des tumeurs se d\u00e9veloppant sur des tissus appel\u00e9s tissus de soutien, c\u2019est-\u00e0-dire les os, le cartilage, les muscles ou encore les vaisseaux sanguins ou les nerfs. Il existe de tr\u00e8s nombreux types de sarcomes, comme les sarcomes touchant le tissu adipeux appel\u00e9 tumeurs adipocytaires, les tumeurs fibroblastiques, les tumeurs touchant les muscles lisses ou des muscles stri\u00e9s, les tumeurs touchant les nerfs p\u00e9riph\u00e9riques, ou encore des tumeurs touchant les os ou le cartilage. Les sarcomes sont des tumeurs rares.<\/p>\n<p>[\/et_pb_accordion_item][et_pb_accordion_item title=\u00a0\u00bbSignes cliniques \u00a0\u00bb open_toggle_background_color=\u00a0\u00bb#FFFFFF\u00a0\u00bb closed_toggle_background_color=\u00a0\u00bb#FFFFFF\u00a0\u00bb _builder_version=\u00a0\u00bb4.27.4&Prime; _module_preset=\u00a0\u00bb2bcb5139-c782-4194-9b29-810b74cf3f5e\u00a0\u00bb border_color_top=\u00a0\u00bb#c15fb4&Prime; border_width_right=\u00a0\u00bb0px\u00a0\u00bb border_width_left=\u00a0\u00bb0px\u00a0\u00bb border_color_left=\u00a0\u00bb#c15fb4&Prime; global_colors_info=\u00a0\u00bb{}\u00a0\u00bb open=\u00a0\u00bboff\u00a0\u00bb]<\/p>\n<p>Les sympt\u00f4mes sont variables en fonction du tissu touch\u00e9. G\u00e9n\u00e9ralement, on retrouve une boule de plus de 5 cm qui \u00e9volue, et cette masse peut \u00eatre douloureuse ou non. Elle peut \u00eatre de localisation superficielle ou profonde. En fonction de la localisation de la tumeur, les sympt\u00f4mes peuvent \u00eatre variables, la tumeur peut comprimer des nerfs ou entra\u00eener un dysfonctionnement d\u2019un organe.<\/p>\n<p>[\/et_pb_accordion_item][et_pb_accordion_item title=\u00a0\u00bbPrise en charge des cancers de la prostate au CFB \u00a0\u00bb open_toggle_background_color=\u00a0\u00bb#FFFFFF\u00a0\u00bb closed_toggle_background_color=\u00a0\u00bb#FFFFFF\u00a0\u00bb _builder_version=\u00a0\u00bb4.27.4&Prime; _module_preset=\u00a0\u00bb2bcb5139-c782-4194-9b29-810b74cf3f5e\u00a0\u00bb border_color_all=\u00a0\u00bbRGBA(255,255,255,0)\u00a0\u00bb border_color_top=\u00a0\u00bb#c15fb4&Prime; border_width_right=\u00a0\u00bb0px\u00a0\u00bb border_color_bottom=\u00a0\u00bb#c15fb4&Prime; border_width_left=\u00a0\u00bb0px\u00a0\u00bb border_color_left=\u00a0\u00bbRGBA(255,255,255,0)\u00a0\u00bb global_colors_info=\u00a0\u00bb{}\u00a0\u00bb closed_toggle_font_size_tablet=\u00a0\u00bb\u00a0\u00bb closed_toggle_font_size_phone=\u00a0\u00bb\u00a0\u00bb closed_toggle_font_size_last_edited=\u00a0\u00bbon|tablet\u00a0\u00bb open=\u00a0\u00bboff\u00a0\u00bb]<\/p>\n<p>Le traitement de r\u00e9f\u00e9rence reste la chirurgie. Quand celle-ci n\u2019est pas possible en raison de la taille de la tumeur, une chimioth\u00e9rapie ou une radioth\u00e9rapie peut \u00eatre commenc\u00e9e pour r\u00e9duire cette taille. La chimioth\u00e9rapie et la radioth\u00e9rapie peuvent \u00e9galement \u00eatre utilis\u00e9es apr\u00e8s la chirurgie. Les th\u00e9rapies cibl\u00e9es sont utilis\u00e9es de plus en plus, et donnent de tr\u00e8s bons r\u00e9sultats pour certains types tumoraux.<\/p>\n<h2>La radioth\u00e9rapie externe<\/h2>\n<p>La radioth\u00e9rapie peut \u00eatre indiqu\u00e9e en pr\u00e9 ou en post op\u00e9ratoire.<\/p>\n<p>Ce traitement utilise des rayons X dirig\u00e9s, \u00e0 travers la peau, vers la zone \u00e0 traiter. Ces rayons sont produits par un acc\u00e9l\u00e9rateur lin\u00e9aire et d\u00e9truisent progressivement les cellules canc\u00e9reuses.<\/p>\n<p>Votre traitement d\u00e9butera avec un scanner de rep\u00e9rage (appel\u00e9 simulation virtuelle) ; il permet de d\u00e9limiter les zones \u00e0 traiter (volumes cibles), ainsi que les organes sains alentours qui devront \u00eatre pr\u00e9serv\u00e9s au maximum.<\/p>\n<p>Votre plan de traitement sera \u00e9tabli de mani\u00e8re individuelle (en tenant compte de vos caract\u00e9ristiques sp\u00e9cifiques et celle de votre maladie) et planifi\u00e9 sur plusieurs semaines. Les s\u00e9ances se d\u00e9roulent du lundi au vendredi et durent environ 15 minutes.<\/p>\n<p>Les rayons sont invisibles et indolores et ne rendent pas radioactif.<\/p>\n<p>Votre m\u00e9decin vous transmettra certaines consignes de pr\u00e9paration \u00e0 suivre avec soin pour assurer l\u2019efficacit\u00e9 du traitement.<\/p>\n<h2>Radioth\u00e9rapie st\u00e9r\u00e9otaxique (Cyberknife)<\/h2>\n<p>La radioth\u00e9rapie st\u00e9r\u00e9otaxique (SBRT &#8211; Stereotactic Body Radiation Therapy) d\u00e9livre de fortes doses sur de tr\u00e8s petits volumes avec une pr\u00e9cision millim\u00e9trique. Ce type de traitement est propos\u00e9 \u00e0 certains patients selon des crit\u00e8res sp\u00e9cifiques ; il n\u00e9cessite l\u2019implantation de grains d\u2019or, appel\u00e9s fiduciels permettant de mieux localiser la tumeur pendant l\u2019administration du traitement.<\/p>\n<p>La mise en place des fiduciels se fait par voie transcutan\u00e9e (\u00e0 travers la peau). Ce sont des implants permanents qui n\u2019entra\u00eenent aucune cons\u00e9quence pendant et apr\u00e8s le traitement.<\/p>\n<p>[\/et_pb_accordion_item][et_pb_accordion_item title=\u00a0\u00bbLes effets secondaires durant le traitement\u00a0\u00bb open_toggle_background_color=\u00a0\u00bb#FFFFFF\u00a0\u00bb closed_toggle_background_color=\u00a0\u00bb#FFFFFF\u00a0\u00bb _builder_version=\u00a0\u00bb4.27.4&Prime; _module_preset=\u00a0\u00bb2bcb5139-c782-4194-9b29-810b74cf3f5e\u00a0\u00bb border_color_all=\u00a0\u00bbRGBA(255,255,255,0)\u00a0\u00bb border_color_top=\u00a0\u00bb#c15fb4&Prime; border_width_right=\u00a0\u00bb0px\u00a0\u00bb border_color_bottom=\u00a0\u00bb#c15fb4&Prime; border_width_left=\u00a0\u00bb0px\u00a0\u00bb border_color_left=\u00a0\u00bbRGBA(255,255,255,0)\u00a0\u00bb global_colors_info=\u00a0\u00bb{}\u00a0\u00bb closed_toggle_font_size_tablet=\u00a0\u00bb\u00a0\u00bb closed_toggle_font_size_phone=\u00a0\u00bb\u00a0\u00bb closed_toggle_font_size_last_edited=\u00a0\u00bbon|phone\u00a0\u00bb open=\u00a0\u00bboff\u00a0\u00bb]<\/p>\n<p>Les effets secondaires sont pr\u00e9visibles mais pas syst\u00e9matiques ; chaque situation est unique et chaque patient r\u00e9agit diff\u00e9remment. Nous invitons les patients \u00e0 signaler tout effet ind\u00e9sirable \u00e0 leur m\u00e9decin r\u00e9f\u00e9rent au CFB lors des consultations de surveillance hebdomadaires. De nos jours, les effets secondaires aigus les plus courants sont tr\u00e8s bien pris en charge gr\u00e2ce \u00e0 des traitements symptomatiques. Ils vous seront prescrits si besoin par votre oncologue radioth\u00e9rapeute.<\/p>\n<p>Les effets secondaires en cours de traitement d\u00e9pendent de la localisation du sarcome et du site trait\u00e9.<\/p>\n<ul>\n<li><span class=\"sc-highlight-noir\">Fatigue :<\/span> La fatigue est un effet secondaire fr\u00e9quent mais pas forc\u00e9ment d\u00fb au traitement. Elle est souvent due \u00e0 la r\u00e9p\u00e9tition quotidienne du traitement. C\u2019est aussi parfois un contrecoup du traitement de chimioth\u00e9rapie.<\/li>\n<li><span class=\"sc-highlight-noir\">Des naus\u00e9es et des diarrh\u00e9es<\/span> peuvent survenir en cas d\u2019irradiations abdominales<\/li>\n<li><span class=\"sc-highlight-noir\">Diarrh\u00e9es<\/span> lors de radioth\u00e9rapie au niveau de l\u2019abdomen ou du bassin<\/li>\n<li><span class=\"sc-highlight-noir\">Difficult\u00e9s \u00e0 respirer<\/span> lors d\u2019une radioth\u00e9rapie du thorax ou des poumons<\/li>\n<li><span class=\"sc-highlight-noir\">Alop\u00e9cie<\/span> en cas d\u2019irradiation du cuir chevelu<\/li>\n<li><span class=\"sc-highlight-noir\">Mucites<\/span><\/li>\n<\/ul>\n<p>[\/et_pb_accordion_item][et_pb_accordion_item title=\u00a0\u00bbLes effets secondaires apr\u00e8s le traitement\u00a0\u00bb open_toggle_background_color=\u00a0\u00bb#FFFFFF\u00a0\u00bb closed_toggle_background_color=\u00a0\u00bb#FFFFFF\u00a0\u00bb _builder_version=\u00a0\u00bb4.27.4&Prime; _module_preset=\u00a0\u00bb2bcb5139-c782-4194-9b29-810b74cf3f5e\u00a0\u00bb border_color_all=\u00a0\u00bbRGBA(255,255,255,0)\u00a0\u00bb border_color_top=\u00a0\u00bb#c15fb4&Prime; border_width_right=\u00a0\u00bb0px\u00a0\u00bb border_color_bottom=\u00a0\u00bb#c15fb4&Prime; border_width_left=\u00a0\u00bb0px\u00a0\u00bb border_color_left=\u00a0\u00bbRGBA(255,255,255,0)\u00a0\u00bb global_colors_info=\u00a0\u00bb{}\u00a0\u00bb closed_toggle_font_size_tablet=\u00a0\u00bb\u00a0\u00bb closed_toggle_font_size_phone=\u00a0\u00bb\u00a0\u00bb closed_toggle_font_size_last_edited=\u00a0\u00bbon|phone\u00a0\u00bb open=\u00a0\u00bboff\u00a0\u00bb]<\/p>\n<p>Les effets observ\u00e9s pendant le traitement s\u2019estompent en g\u00e9n\u00e9ral quelques mois apr\u00e8s la fin du traitement. Certains signes peuvent apparaitre apr\u00e8s plusieurs mois ou ann\u00e9es, ils sont dits \u201ctardifs\u201d. Ils peuvent exceptionnellement \u00eatre en rapport avec les traitements re\u00e7us. Nous vous invitons \u00e0 signaler tout effet ind\u00e9sirable, m\u00eame tardif, \u00e0 votre m\u00e9decin radioth\u00e9rapeute.<\/p>\n<p>Les effets secondaires suivants pouvant appara\u00eetre :<\/p>\n<ul>\n<li><span class=\"sc-highlight-noir\">Fatigue et troubles de la m\u00e9moire<\/span><\/li>\n<li><span class=\"sc-highlight-noir\">Douleurs au niveau de la zone irradi\u00e9e<\/span><\/li>\n<li><span class=\"sc-highlight-noir\">Perte d\u2019app\u00e9tit<\/span><\/li>\n<\/ul>\n<p>[\/et_pb_accordion_item][\/et_pb_accordion][et_pb_button button_url=\u00a0\u00bbhttps:\/\/www.baclesse.lu\/les-cancers-pris-en-charge\/\u00a0\u00bb button_text=\u00a0\u00bbLes cancers pris en charge\u00a0\u00bb _builder_version=\u00a0\u00bb4.27.4&Prime; _module_preset=\u00a0\u00bb3f6b84a1-415e-46f4-9eaa-ecd67f3d2f88&Prime; custom_margin=\u00a0\u00bb30px||||false|false\u00a0\u00bb global_colors_info=\u00a0\u00bb{}\u00a0\u00bb][\/et_pb_button][\/et_pb_column][\/et_pb_row][\/et_pb_section]<\/p>\n","protected":false},"excerpt":{"rendered":"<p>Cancers des tissus mous sarcomesLes sarcomes sont des tumeurs se d\u00e9veloppant sur des tissus appel\u00e9s tissus de soutien, c\u2019est-\u00e0-dire les os, le cartilage, les muscles ou encore les vaisseaux sanguins ou les nerfs. Il existe de tr\u00e8s nombreux types de sarcomes, comme les sarcomes touchant le tissu adipeux appel\u00e9 tumeurs adipocytaires, les tumeurs fibroblastiques, les [&hellip;]<\/p>\n","protected":false},"author":1,"featured_media":0,"parent":0,"menu_order":0,"comment_status":"closed","ping_status":"closed","template":"","meta":{"_acf_changed":false,"_et_pb_use_builder":"on","_et_pb_old_content":"","_et_gb_content_width":"","_monsterinsights_skip_tracking":false,"_monsterinsights_sitenote_active":false,"_monsterinsights_sitenote_note":"","_monsterinsights_sitenote_category":0,"footnotes":""},"class_list":["post-1484","page","type-page","status-publish","hentry"],"acf":[],"yoast_head":"<!-- This site is optimized with the Yoast SEO plugin v27.2 - https:\/\/yoast.com\/product\/yoast-seo-wordpress\/ -->\n<title>Cancer des tissus mous sarcomes - Centre Fran\u00e7ois Baclesse<\/title>\n<meta name=\"robots\" content=\"index, follow, max-snippet:-1, max-image-preview:large, max-video-preview:-1\" \/>\n<link rel=\"canonical\" href=\"https:\/\/www.baclesse.lu\/en\/cancer-des-tissus-mous-sarcomes\/\" \/>\n<meta property=\"og:locale\" content=\"en_GB\" \/>\n<meta property=\"og:type\" content=\"article\" \/>\n<meta property=\"og:title\" content=\"Cancer des tissus mous sarcomes - Centre Fran\u00e7ois Baclesse\" \/>\n<meta property=\"og:description\" content=\"Cancers des tissus mous sarcomesLes sarcomes sont des tumeurs se d\u00e9veloppant sur des tissus appel\u00e9s tissus de soutien, c\u2019est-\u00e0-dire les os, le cartilage, les muscles ou encore les vaisseaux sanguins ou les nerfs. Il existe de tr\u00e8s nombreux types de sarcomes, comme les sarcomes touchant le tissu adipeux appel\u00e9 tumeurs adipocytaires, les tumeurs fibroblastiques, les [&hellip;]\" \/>\n<meta property=\"og:url\" content=\"https:\/\/www.baclesse.lu\/en\/cancer-des-tissus-mous-sarcomes\/\" \/>\n<meta property=\"og:site_name\" content=\"Centre Fran\u00e7ois Baclesse\" \/>\n<meta property=\"article:modified_time\" content=\"2025-11-18T20:38:21+00:00\" \/>\n<meta property=\"og:image\" content=\"https:\/\/www.baclesse.lu\/wp-content\/uploads\/2025\/07\/PICTOGRAMMES_Cancers-des-tissus-mous-sarcomes.png\" \/>\n<meta name=\"twitter:card\" content=\"summary_large_image\" \/>\n<meta name=\"twitter:label1\" content=\"Estimated reading time\" \/>\n\t<meta name=\"twitter:data1\" content=\"7 minutes\" \/>\n<script type=\"application\/ld+json\" class=\"yoast-schema-graph\">{\"@context\":\"https:\/\/schema.org\",\"@graph\":[{\"@type\":\"WebPage\",\"@id\":\"https:\/\/www.baclesse.lu\/cancer-des-tissus-mous-sarcomes\/\",\"url\":\"https:\/\/www.baclesse.lu\/cancer-des-tissus-mous-sarcomes\/\",\"name\":\"Cancer des tissus mous sarcomes - Centre Fran\u00e7ois Baclesse\",\"isPartOf\":{\"@id\":\"https:\/\/www.baclesse.lu\/#website\"},\"primaryImageOfPage\":{\"@id\":\"https:\/\/www.baclesse.lu\/cancer-des-tissus-mous-sarcomes\/#primaryimage\"},\"image\":{\"@id\":\"https:\/\/www.baclesse.lu\/cancer-des-tissus-mous-sarcomes\/#primaryimage\"},\"thumbnailUrl\":\"https:\/\/www.baclesse.lu\/wp-content\/uploads\/2025\/07\/PICTOGRAMMES_Cancers-des-tissus-mous-sarcomes.png\",\"datePublished\":\"2025-09-10T16:49:36+00:00\",\"dateModified\":\"2025-11-18T20:38:21+00:00\",\"breadcrumb\":{\"@id\":\"https:\/\/www.baclesse.lu\/cancer-des-tissus-mous-sarcomes\/#breadcrumb\"},\"inLanguage\":\"en-GB\",\"potentialAction\":[{\"@type\":\"ReadAction\",\"target\":[\"https:\/\/www.baclesse.lu\/cancer-des-tissus-mous-sarcomes\/\"]}]},{\"@type\":\"ImageObject\",\"inLanguage\":\"en-GB\",\"@id\":\"https:\/\/www.baclesse.lu\/cancer-des-tissus-mous-sarcomes\/#primaryimage\",\"url\":\"https:\/\/www.baclesse.lu\/wp-content\/uploads\/2025\/07\/PICTOGRAMMES_Cancers-des-tissus-mous-sarcomes.png\",\"contentUrl\":\"https:\/\/www.baclesse.lu\/wp-content\/uploads\/2025\/07\/PICTOGRAMMES_Cancers-des-tissus-mous-sarcomes.png\"},{\"@type\":\"BreadcrumbList\",\"@id\":\"https:\/\/www.baclesse.lu\/cancer-des-tissus-mous-sarcomes\/#breadcrumb\",\"itemListElement\":[{\"@type\":\"ListItem\",\"position\":1,\"name\":\"Accueil\",\"item\":\"https:\/\/www.baclesse.lu\/\"},{\"@type\":\"ListItem\",\"position\":2,\"name\":\"Cancer des tissus mous sarcomes\"}]},{\"@type\":\"WebSite\",\"@id\":\"https:\/\/www.baclesse.lu\/#website\",\"url\":\"https:\/\/www.baclesse.lu\/\",\"name\":\"Centre Fran\u00e7ois Baclesse\",\"description\":\"Centre National de Radioth\u00e9rapie\",\"potentialAction\":[{\"@type\":\"SearchAction\",\"target\":{\"@type\":\"EntryPoint\",\"urlTemplate\":\"https:\/\/www.baclesse.lu\/?s={search_term_string}\"},\"query-input\":{\"@type\":\"PropertyValueSpecification\",\"valueRequired\":true,\"valueName\":\"search_term_string\"}}],\"inLanguage\":\"en-GB\"}]}<\/script>\n<!-- \/ Yoast SEO plugin. -->","yoast_head_json":{"title":"Cancer des tissus mous sarcomes - Centre Fran\u00e7ois Baclesse","robots":{"index":"index","follow":"follow","max-snippet":"max-snippet:-1","max-image-preview":"max-image-preview:large","max-video-preview":"max-video-preview:-1"},"canonical":"https:\/\/www.baclesse.lu\/en\/cancer-des-tissus-mous-sarcomes\/","og_locale":"en_GB","og_type":"article","og_title":"Cancer des tissus mous sarcomes - Centre Fran\u00e7ois Baclesse","og_description":"Cancers des tissus mous sarcomesLes sarcomes sont des tumeurs se d\u00e9veloppant sur des tissus appel\u00e9s tissus de soutien, c\u2019est-\u00e0-dire les os, le cartilage, les muscles ou encore les vaisseaux sanguins ou les nerfs. Il existe de tr\u00e8s nombreux types de sarcomes, comme les sarcomes touchant le tissu adipeux appel\u00e9 tumeurs adipocytaires, les tumeurs fibroblastiques, les [&hellip;]","og_url":"https:\/\/www.baclesse.lu\/en\/cancer-des-tissus-mous-sarcomes\/","og_site_name":"Centre Fran\u00e7ois Baclesse","article_modified_time":"2025-11-18T20:38:21+00:00","og_image":[{"url":"https:\/\/www.baclesse.lu\/wp-content\/uploads\/2025\/07\/PICTOGRAMMES_Cancers-des-tissus-mous-sarcomes.png","type":"","width":"","height":""}],"twitter_card":"summary_large_image","twitter_misc":{"Estimated reading time":"7 minutes"},"schema":{"@context":"https:\/\/schema.org","@graph":[{"@type":"WebPage","@id":"https:\/\/www.baclesse.lu\/cancer-des-tissus-mous-sarcomes\/","url":"https:\/\/www.baclesse.lu\/cancer-des-tissus-mous-sarcomes\/","name":"Cancer des tissus mous sarcomes - Centre Fran\u00e7ois Baclesse","isPartOf":{"@id":"https:\/\/www.baclesse.lu\/#website"},"primaryImageOfPage":{"@id":"https:\/\/www.baclesse.lu\/cancer-des-tissus-mous-sarcomes\/#primaryimage"},"image":{"@id":"https:\/\/www.baclesse.lu\/cancer-des-tissus-mous-sarcomes\/#primaryimage"},"thumbnailUrl":"https:\/\/www.baclesse.lu\/wp-content\/uploads\/2025\/07\/PICTOGRAMMES_Cancers-des-tissus-mous-sarcomes.png","datePublished":"2025-09-10T16:49:36+00:00","dateModified":"2025-11-18T20:38:21+00:00","breadcrumb":{"@id":"https:\/\/www.baclesse.lu\/cancer-des-tissus-mous-sarcomes\/#breadcrumb"},"inLanguage":"en-GB","potentialAction":[{"@type":"ReadAction","target":["https:\/\/www.baclesse.lu\/cancer-des-tissus-mous-sarcomes\/"]}]},{"@type":"ImageObject","inLanguage":"en-GB","@id":"https:\/\/www.baclesse.lu\/cancer-des-tissus-mous-sarcomes\/#primaryimage","url":"https:\/\/www.baclesse.lu\/wp-content\/uploads\/2025\/07\/PICTOGRAMMES_Cancers-des-tissus-mous-sarcomes.png","contentUrl":"https:\/\/www.baclesse.lu\/wp-content\/uploads\/2025\/07\/PICTOGRAMMES_Cancers-des-tissus-mous-sarcomes.png"},{"@type":"BreadcrumbList","@id":"https:\/\/www.baclesse.lu\/cancer-des-tissus-mous-sarcomes\/#breadcrumb","itemListElement":[{"@type":"ListItem","position":1,"name":"Accueil","item":"https:\/\/www.baclesse.lu\/"},{"@type":"ListItem","position":2,"name":"Cancer des tissus mous sarcomes"}]},{"@type":"WebSite","@id":"https:\/\/www.baclesse.lu\/#website","url":"https:\/\/www.baclesse.lu\/","name":"Fran\u00e7ois Baclesse Center","description":"Centre National de Radioth\u00e9rapie","potentialAction":[{"@type":"SearchAction","target":{"@type":"EntryPoint","urlTemplate":"https:\/\/www.baclesse.lu\/?s={search_term_string}"},"query-input":{"@type":"PropertyValueSpecification","valueRequired":true,"valueName":"search_term_string"}}],"inLanguage":"en-GB"}]}},"_links":{"self":[{"href":"https:\/\/www.baclesse.lu\/en\/wp-json\/wp\/v2\/pages\/1484","targetHints":{"allow":["GET"]}}],"collection":[{"href":"https:\/\/www.baclesse.lu\/en\/wp-json\/wp\/v2\/pages"}],"about":[{"href":"https:\/\/www.baclesse.lu\/en\/wp-json\/wp\/v2\/types\/page"}],"author":[{"embeddable":true,"href":"https:\/\/www.baclesse.lu\/en\/wp-json\/wp\/v2\/users\/1"}],"replies":[{"embeddable":true,"href":"https:\/\/www.baclesse.lu\/en\/wp-json\/wp\/v2\/comments?post=1484"}],"version-history":[{"count":8,"href":"https:\/\/www.baclesse.lu\/en\/wp-json\/wp\/v2\/pages\/1484\/revisions"}],"predecessor-version":[{"id":3426,"href":"https:\/\/www.baclesse.lu\/en\/wp-json\/wp\/v2\/pages\/1484\/revisions\/3426"}],"wp:attachment":[{"href":"https:\/\/www.baclesse.lu\/en\/wp-json\/wp\/v2\/media?parent=1484"}],"curies":[{"name":"wp","href":"https:\/\/api.w.org\/{rel}","templated":true}]}}