{"id":114,"date":"2025-08-06T13:28:12","date_gmt":"2025-08-06T13:28:12","guid":{"rendered":"https:\/\/site-cfb:8890\/?page_id=114"},"modified":"2026-01-27T09:46:53","modified_gmt":"2026-01-27T09:46:53","slug":"cancer-du-sein","status":"publish","type":"page","link":"https:\/\/www.baclesse.lu\/en\/cancer-du-sein\/","title":{"rendered":"Breast cancers"},"content":{"rendered":"<p>[et_pb_section fb_built=\u00a0\u00bb1&Prime; _builder_version=\u00a0\u00bb4.27.4&Prime; _module_preset=\u00a0\u00bbdefault\u00a0\u00bb global_colors_info=\u00a0\u00bb{}\u00a0\u00bb][et_pb_row column_structure=\u00a0\u00bb1_3,2_3&Prime; make_equal=\u00a0\u00bboff\u00a0\u00bb module_class=\u00a0\u00bbligne-custom-flex, ligne-tablette\u00a0\u00bb _builder_version=\u00a0\u00bb4.27.4&Prime; _module_preset=\u00a0\u00bbe5d185d1-dedc-497d-8a24-c3470cedcbb1&Prime; global_colors_info=\u00a0\u00bb{}\u00a0\u00bb custom_css_main_element_last_edited=\u00a0\u00bboff|desktop\u00a0\u00bb][et_pb_column type=\u00a0\u00bb1_3&Prime; module_class=\u00a0\u00bbta-col-gauche\u00a0\u00bb _builder_version=\u00a0\u00bb4.27.4&Prime; _module_preset=\u00a0\u00bbdefault\u00a0\u00bb global_colors_info=\u00a0\u00bb{}\u00a0\u00bb][et_pb_text disabled_on=\u00a0\u00bbon|off|off\u00a0\u00bb _builder_version=\u00a0\u00bb4.27.4&Prime; _module_preset=\u00a0\u00bb20f488bc-70a4-44d3-839f-04d2c0592d1e\u00a0\u00bb global_colors_info=\u00a0\u00bb{}\u00a0\u00bb]<\/p>\n<p>Cancers du sein<\/p>\n<p>[\/et_pb_text][et_pb_image src=\u00a0\u00bbhttps:\/\/www.baclesse.lu\/wp-content\/uploads\/2025\/08\/Rayon_CFB_Rose_V2.png\u00a0\u00bb title_text=\u00a0\u00bbRayon_CFB_Rose_V2&Prime; align_tablet=\u00a0\u00bbleft\u00a0\u00bb align_last_edited=\u00a0\u00bboff|tablet\u00a0\u00bb _builder_version=\u00a0\u00bb4.27.4&Prime; _module_preset=\u00a0\u00bbd6084e7c-e5e7-4196-9a1d-c82dec5ca1d3&Prime; transform_scale_tablet=\u00a0\u00bb80%|80%\u00a0\u00bb transform_scale_phone=\u00a0\u00bb80%|80%\u00a0\u00bb transform_scale_last_edited=\u00a0\u00bbon|tablet\u00a0\u00bb transform_translate_tablet=\u00a0\u00bb\u00a0\u00bb transform_translate_phone=\u00a0\u00bb\u00a0\u00bb transform_translate_last_edited=\u00a0\u00bbon|desktop\u00a0\u00bb transform_rotate_tablet=\u00a0\u00bb\u00a0\u00bb transform_rotate_phone=\u00a0\u00bb\u00a0\u00bb transform_rotate_last_edited=\u00a0\u00bbon|desktop\u00a0\u00bb transform_skew_tablet=\u00a0\u00bb\u00a0\u00bb transform_skew_phone=\u00a0\u00bb\u00a0\u00bb transform_skew_last_edited=\u00a0\u00bbon|desktop\u00a0\u00bb transform_origin_tablet=\u00a0\u00bb\u00a0\u00bb transform_origin_phone=\u00a0\u00bb\u00a0\u00bb transform_origin_last_edited=\u00a0\u00bbon|desktop\u00a0\u00bb transform_styles_last_edited=\u00a0\u00bbon|tablet\u00a0\u00bb transform_styles_tablet=\u00a0\u00bb\u00a0\u00bb transform_styles_phone=\u00a0\u00bb\u00a0\u00bb global_colors_info=\u00a0\u00bb{}\u00a0\u00bb][\/et_pb_image][et_pb_image src=\u00a0\u00bbhttps:\/\/www.baclesse.lu\/wp-content\/uploads\/2025\/07\/PICTOGRAMMES_Plan-de-travail-1.png\u00a0\u00bb title_text=\u00a0\u00bbPICTOGRAMMES_Cancer du sein\u00a0\u00bb disabled_on=\u00a0\u00bbon|off|off\u00a0\u00bb _builder_version=\u00a0\u00bb4.27.4&Prime; _module_preset=\u00a0\u00bbdefault\u00a0\u00bb transform_scale=\u00a0\u00bb90%|90%\u00a0\u00bb transform_scale_tablet=\u00a0\u00bb70%|70%\u00a0\u00bb transform_scale_phone=\u00a0\u00bb\u00a0\u00bb transform_scale_last_edited=\u00a0\u00bbon|tablet\u00a0\u00bb transform_translate=\u00a0\u00bb-20px|0px\u00a0\u00bb transform_translate_tablet=\u00a0\u00bb\u00a0\u00bb transform_translate_phone=\u00a0\u00bb\u00a0\u00bb transform_translate_last_edited=\u00a0\u00bbon|tablet\u00a0\u00bb transform_translate_linked=\u00a0\u00bboff\u00a0\u00bb transform_rotate_tablet=\u00a0\u00bb\u00a0\u00bb transform_rotate_phone=\u00a0\u00bb\u00a0\u00bb transform_rotate_last_edited=\u00a0\u00bbon|tablet\u00a0\u00bb transform_skew_tablet=\u00a0\u00bb\u00a0\u00bb transform_skew_phone=\u00a0\u00bb\u00a0\u00bb transform_skew_last_edited=\u00a0\u00bbon|tablet\u00a0\u00bb transform_origin_tablet=\u00a0\u00bb\u00a0\u00bb transform_origin_phone=\u00a0\u00bb\u00a0\u00bb transform_origin_last_edited=\u00a0\u00bbon|tablet\u00a0\u00bb transform_styles_last_edited=\u00a0\u00bbon|tablet\u00a0\u00bb custom_margin_tablet=\u00a0\u00bb-30px|||-20px|false|false\u00a0\u00bb custom_margin_phone=\u00a0\u00bb\u00a0\u00bb custom_margin_last_edited=\u00a0\u00bbon|phone\u00a0\u00bb custom_padding_tablet=\u00a0\u00bb||||false|false\u00a0\u00bb custom_padding_last_edited=\u00a0\u00bboff|tablet\u00a0\u00bb transform_styles_tablet=\u00a0\u00bb\u00a0\u00bb transform_styles_phone=\u00a0\u00bb\u00a0\u00bb global_colors_info=\u00a0\u00bb{}\u00a0\u00bb][\/et_pb_image][et_pb_code disabled_on=\u00a0\u00bboff|on|on\u00a0\u00bb module_class=\u00a0\u00bbtitre-rose\u00a0\u00bb _builder_version=\u00a0\u00bb4.27.4&Prime; _module_preset=\u00a0\u00bbdefault\u00a0\u00bb global_colors_info=\u00a0\u00bb{}\u00a0\u00bb]<\/p>\n<div class=\"bloc-mobile-empile titre-rose\"><!-- [et_pb_line_break_holder] -->  <\/p>\n<div class=\"mobile-img\"><!-- [et_pb_line_break_holder] -->    <img decoding=\"async\" src=\"https:\/\/www.baclesse.lu\/wp-content\/uploads\/2025\/07\/PICTOGRAMMES_Plan-de-travail-1.png\" alt=\"Illustration cancer du sein\"><!-- [et_pb_line_break_holder] -->  <\/div>\n<p><!-- [et_pb_line_break_holder] -->  <\/p>\n<div class=\"mobile-title\"><!-- [et_pb_line_break_holder] -->    <\/p>\n<h1>Cancers du sein<\/h1>\n<p><!-- [et_pb_line_break_holder] -->  <\/div>\n<p><!-- [et_pb_line_break_holder] --><\/div>\n<p>[\/et_pb_code][\/et_pb_column][et_pb_column type=\u00a0\u00bb2_3&Prime; module_class=\u00a0\u00bbta-col-droite\u00a0\u00bb _builder_version=\u00a0\u00bb4.27.4&Prime; _module_preset=\u00a0\u00bbdefault\u00a0\u00bb global_colors_info=\u00a0\u00bb{}\u00a0\u00bb][et_pb_accordion _builder_version=\u00a0\u00bb4.27.4&Prime; _module_preset=\u00a0\u00bbdbcfc262-b659-4b09-ada2-b468f093dfff\u00a0\u00bb hover_enabled=\u00a0\u00bb0&Prime; global_colors_info=\u00a0\u00bb{}\u00a0\u00bb sticky_enabled=\u00a0\u00bb0&Prime;][et_pb_accordion_item title=\u00a0\u00bbG\u00e9n\u00e9ralit\u00e9s\u00a0\u00bb open=\u00a0\u00bboff\u00a0\u00bb _builder_version=\u00a0\u00bb4.27.4&Prime; _module_preset=\u00a0\u00bb2bcb5139-c782-4194-9b29-810b74cf3f5e\u00a0\u00bb custom_padding_tablet=\u00a0\u00bb10px||14px|0px|false|false\u00a0\u00bb custom_padding_phone=\u00a0\u00bb0px||12px||false|false\u00a0\u00bb custom_padding_last_edited=\u00a0\u00bbon|tablet\u00a0\u00bb border_width_all=\u00a0\u00bb0px\u00a0\u00bb global_colors_info=\u00a0\u00bb{}\u00a0\u00bb]<\/p>\n<p>Le cancer du sein repr\u00e9sente un tiers des cancers qui touchent la femme.<\/p>\n<p>On ne conna\u00eet ni les causes ni l\u2019origine des cancers du sein mais on peut r\u00e9pertorier quelques facteurs de risque :<\/p>\n<ul>\n<li>Le sexe\u00a0: 99 % des cancers du sein surviennent chez la femme<\/li>\n<li>L\u2019\u00e2ge<\/li>\n<li>Les pathologies familiales et personnelles<\/li>\n<li>La nulliparit\u00e9 (le fait de n\u2019avoir jamais eu d\u2019enfant)<\/li>\n<li>Une longue p\u00e9riode d\u2019activit\u00e9 hormonale &#8211; pubert\u00e9 pr\u00e9coce, m\u00e9nopause tardive, traitement hormonal de substitution<\/li>\n<\/ul>\n<p>Quand les cellules canc\u00e9reuses restent regroup\u00e9es, on parle de cancer \u201cin situ\u201d (c\u2019est \u00e0 dire \u201crest\u00e9 en place\u201d) et il n\u2019y a pas de risque d\u2019extension au-del\u00e0 du sein.<\/p>\n<p>Quand il y a extension (ou infiltration), on parle alors de cancer infiltrant. Les cellules canc\u00e9reuses (ou n\u00e9oplasiques) ont alors la capacit\u00e9 d\u2019infiltrer les vaisseaux lymphatiques.<\/p>\n<p>Les cellules canc\u00e9reuses peuvent aussi passer dans la circulation sanguine et se d\u00e9velopper \u00e0 distance de la tumeur primitive (du sein), ce sont alors des m\u00e9tastases.<\/p>\n<p>[\/et_pb_accordion_item][et_pb_accordion_item title=\u00a0\u00bbSignes cliniques \u00a0\u00bb open_toggle_background_color=\u00a0\u00bb#FFFFFF\u00a0\u00bb closed_toggle_background_color=\u00a0\u00bb#FFFFFF\u00a0\u00bb _builder_version=\u00a0\u00bb4.27.4&Prime; _module_preset=\u00a0\u00bb2bcb5139-c782-4194-9b29-810b74cf3f5e\u00a0\u00bb border_color_top=\u00a0\u00bb#c15fb4&Prime; border_width_right=\u00a0\u00bb0px\u00a0\u00bb border_width_left=\u00a0\u00bb0px\u00a0\u00bb border_color_left=\u00a0\u00bb#c15fb4&Prime; global_colors_info=\u00a0\u00bb{}\u00a0\u00bb open=\u00a0\u00bboff\u00a0\u00bb]<\/p>\n<p>Il peut s\u2019agir de la <span class=\"sc-highlight-rose\">d\u00e9couverte d\u2019une masse \u201cboule\u201d par l\u2019autopalpation ou lors d\u2019une visite chez le gyn\u00e9cologue<\/span>. Le plus souvent, c\u2019est par la d\u00e9couverte de micro-calcifications sur mammographie que le diagnostic est r\u00e9alis\u00e9.<\/p>\n<p>Il peut y avoir aussi d\u2019autres signes comme une <span class=\"sc-highlight-rose\">modification de la couleur du sein, de sa temp\u00e9rature, de sa forme, de sa taille, de sa texture, de la tenue du mamelon, de la peau, mais aussi la d\u00e9couverte d\u2019une masse au niveau de l\u2019aisselle<\/span>.<\/p>\n<p>Du fait de la g\u00e9n\u00e9ralisation du d\u00e9pistage du cancer du sein, les l\u00e9sions sont d\u00e9pist\u00e9es \u00e0 des stades de plus en plus pr\u00e9coces, permettant un traitement plus efficace. Parfois, il n\u2019y a pas de signe clinique particulier et c\u2019est en cela qu\u2019un suivi m\u00e9dical r\u00e9gulier est n\u00e9cessaire et recommand\u00e9.<\/p>\n<p>[\/et_pb_accordion_item][et_pb_accordion_item title=\u00a0\u00bbPrise en charge des cancers du sein au CFB \u00a0\u00bb open_toggle_background_color=\u00a0\u00bb#FFFFFF\u00a0\u00bb closed_toggle_background_color=\u00a0\u00bb#FFFFFF\u00a0\u00bb _builder_version=\u00a0\u00bb4.27.4&Prime; _module_preset=\u00a0\u00bb2bcb5139-c782-4194-9b29-810b74cf3f5e\u00a0\u00bb hover_enabled=\u00a0\u00bb0&Prime; border_color_all=\u00a0\u00bbRGBA(255,255,255,0)\u00a0\u00bb border_color_top=\u00a0\u00bb#c15fb4&Prime; border_width_right=\u00a0\u00bb0px\u00a0\u00bb border_color_bottom=\u00a0\u00bb#c15fb4&Prime; border_width_left=\u00a0\u00bb0px\u00a0\u00bb border_color_left=\u00a0\u00bbRGBA(255,255,255,0)\u00a0\u00bb global_colors_info=\u00a0\u00bb{}\u00a0\u00bb closed_toggle_font_size_tablet=\u00a0\u00bb\u00a0\u00bb closed_toggle_font_size_phone=\u00a0\u00bb\u00a0\u00bb closed_toggle_font_size_last_edited=\u00a0\u00bbon|tablet\u00a0\u00bb open=\u00a0\u00bbon\u00a0\u00bb sticky_enabled=\u00a0\u00bb0&Prime;]<\/p>\n<h2><strong>Radioth\u00e9rapie externe<\/strong><\/h2>\n<p>Au CFB nous traitons les cancers du sein par radioth\u00e9rapie externe. Ce traitement utilise des rayons X dirig\u00e9s, \u00e0 travers la peau, vers la zone \u00e0 traiter. Ces rayons sont produits par un acc\u00e9l\u00e9rateur lin\u00e9aire et d\u00e9truisent progressivement les cellules canc\u00e9reuses.<\/p>\n<p>Votre traitement d\u00e9butera avec un scanner de rep\u00e9rage (appel\u00e9 simulation virtuelle)\u00a0; il permet de d\u00e9limiter les zones \u00e0 traiter (volumes cibles), ainsi que les organes sains alentours qui devront \u00eatre pr\u00e9serv\u00e9s au maximum.<\/p>\n<p>Votre plan de traitement sera \u00e9tabli de mani\u00e8re individuelle (en tenant compte de vos caract\u00e9ristiques sp\u00e9cifiques et celle de votre maladie) et planifi\u00e9 sur plusieurs semaines. Les s\u00e9ances se d\u00e9roulent du lundi au vendredi et durent environ 15 minutes.<\/p>\n<p>Les rayons sont invisibles et indolores et ne rendent pas radioactif.<\/p>\n<p>Dans le cadre d\u2019un cancer du sein, la radioth\u00e9rapie est souvent effectu\u00e9e apr\u00e8s une chirurgie, dans le but de d\u00e9truire les cellules canc\u00e9reuses persistantes.<\/p>\n<h2><strong>La technique DIBH \u00ab Deep Inspiration Breath Hold \u00bb<\/strong><\/h2>\n<p>Pour certaines patientes atteintes au niveau du sein gauche, le CFB propose d\u00e9sormais une technique qui permet de r\u00e9duire les potentielles toxicit\u00e9s cardiaques et pulmonaires de la radioth\u00e9rapie mammaire : le DIBH \u00ab Deep Inspiration Breath Hold \u00bb (traitement en inspiration bloqu\u00e9e).<\/p>\n<p>Cette m\u00e9thode est bas\u00e9e sur une inspiration profonde bloqu\u00e9e qui induit le gonflement de la cage thoracique, \u00e9loignant ainsi le c\u0153ur et le poumon du sein trait\u00e9. La radioth\u00e9rapie est administr\u00e9e au moment o\u00f9 la patiente, apr\u00e8s avoir pris une profonde inspiration, bloque sa respiration pendant environ vingt secondes plusieurs fois sur la s\u00e9ance.<\/p>\n<p>Cette m\u00e9thode n\u00e9cessite un accompagnement sp\u00e9cifique par le personnel soignant et vous sera propos\u00e9e si appropri\u00e9e \u00e0 votre cas.<\/p>\n<p>[\/et_pb_accordion_item][et_pb_accordion_item title=\u00a0\u00bbLes effets secondaires durant le traitement de radioth\u00e9rapie \u00a0\u00bb open_toggle_background_color=\u00a0\u00bb#FFFFFF\u00a0\u00bb closed_toggle_background_color=\u00a0\u00bb#FFFFFF\u00a0\u00bb _builder_version=\u00a0\u00bb4.27.4&Prime; _module_preset=\u00a0\u00bb2bcb5139-c782-4194-9b29-810b74cf3f5e\u00a0\u00bb border_color_all=\u00a0\u00bbRGBA(255,255,255,0)\u00a0\u00bb border_color_top=\u00a0\u00bb#c15fb4&Prime; border_width_right=\u00a0\u00bb0px\u00a0\u00bb border_color_bottom=\u00a0\u00bb#c15fb4&Prime; border_width_left=\u00a0\u00bb0px\u00a0\u00bb border_color_left=\u00a0\u00bbRGBA(255,255,255,0)\u00a0\u00bb global_colors_info=\u00a0\u00bb{}\u00a0\u00bb closed_toggle_font_size_tablet=\u00a0\u00bb\u00a0\u00bb closed_toggle_font_size_phone=\u00a0\u00bb\u00a0\u00bb closed_toggle_font_size_last_edited=\u00a0\u00bbon|phone\u00a0\u00bb open=\u00a0\u00bboff\u00a0\u00bb]<\/p>\n<p>Dans le cadre d\u2019un traitement de radioth\u00e9rapie, les effets secondaires sont pr\u00e9visibles mais pas syst\u00e9matiques ; chaque situation est unique et chaque patient r\u00e9agit diff\u00e9remment.<\/p>\n<p><span class=\"sc-big-text-rose\">Nous invitons les patients \u00e0 signaler tout effet ind\u00e9sirable \u00e0 leur m\u00e9decin r\u00e9f\u00e9rent au CFB lors des consultations de surveillance hebdomadaires.<\/span><\/p>\n<p>De nos jours, les effets secondaires aigus les plus courants sont tr\u00e8s bien pris en charge gr\u00e2ce \u00e0 des traitements symptomatiques. Ils vous seront prescrits si besoin par votre oncologue radioth\u00e9rapeute.<\/p>\n<ul>\n<li><span class=\"sc-highlight-noir\">Fatigue :<\/span> La fatigue est un effet secondaire fr\u00e9quent mais pas forc\u00e9ment d\u00fb au traitement. Elle est souvent due \u00e0 la r\u00e9p\u00e9tition quotidienne du traitement. C\u2019est aussi parfois un contrecoup de l\u2019op\u00e9ration pr\u00e9alable ou du traitement de chimioth\u00e9rapie.<\/li>\n<li><span class=\"sc-highlight-noir\">Rougeurs et s\u00e9cheresse de la peau :<\/span> La peau de la zone trait\u00e9e peut graduellement devenir rouge (comme un coup de soleil) au cours du traitement. Parfois la peau est s\u00e8che, brunie ou plus rarement desquam\u00e9e. Elle retrouve sa coloration d\u2019origine au bout de plusieurs mois apr\u00e8s la fin du traitement. Il n\u2019existe pas de traitement pr\u00e9ventif mais, en cas de douleur, le m\u00e9decin peut vous prescrire un traitement apaisant.<\/li>\n<li><span class=\"sc-highlight-noir\">Autres :<\/span> Une g\u00eane \u00e0 la d\u00e9glutition, voire de la toux s\u00e8che, peuvent apparaitre durant le traitement de radioth\u00e9rapie, surtout en cas d\u2019irradiation des ganglions autour de la clavicule.<\/li>\n<\/ul>\n<p>[\/et_pb_accordion_item][et_pb_accordion_item title=\u00a0\u00bbLes effets secondaires apr\u00e8s le traitement\u00a0\u00bb open_toggle_background_color=\u00a0\u00bb#FFFFFF\u00a0\u00bb closed_toggle_background_color=\u00a0\u00bb#FFFFFF\u00a0\u00bb _builder_version=\u00a0\u00bb4.27.4&Prime; _module_preset=\u00a0\u00bb2bcb5139-c782-4194-9b29-810b74cf3f5e\u00a0\u00bb hover_enabled=\u00a0\u00bb0&Prime; border_color_all=\u00a0\u00bbRGBA(255,255,255,0)\u00a0\u00bb border_color_top=\u00a0\u00bb#c15fb4&Prime; border_width_right=\u00a0\u00bb0px\u00a0\u00bb border_color_bottom=\u00a0\u00bb#c15fb4&Prime; border_width_left=\u00a0\u00bb0px\u00a0\u00bb border_color_left=\u00a0\u00bbRGBA(255,255,255,0)\u00a0\u00bb global_colors_info=\u00a0\u00bb{}\u00a0\u00bb closed_toggle_font_size_tablet=\u00a0\u00bb\u00a0\u00bb closed_toggle_font_size_phone=\u00a0\u00bb\u00a0\u00bb closed_toggle_font_size_last_edited=\u00a0\u00bbon|phone\u00a0\u00bb open=\u00a0\u00bboff\u00a0\u00bb sticky_enabled=\u00a0\u00bb0&Prime;]<\/p>\n<p><span class=\"sc-big-text-rose\">Les rayons continuent d\u2019agir sur le corps apr\u00e8s la fin du traitement. Souvent, la fatigue et les effets secondaires persistent quelques temps. Nous vous invitons \u00e0 discuter de vos sympt\u00f4mes dans le cadre de votre suivi post th\u00e9rapeutique au CFB.<\/span><\/p>\n<p><span class=\"sc-big-text-rose\"><\/span><\/p>\n<ul>\n<li><span class=\"sc-highlight-noir\">Lymphoc\u00e8le\u00a0:<\/span> Un petit gonflement peut subsister au niveau du sein ou sous le bras apr\u00e8s la chirurgie. Il s\u2019agit d\u2019une petite poche de lymphe.<\/li>\n<li><span class=\"sc-highlight-noir\">Lymph\u0153d\u00e8me\u00a0:<\/span> En cas de curage ganglionnaire, ou plus rarement du fait de la radioth\u00e9rapie, il peut y avoir une augmentation du volume du bras du m\u00eame c\u00f4t\u00e9, du fait de l\u2019accumulation de lymphe. D\u2019autres sympt\u00f4mes peuvent appara\u00eetre comme une certaine lourdeur du bras, une diminution de la mobilit\u00e9 du bras ou des douleurs.<\/li>\n<li><span class=\"sc-highlight-noir\">Irritation de la peau\u00a0:<\/span> L\u2019irritation de la peau peut durer encore quelques semaines apr\u00e8s la fin du traitement. La peau peut rester aussi plus brune ou plus rouge que le reste du corps et ce, pendant quelques mois apr\u00e8s la fin du traitement.<\/li>\n<li><span class=\"sc-highlight-noir\">Sexualit\u00e9\u00a0:<\/span> Le manque de d\u00e9sir sexuel et le manque de confiance en soi peuvent aussi n\u00e9cessiter du temps avant de retrouver un certain \u00e9quilibre. Le sujet est parfois difficile \u00e0 aborder mais votre m\u00e9decin peut vous aider \u00e0 b\u00e9n\u00e9ficier d\u2019un accompagnement et de conseils adapt\u00e9s.<\/li>\n<li>Le sein trait\u00e9 par radioth\u00e9rapie peut rester plus ferme, voire changer un peu d\u2019aspect par rapport \u00e0 l\u2019autre sein non trait\u00e9.<\/li>\n<\/ul>\n<p>[\/et_pb_accordion_item][\/et_pb_accordion][et_pb_button button_url=\u00a0\u00bbhttps:\/\/www.baclesse.lu\/les-cancers-pris-en-charge\/\u00a0\u00bb button_text=\u00a0\u00bbLes cancers pris en charge\u00a0\u00bb _builder_version=\u00a0\u00bb4.27.4&Prime; _module_preset=\u00a0\u00bb3f6b84a1-415e-46f4-9eaa-ecd67f3d2f88&Prime; custom_margin=\u00a0\u00bb30px||||false|false\u00a0\u00bb global_colors_info=\u00a0\u00bb{}\u00a0\u00bb][\/et_pb_button][\/et_pb_column][\/et_pb_row][\/et_pb_section]<\/p>\n","protected":false},"excerpt":{"rendered":"<p>Cancers du seinLe cancer du sein repr\u00e9sente un tiers des cancers qui touchent la femme. On ne conna\u00eet ni les causes ni l\u2019origine des cancers du sein mais on peut r\u00e9pertorier quelques facteurs de risque : Le sexe\u00a0: 99 % des cancers du sein surviennent chez la femme L\u2019\u00e2ge Les pathologies familiales et personnelles La [&hellip;]<\/p>\n","protected":false},"author":1,"featured_media":0,"parent":0,"menu_order":0,"comment_status":"closed","ping_status":"closed","template":"","meta":{"_acf_changed":false,"_et_pb_use_builder":"on","_et_pb_old_content":"","_et_gb_content_width":"","_monsterinsights_skip_tracking":false,"_monsterinsights_sitenote_active":false,"_monsterinsights_sitenote_note":"","_monsterinsights_sitenote_category":0,"footnotes":""},"class_list":["post-114","page","type-page","status-publish","hentry"],"acf":[],"yoast_head":"<!-- This site is optimized with the Yoast SEO plugin v27.2 - https:\/\/yoast.com\/product\/yoast-seo-wordpress\/ -->\n<title>Cancer du sein - Centre Fran\u00e7ois Baclesse<\/title>\n<meta name=\"robots\" content=\"index, follow, max-snippet:-1, max-image-preview:large, max-video-preview:-1\" \/>\n<link rel=\"canonical\" href=\"https:\/\/www.baclesse.lu\/en\/cancer-du-sein\/\" \/>\n<meta property=\"og:locale\" content=\"en_GB\" \/>\n<meta property=\"og:type\" content=\"article\" \/>\n<meta property=\"og:title\" content=\"Cancer du sein - Centre Fran\u00e7ois Baclesse\" \/>\n<meta property=\"og:description\" content=\"Cancers du seinLe cancer du sein repr\u00e9sente un tiers des cancers qui touchent la femme. On ne conna\u00eet ni les causes ni l\u2019origine des cancers du sein mais on peut r\u00e9pertorier quelques facteurs de risque : Le sexe\u00a0: 99 % des cancers du sein surviennent chez la femme L\u2019\u00e2ge Les pathologies familiales et personnelles La [&hellip;]\" \/>\n<meta property=\"og:url\" content=\"https:\/\/www.baclesse.lu\/en\/cancer-du-sein\/\" \/>\n<meta property=\"og:site_name\" content=\"Centre Fran\u00e7ois Baclesse\" \/>\n<meta property=\"article:modified_time\" content=\"2026-01-27T09:46:53+00:00\" \/>\n<meta property=\"og:image\" content=\"https:\/\/www.baclesse.lu\/wp-content\/uploads\/2025\/07\/PICTOGRAMMES_Plan-de-travail-1.png\" \/>\n<meta name=\"twitter:card\" content=\"summary_large_image\" \/>\n<meta name=\"twitter:label1\" content=\"Estimated reading time\" \/>\n\t<meta name=\"twitter:data1\" content=\"6 minutes\" \/>\n<script type=\"application\/ld+json\" class=\"yoast-schema-graph\">{\"@context\":\"https:\/\/schema.org\",\"@graph\":[{\"@type\":\"WebPage\",\"@id\":\"https:\/\/www.baclesse.lu\/cancer-du-sein\/\",\"url\":\"https:\/\/www.baclesse.lu\/cancer-du-sein\/\",\"name\":\"Cancer du sein - Centre Fran\u00e7ois Baclesse\",\"isPartOf\":{\"@id\":\"https:\/\/www.baclesse.lu\/#website\"},\"primaryImageOfPage\":{\"@id\":\"https:\/\/www.baclesse.lu\/cancer-du-sein\/#primaryimage\"},\"image\":{\"@id\":\"https:\/\/www.baclesse.lu\/cancer-du-sein\/#primaryimage\"},\"thumbnailUrl\":\"https:\/\/www.baclesse.lu\/wp-content\/uploads\/2025\/07\/PICTOGRAMMES_Plan-de-travail-1.png\",\"datePublished\":\"2025-08-06T13:28:12+00:00\",\"dateModified\":\"2026-01-27T09:46:53+00:00\",\"breadcrumb\":{\"@id\":\"https:\/\/www.baclesse.lu\/cancer-du-sein\/#breadcrumb\"},\"inLanguage\":\"en-GB\",\"potentialAction\":[{\"@type\":\"ReadAction\",\"target\":[\"https:\/\/www.baclesse.lu\/cancer-du-sein\/\"]}]},{\"@type\":\"ImageObject\",\"inLanguage\":\"en-GB\",\"@id\":\"https:\/\/www.baclesse.lu\/cancer-du-sein\/#primaryimage\",\"url\":\"https:\/\/www.baclesse.lu\/wp-content\/uploads\/2025\/07\/PICTOGRAMMES_Plan-de-travail-1.png\",\"contentUrl\":\"https:\/\/www.baclesse.lu\/wp-content\/uploads\/2025\/07\/PICTOGRAMMES_Plan-de-travail-1.png\"},{\"@type\":\"BreadcrumbList\",\"@id\":\"https:\/\/www.baclesse.lu\/cancer-du-sein\/#breadcrumb\",\"itemListElement\":[{\"@type\":\"ListItem\",\"position\":1,\"name\":\"Accueil\",\"item\":\"https:\/\/www.baclesse.lu\/\"},{\"@type\":\"ListItem\",\"position\":2,\"name\":\"Cancer du sein\"}]},{\"@type\":\"WebSite\",\"@id\":\"https:\/\/www.baclesse.lu\/#website\",\"url\":\"https:\/\/www.baclesse.lu\/\",\"name\":\"Centre Fran\u00e7ois Baclesse\",\"description\":\"Centre National de Radioth\u00e9rapie\",\"potentialAction\":[{\"@type\":\"SearchAction\",\"target\":{\"@type\":\"EntryPoint\",\"urlTemplate\":\"https:\/\/www.baclesse.lu\/?s={search_term_string}\"},\"query-input\":{\"@type\":\"PropertyValueSpecification\",\"valueRequired\":true,\"valueName\":\"search_term_string\"}}],\"inLanguage\":\"en-GB\"}]}<\/script>\n<!-- \/ Yoast SEO plugin. -->","yoast_head_json":{"title":"Cancer du sein - Centre Fran\u00e7ois Baclesse","robots":{"index":"index","follow":"follow","max-snippet":"max-snippet:-1","max-image-preview":"max-image-preview:large","max-video-preview":"max-video-preview:-1"},"canonical":"https:\/\/www.baclesse.lu\/en\/cancer-du-sein\/","og_locale":"en_GB","og_type":"article","og_title":"Cancer du sein - Centre Fran\u00e7ois Baclesse","og_description":"Cancers du seinLe cancer du sein repr\u00e9sente un tiers des cancers qui touchent la femme. On ne conna\u00eet ni les causes ni l\u2019origine des cancers du sein mais on peut r\u00e9pertorier quelques facteurs de risque : Le sexe\u00a0: 99 % des cancers du sein surviennent chez la femme L\u2019\u00e2ge Les pathologies familiales et personnelles La [&hellip;]","og_url":"https:\/\/www.baclesse.lu\/en\/cancer-du-sein\/","og_site_name":"Centre Fran\u00e7ois Baclesse","article_modified_time":"2026-01-27T09:46:53+00:00","og_image":[{"url":"https:\/\/www.baclesse.lu\/wp-content\/uploads\/2025\/07\/PICTOGRAMMES_Plan-de-travail-1.png","type":"","width":"","height":""}],"twitter_card":"summary_large_image","twitter_misc":{"Estimated reading time":"6 minutes"},"schema":{"@context":"https:\/\/schema.org","@graph":[{"@type":"WebPage","@id":"https:\/\/www.baclesse.lu\/cancer-du-sein\/","url":"https:\/\/www.baclesse.lu\/cancer-du-sein\/","name":"Cancer du sein - Centre Fran\u00e7ois Baclesse","isPartOf":{"@id":"https:\/\/www.baclesse.lu\/#website"},"primaryImageOfPage":{"@id":"https:\/\/www.baclesse.lu\/cancer-du-sein\/#primaryimage"},"image":{"@id":"https:\/\/www.baclesse.lu\/cancer-du-sein\/#primaryimage"},"thumbnailUrl":"https:\/\/www.baclesse.lu\/wp-content\/uploads\/2025\/07\/PICTOGRAMMES_Plan-de-travail-1.png","datePublished":"2025-08-06T13:28:12+00:00","dateModified":"2026-01-27T09:46:53+00:00","breadcrumb":{"@id":"https:\/\/www.baclesse.lu\/cancer-du-sein\/#breadcrumb"},"inLanguage":"en-GB","potentialAction":[{"@type":"ReadAction","target":["https:\/\/www.baclesse.lu\/cancer-du-sein\/"]}]},{"@type":"ImageObject","inLanguage":"en-GB","@id":"https:\/\/www.baclesse.lu\/cancer-du-sein\/#primaryimage","url":"https:\/\/www.baclesse.lu\/wp-content\/uploads\/2025\/07\/PICTOGRAMMES_Plan-de-travail-1.png","contentUrl":"https:\/\/www.baclesse.lu\/wp-content\/uploads\/2025\/07\/PICTOGRAMMES_Plan-de-travail-1.png"},{"@type":"BreadcrumbList","@id":"https:\/\/www.baclesse.lu\/cancer-du-sein\/#breadcrumb","itemListElement":[{"@type":"ListItem","position":1,"name":"Accueil","item":"https:\/\/www.baclesse.lu\/"},{"@type":"ListItem","position":2,"name":"Cancer du sein"}]},{"@type":"WebSite","@id":"https:\/\/www.baclesse.lu\/#website","url":"https:\/\/www.baclesse.lu\/","name":"Fran\u00e7ois Baclesse Center","description":"Centre National de Radioth\u00e9rapie","potentialAction":[{"@type":"SearchAction","target":{"@type":"EntryPoint","urlTemplate":"https:\/\/www.baclesse.lu\/?s={search_term_string}"},"query-input":{"@type":"PropertyValueSpecification","valueRequired":true,"valueName":"search_term_string"}}],"inLanguage":"en-GB"}]}},"_links":{"self":[{"href":"https:\/\/www.baclesse.lu\/en\/wp-json\/wp\/v2\/pages\/114","targetHints":{"allow":["GET"]}}],"collection":[{"href":"https:\/\/www.baclesse.lu\/en\/wp-json\/wp\/v2\/pages"}],"about":[{"href":"https:\/\/www.baclesse.lu\/en\/wp-json\/wp\/v2\/types\/page"}],"author":[{"embeddable":true,"href":"https:\/\/www.baclesse.lu\/en\/wp-json\/wp\/v2\/users\/1"}],"replies":[{"embeddable":true,"href":"https:\/\/www.baclesse.lu\/en\/wp-json\/wp\/v2\/comments?post=114"}],"version-history":[{"count":106,"href":"https:\/\/www.baclesse.lu\/en\/wp-json\/wp\/v2\/pages\/114\/revisions"}],"predecessor-version":[{"id":3698,"href":"https:\/\/www.baclesse.lu\/en\/wp-json\/wp\/v2\/pages\/114\/revisions\/3698"}],"wp:attachment":[{"href":"https:\/\/www.baclesse.lu\/en\/wp-json\/wp\/v2\/media?parent=114"}],"curies":[{"name":"wp","href":"https:\/\/api.w.org\/{rel}","templated":true}]}}