{"id":3368,"date":"2025-11-17T08:56:17","date_gmt":"2025-11-17T08:56:17","guid":{"rendered":"https:\/\/site-cfb:8890\/?page_id=3368"},"modified":"2025-11-18T20:49:04","modified_gmt":"2025-11-18T20:49:04","slug":"politique-de-cookies","status":"publish","type":"page","link":"https:\/\/www.baclesse.lu\/de\/politique-de-cookies\/","title":{"rendered":"Cookie-Richtlinie"},"content":{"rendered":"<p>[et_pb_section fb_built=\u00a0\u00bb1&Prime; _builder_version=\u00a0\u00bb4.27.4&Prime; _module_preset=\u00a0\u00bbdefault\u00a0\u00bb global_colors_info=\u00a0\u00bb{}\u00a0\u00bb][et_pb_row column_structure=\u00a0\u00bb1_3,2_3&Prime; make_equal=\u00a0\u00bboff\u00a0\u00bb module_class=\u00a0\u00bbligne-custom-flex, ligne-tablette\u00a0\u00bb _builder_version=\u00a0\u00bb4.27.4&Prime; _module_preset=\u00a0\u00bbe5d185d1-dedc-497d-8a24-c3470cedcbb1&Prime; global_colors_info=\u00a0\u00bb{}\u00a0\u00bb custom_css_main_element_last_edited=\u00a0\u00bboff|desktop\u00a0\u00bb][et_pb_column type=\u00a0\u00bb1_3&Prime; module_class=\u00a0\u00bbta-col-gauche\u00a0\u00bb _builder_version=\u00a0\u00bb4.27.4&Prime; _module_preset=\u00a0\u00bbdefault\u00a0\u00bb global_colors_info=\u00a0\u00bb{}\u00a0\u00bb][et_pb_text disabled_on=\u00a0\u00bboff|off|off\u00a0\u00bb _builder_version=\u00a0\u00bb4.27.4&Prime; _module_preset=\u00a0\u00bb71267d9f-7668-4466-8562-5fee47195858&Prime; custom_padding=\u00a0\u00bb|15px|||false|false\u00a0\u00bb custom_padding_tablet=\u00a0\u00bb|15px|||false|false\u00a0\u00bb text_font_size_tablet=\u00a0\u00bb\u00a0\u00bb text_font_size_phone=\u00a0\u00bb26px\u00a0\u00bb text_font_size_last_edited=\u00a0\u00bbon|phone\u00a0\u00bb global_colors_info=\u00a0\u00bb{}\u00a0\u00bb]<\/p>\n<p>Politique de cookies<\/p>\n<p>[\/et_pb_text][et_pb_image src=\u00a0\u00bbhttps:\/\/www.baclesse.lu\/wp-content\/uploads\/2025\/08\/Rayon_CFB_Bleu_Clair_V2.png\u00a0\u00bb title_text=\u00a0\u00bbRayon_CFB_Bleu_Clair_V2&Prime; align_tablet=\u00a0\u00bbleft\u00a0\u00bb align_last_edited=\u00a0\u00bboff|tablet\u00a0\u00bb disabled_on=\u00a0\u00bboff|off|off\u00a0\u00bb _builder_version=\u00a0\u00bb4.27.4&Prime; _module_preset=\u00a0\u00bbd6084e7c-e5e7-4196-9a1d-c82dec5ca1d3&Prime; transform_scale_tablet=\u00a0\u00bb80%|80%\u00a0\u00bb transform_scale_phone=\u00a0\u00bb80%|80%\u00a0\u00bb transform_scale_last_edited=\u00a0\u00bbon|desktop\u00a0\u00bb transform_translate_tablet=\u00a0\u00bb\u00a0\u00bb transform_translate_phone=\u00a0\u00bb\u00a0\u00bb transform_translate_last_edited=\u00a0\u00bbon|tablet\u00a0\u00bb transform_rotate_tablet=\u00a0\u00bb\u00a0\u00bb transform_rotate_phone=\u00a0\u00bb\u00a0\u00bb transform_rotate_last_edited=\u00a0\u00bbon|tablet\u00a0\u00bb transform_skew_tablet=\u00a0\u00bb\u00a0\u00bb transform_skew_phone=\u00a0\u00bb\u00a0\u00bb transform_skew_last_edited=\u00a0\u00bbon|tablet\u00a0\u00bb transform_origin_tablet=\u00a0\u00bb\u00a0\u00bb transform_origin_phone=\u00a0\u00bb\u00a0\u00bb transform_origin_last_edited=\u00a0\u00bbon|tablet\u00a0\u00bb transform_styles_last_edited=\u00a0\u00bbon|desktop\u00a0\u00bb custom_margin_tablet=\u00a0\u00bb|8px|||false|false\u00a0\u00bb custom_margin_phone=\u00a0\u00bb|-30px|20px||false|false\u00a0\u00bb custom_margin_last_edited=\u00a0\u00bbon|phone\u00a0\u00bb custom_padding=\u00a0\u00bb||||false|false\u00a0\u00bb custom_padding_tablet=\u00a0\u00bb||||false|false\u00a0\u00bb custom_padding_last_edited=\u00a0\u00bboff|tablet\u00a0\u00bb transform_styles_tablet=\u00a0\u00bb\u00a0\u00bb transform_styles_phone=\u00a0\u00bb\u00a0\u00bb global_colors_info=\u00a0\u00bb{}\u00a0\u00bb][\/et_pb_image][\/et_pb_column][et_pb_column type=\u00a0\u00bb2_3&Prime; module_class=\u00a0\u00bbta-col-droite\u00a0\u00bb _builder_version=\u00a0\u00bb4.27.4&Prime; _module_preset=\u00a0\u00bbdefault\u00a0\u00bb global_colors_info=\u00a0\u00bb{}\u00a0\u00bb][et_pb_text _builder_version=\u00a0\u00bb4.27.4&Prime; _module_preset=\u00a0\u00bbd6f57796-6fc7-4376-8cad-9f96836f9966&Prime; custom_margin=\u00a0\u00bb0px||||false|false\u00a0\u00bb custom_margin_tablet=\u00a0\u00bb0px||15px||false|false\u00a0\u00bb custom_margin_phone=\u00a0\u00bb0px||||false|false\u00a0\u00bb custom_margin_last_edited=\u00a0\u00bbon|desktop\u00a0\u00bb global_colors_info=\u00a0\u00bb{}\u00a0\u00bb]<\/p>\n<div>Derni\u00e8re mise \u00e0 jour : 17\/11\/2025<\/div>\n<p>[\/et_pb_text][et_pb_text _builder_version=\u00a0\u00bb4.27.4&Prime; _module_preset=\u00a0\u00bb492c47f5-776e-4290-9dc9-83379a8dc126&Prime; custom_margin=\u00a0\u00bb0px||||false|false\u00a0\u00bb custom_margin_tablet=\u00a0\u00bb0px||15px||false|false\u00a0\u00bb custom_margin_phone=\u00a0\u00bb0px||||false|false\u00a0\u00bb custom_margin_last_edited=\u00a0\u00bbon|desktop\u00a0\u00bb global_colors_info=\u00a0\u00bb{}\u00a0\u00bb]<\/p>\n<p><b><b><span>1. <\/span><\/b><\/b><b><span>Introduction<\/span><\/b><\/p>\n<p>[\/et_pb_text][et_pb_text _builder_version=\u00a0\u00bb4.27.4&Prime; _module_preset=\u00a0\u00bbd6f57796-6fc7-4376-8cad-9f96836f9966&Prime; custom_margin=\u00a0\u00bb||30px||false|false\u00a0\u00bb custom_margin_tablet=\u00a0\u00bb|15px|20px||false|false\u00a0\u00bb custom_margin_phone=\u00a0\u00bb|0px|20px||false|false\u00a0\u00bb global_colors_info=\u00a0\u00bb{}\u00a0\u00bb]<\/p>\n<p>Le pr\u00e9sent site internet <a href=\"https:\/\/www.baclesse.lu\/\">https:\/\/www.baclesse.lu<\/a> utilise des cookies afin d\u2019assurer son bon fonctionnement, am\u00e9liorer l\u2019exp\u00e9rience utilisateur et analyser la fr\u00e9quentation.<br \/>Cette politique explique ce que sont les cookies, comment nous les utilisons et comment vous pouvez g\u00e9rer vos pr\u00e9f\u00e9rences.<\/p>\n<p>[\/et_pb_text][et_pb_divider color=\u00a0\u00bb#07bbff\u00a0\u00bb _builder_version=\u00a0\u00bb4.27.4&Prime; _module_preset=\u00a0\u00bbdefault\u00a0\u00bb custom_margin=\u00a0\u00bb||10px||false|false\u00a0\u00bb custom_margin_tablet=\u00a0\u00bb||0px||false|false\u00a0\u00bb custom_margin_phone=\u00a0\u00bb||0px||false|false\u00a0\u00bb custom_margin_last_edited=\u00a0\u00bbon|phone\u00a0\u00bb custom_padding=\u00a0\u00bb||||false|false\u00a0\u00bb global_colors_info=\u00a0\u00bb{}\u00a0\u00bb][\/et_pb_divider][et_pb_text _builder_version=\u00a0\u00bb4.27.4&Prime; _module_preset=\u00a0\u00bb492c47f5-776e-4290-9dc9-83379a8dc126&Prime; custom_margin=\u00a0\u00bb0px||||false|false\u00a0\u00bb custom_margin_tablet=\u00a0\u00bb0px||15px||false|false\u00a0\u00bb custom_margin_phone=\u00a0\u00bb0px||||false|false\u00a0\u00bb custom_margin_last_edited=\u00a0\u00bbon|desktop\u00a0\u00bb global_colors_info=\u00a0\u00bb{}\u00a0\u00bb]<\/p>\n<p><b><b><span>2. <\/span><\/b><\/b><b>Qu\u2019est-ce qu\u2019un cookie ?<\/b><\/p>\n<p>[\/et_pb_text][et_pb_text _builder_version=\u00a0\u00bb4.27.4&Prime; _module_preset=\u00a0\u00bbd6f57796-6fc7-4376-8cad-9f96836f9966&Prime; global_colors_info=\u00a0\u00bb{}\u00a0\u00bb]<\/p>\n<p>Un cookie est un petit fichier texte enregistr\u00e9 sur votre terminal (ordinateur, tablette, smartphone) lorsque vous visitez un site web.<br \/>Il permet au site de reconna\u00eetre votre appareil, de m\u00e9moriser vos pr\u00e9f\u00e9rences ou de collecter des informations \u00e0 des fins statistiques.<\/p>\n<p>[\/et_pb_text][et_pb_divider color=\u00a0\u00bb#07bbff\u00a0\u00bb _builder_version=\u00a0\u00bb4.27.4&Prime; _module_preset=\u00a0\u00bbdefault\u00a0\u00bb custom_margin=\u00a0\u00bb||10px||false|false\u00a0\u00bb custom_margin_tablet=\u00a0\u00bb||0px||false|false\u00a0\u00bb custom_margin_phone=\u00a0\u00bb||0px||false|false\u00a0\u00bb custom_margin_last_edited=\u00a0\u00bbon|phone\u00a0\u00bb custom_padding=\u00a0\u00bb||||false|false\u00a0\u00bb global_colors_info=\u00a0\u00bb{}\u00a0\u00bb][\/et_pb_divider][et_pb_text _builder_version=\u00a0\u00bb4.27.4&Prime; _module_preset=\u00a0\u00bb492c47f5-776e-4290-9dc9-83379a8dc126&Prime; custom_margin=\u00a0\u00bb0px||||false|false\u00a0\u00bb custom_margin_tablet=\u00a0\u00bb0px||15px||false|false\u00a0\u00bb custom_margin_phone=\u00a0\u00bb0px||||false|false\u00a0\u00bb custom_margin_last_edited=\u00a0\u00bbon|desktop\u00a0\u00bb global_colors_info=\u00a0\u00bb{}\u00a0\u00bb]<\/p>\n<p><b><b><span>3. <\/span><\/b><\/b><b>Types de cookies utilis\u00e9s<\/b><\/p>\n<p>[\/et_pb_text][et_pb_text _builder_version=\u00a0\u00bb4.27.4&Prime; _module_preset=\u00a0\u00bbd6f57796-6fc7-4376-8cad-9f96836f9966&Prime; custom_margin=\u00a0\u00bb||||false|false\u00a0\u00bb hover_enabled=\u00a0\u00bb0&Prime; global_colors_info=\u00a0\u00bb{}\u00a0\u00bb sticky_enabled=\u00a0\u00bb0&Prime;]<\/p>\n<p>Le site du Centre Fran\u00e7ois Baclesse utilise les cat\u00e9gories de cookies suivantes :<\/p>\n<h2 class=\"h2-bleu\"><strong>Cookies strictement n\u00e9cessaires<\/strong><\/h2>\n<p>Ces cookies sont indispensables au bon fonctionnement du site et \u00e0 la s\u00e9curit\u00e9 de la navigation (par exemple, gestion de session, affichage des pages, formulaires).<br \/>Ils ne n\u00e9cessitent pas de consentement de votre part.<\/p>\n<h2 class=\"h2-bleu\"><strong>Cookies de mesure d\u2019audience<\/strong><\/h2>\n<p>Ces cookies permettent d\u2019obtenir des statistiques de fr\u00e9quentation et d\u2019utilisation du site (pages visit\u00e9es, dur\u00e9e des visites, provenance des internautes, etc.).<br \/>Les donn\u00e9es collect\u00e9es sont <strong>anonymis\u00e9es<\/strong> et ne permettent pas d\u2019identifier les visiteurs individuellement.<br \/>Ils ne sont d\u00e9pos\u00e9s qu\u2019apr\u00e8s votre <strong>consentement explicite<\/strong>.<\/p>\n<h2 class=\"h2-bleu\"><strong>Cookies de pr\u00e9f\u00e9rences<\/strong><\/h2>\n<p>Ces cookies permettent de m\u00e9moriser vos choix (langue, affichage, etc.) pour am\u00e9liorer votre exp\u00e9rience de navigation.<br \/>Ils sont facultatifs et soumis \u00e0 votre consentement.<\/p>\n<p>[\/et_pb_text][et_pb_divider color=\u00a0\u00bb#07bbff\u00a0\u00bb _builder_version=\u00a0\u00bb4.27.4&Prime; _module_preset=\u00a0\u00bbdefault\u00a0\u00bb custom_margin=\u00a0\u00bb||10px||false|false\u00a0\u00bb custom_margin_tablet=\u00a0\u00bb||0px||false|false\u00a0\u00bb custom_margin_phone=\u00a0\u00bb||0px||false|false\u00a0\u00bb custom_margin_last_edited=\u00a0\u00bbon|phone\u00a0\u00bb custom_padding=\u00a0\u00bb||||false|false\u00a0\u00bb global_colors_info=\u00a0\u00bb{}\u00a0\u00bb][\/et_pb_divider][et_pb_text _builder_version=\u00a0\u00bb4.27.4&Prime; _module_preset=\u00a0\u00bb492c47f5-776e-4290-9dc9-83379a8dc126&Prime; custom_margin=\u00a0\u00bb0px||||false|false\u00a0\u00bb custom_margin_tablet=\u00a0\u00bb0px||15px||false|false\u00a0\u00bb custom_margin_phone=\u00a0\u00bb0px||||false|false\u00a0\u00bb custom_margin_last_edited=\u00a0\u00bbon|desktop\u00a0\u00bb global_colors_info=\u00a0\u00bb{}\u00a0\u00bb]<\/p>\n<div><b><span>4. Consentement \u00e0 l\u2019utilisation des cookies<\/span><\/b><\/div>\n<p>[\/et_pb_text][et_pb_text _builder_version=\u00a0\u00bb4.27.4&Prime; _module_preset=\u00a0\u00bbd6f57796-6fc7-4376-8cad-9f96836f9966&Prime; custom_margin=\u00a0\u00bb||||false|false\u00a0\u00bb global_colors_info=\u00a0\u00bb{}\u00a0\u00bb]Lors de votre premi\u00e8re visite sur le site, une <strong>banni\u00e8re de consentement<\/strong> s\u2019affiche afin de recueillir vos pr\u00e9f\u00e9rences.<br \/>\nVous pouvez :<\/p>\n<ul>\n<li>accepter l\u2019ensemble des cookies,<\/li>\n<li>refuser tous les cookies non essentiels,<\/li>\n<li>ou personnaliser vos choix.<\/li>\n<\/ul>\n<p>Votre consentement est conserv\u00e9 pour une dur\u00e9e maximale de <strong>13 mois<\/strong>, conform\u00e9ment aux recommandations de la CNPD.[\/et_pb_text][et_pb_divider color=\u00a0\u00bb#07bbff\u00a0\u00bb _builder_version=\u00a0\u00bb4.27.4&Prime; _module_preset=\u00a0\u00bbdefault\u00a0\u00bb custom_margin=\u00a0\u00bb||10px||false|false\u00a0\u00bb custom_margin_tablet=\u00a0\u00bb||0px||false|false\u00a0\u00bb custom_margin_phone=\u00a0\u00bb||0px||false|false\u00a0\u00bb custom_margin_last_edited=\u00a0\u00bbon|phone\u00a0\u00bb custom_padding=\u00a0\u00bb||||false|false\u00a0\u00bb global_colors_info=\u00a0\u00bb{}\u00a0\u00bb][\/et_pb_divider][et_pb_text _builder_version=\u00a0\u00bb4.27.4&Prime; _module_preset=\u00a0\u00bb492c47f5-776e-4290-9dc9-83379a8dc126&Prime; custom_margin=\u00a0\u00bb0px||||false|false\u00a0\u00bb custom_margin_tablet=\u00a0\u00bb0px||15px||false|false\u00a0\u00bb custom_margin_phone=\u00a0\u00bb0px||||false|false\u00a0\u00bb custom_margin_last_edited=\u00a0\u00bbon|desktop\u00a0\u00bb global_colors_info=\u00a0\u00bb{}\u00a0\u00bb]<\/p>\n<p><b><b><span>5. <\/span><\/b><\/b><b>Gestion ou suppression des cookies<\/b><\/p>\n<p>[\/et_pb_text][et_pb_text _builder_version=\u00a0\u00bb4.27.4&Prime; _module_preset=\u00a0\u00bbd6f57796-6fc7-4376-8cad-9f96836f9966&Prime; custom_margin=\u00a0\u00bb||||false|false\u00a0\u00bb global_colors_info=\u00a0\u00bb{}\u00a0\u00bb]Vous pouvez \u00e0 tout moment modifier ou retirer votre consentement :<\/p>\n<ul>\n<li>via le module de gestion des cookies accessible sur le site (bandeau ou lien de bas de page),<\/li>\n<li>ou en configurant directement votre navigateur (Chrome, Firefox, Safari, Edge, etc.).<\/li>\n<\/ul>\n<p>La d\u00e9sactivation de certains cookies peut affecter le bon fonctionnement du site.[\/et_pb_text][et_pb_divider color=\u00a0\u00bb#07bbff\u00a0\u00bb _builder_version=\u00a0\u00bb4.27.4&Prime; _module_preset=\u00a0\u00bbdefault\u00a0\u00bb custom_margin=\u00a0\u00bb||10px||false|false\u00a0\u00bb custom_margin_tablet=\u00a0\u00bb||0px||false|false\u00a0\u00bb custom_margin_phone=\u00a0\u00bb||0px||false|false\u00a0\u00bb custom_margin_last_edited=\u00a0\u00bbon|phone\u00a0\u00bb custom_padding=\u00a0\u00bb||||false|false\u00a0\u00bb global_colors_info=\u00a0\u00bb{}\u00a0\u00bb][\/et_pb_divider][et_pb_text _builder_version=\u00a0\u00bb4.27.4&Prime; _module_preset=\u00a0\u00bb492c47f5-776e-4290-9dc9-83379a8dc126&Prime; custom_margin=\u00a0\u00bb0px||||false|false\u00a0\u00bb custom_margin_tablet=\u00a0\u00bb0px||15px||false|false\u00a0\u00bb custom_margin_phone=\u00a0\u00bb0px||||false|false\u00a0\u00bb custom_margin_last_edited=\u00a0\u00bbon|desktop\u00a0\u00bb global_colors_info=\u00a0\u00bb{}\u00a0\u00bb]<\/p>\n<p><b><b><span>6. <\/span><\/b><\/b><b>Donn\u00e9es collect\u00e9es et transfert<\/b><\/p>\n<p>[\/et_pb_text][et_pb_text _builder_version=\u00a0\u00bb4.27.4&Prime; _module_preset=\u00a0\u00bbd6f57796-6fc7-4376-8cad-9f96836f9966&Prime; custom_margin=\u00a0\u00bb||||false|false\u00a0\u00bb global_colors_info=\u00a0\u00bb{}\u00a0\u00bb]<\/p>\n<p>Les cookies de mesure d\u2019audience collectent des donn\u00e9es anonymes \u00e0 des fins statistiques.<br \/>Aucune donn\u00e9e personnelle identifiante n\u2019est transmise \u00e0 des tiers \u00e0 des fins commerciales.<br \/>Si des transferts de donn\u00e9es hors de l\u2019Union europ\u00e9enne devaient intervenir, ils seraient encadr\u00e9s par des <strong>garanties ad\u00e9quates<\/strong> (clauses contractuelles types, d\u00e9cisions d\u2019ad\u00e9quation, etc.).<\/p>\n<p>[\/et_pb_text][et_pb_divider color=\u00a0\u00bb#07bbff\u00a0\u00bb _builder_version=\u00a0\u00bb4.27.4&Prime; _module_preset=\u00a0\u00bbdefault\u00a0\u00bb custom_margin=\u00a0\u00bb||10px||false|false\u00a0\u00bb custom_margin_tablet=\u00a0\u00bb||0px||false|false\u00a0\u00bb custom_margin_phone=\u00a0\u00bb||0px||false|false\u00a0\u00bb custom_margin_last_edited=\u00a0\u00bbon|phone\u00a0\u00bb custom_padding=\u00a0\u00bb||||false|false\u00a0\u00bb global_colors_info=\u00a0\u00bb{}\u00a0\u00bb][\/et_pb_divider][et_pb_text _builder_version=\u00a0\u00bb4.27.4&Prime; _module_preset=\u00a0\u00bb492c47f5-776e-4290-9dc9-83379a8dc126&Prime; custom_margin=\u00a0\u00bb0px||||false|false\u00a0\u00bb custom_margin_tablet=\u00a0\u00bb0px||15px||false|false\u00a0\u00bb custom_margin_phone=\u00a0\u00bb0px||||false|false\u00a0\u00bb custom_margin_last_edited=\u00a0\u00bbon|desktop\u00a0\u00bb global_colors_info=\u00a0\u00bb{}\u00a0\u00bb]<\/p>\n<div><b><span>7. Mise \u00e0 jour de la politique de cookies<\/span><\/b><\/div>\n<p>[\/et_pb_text][et_pb_text _builder_version=\u00a0\u00bb4.27.4&Prime; _module_preset=\u00a0\u00bbd6f57796-6fc7-4376-8cad-9f96836f9966&Prime; custom_margin=\u00a0\u00bb||||false|false\u00a0\u00bb global_colors_info=\u00a0\u00bb{}\u00a0\u00bb]<\/p>\n<p>La pr\u00e9sente politique de cookies peut \u00eatre mise \u00e0 jour pour refl\u00e9ter les \u00e9volutions l\u00e9gales ou techniques.<br \/>Nous vous invitons \u00e0 la consulter r\u00e9guli\u00e8rement.<br \/>La date de derni\u00e8re mise \u00e0 jour figure en haut de cette page.<\/p>\n<p>[\/et_pb_text][et_pb_divider color=\u00a0\u00bb#07bbff\u00a0\u00bb _builder_version=\u00a0\u00bb4.27.4&Prime; _module_preset=\u00a0\u00bbdefault\u00a0\u00bb custom_margin=\u00a0\u00bb||10px||false|false\u00a0\u00bb custom_margin_tablet=\u00a0\u00bb||0px||false|false\u00a0\u00bb custom_margin_phone=\u00a0\u00bb||0px||false|false\u00a0\u00bb custom_margin_last_edited=\u00a0\u00bbon|phone\u00a0\u00bb custom_padding=\u00a0\u00bb||||false|false\u00a0\u00bb global_colors_info=\u00a0\u00bb{}\u00a0\u00bb][\/et_pb_divider][et_pb_text _builder_version=\u00a0\u00bb4.27.4&Prime; _module_preset=\u00a0\u00bb492c47f5-776e-4290-9dc9-83379a8dc126&Prime; custom_margin=\u00a0\u00bb0px||||false|false\u00a0\u00bb custom_margin_tablet=\u00a0\u00bb0px||15px||false|false\u00a0\u00bb custom_margin_phone=\u00a0\u00bb0px||||false|false\u00a0\u00bb custom_margin_last_edited=\u00a0\u00bbon|desktop\u00a0\u00bb global_colors_info=\u00a0\u00bb{}\u00a0\u00bb]<\/p>\n<div><b><span>8. Contact<\/span><\/b><\/div>\n<p>[\/et_pb_text][et_pb_text _builder_version=\u00a0\u00bb4.27.4&Prime; _module_preset=\u00a0\u00bbd6f57796-6fc7-4376-8cad-9f96836f9966&Prime; custom_margin=\u00a0\u00bb||||false|false\u00a0\u00bb global_colors_info=\u00a0\u00bb{}\u00a0\u00bb]<\/p>\n<div>\n<div><span>Pour toute question concernant cette politique de cookies ou la gestion de vos donn\u00e9es personnelles :<\/span><\/div>\n<\/div>\n<p><strong><a href=\"mailto:DPO@baclesse.lu\">DPO@baclesse.lu<\/a><\/strong><br \/><strong>Centre Fran\u00e7ois Baclesse \u2013 Rue Emile Mayrisch, L-4240 Esch\/Alzette, LUXEMBOURG<\/strong><\/p>\n<p>[\/et_pb_text][\/et_pb_column][\/et_pb_row][\/et_pb_section]<\/p>\n","protected":false},"excerpt":{"rendered":"<p>Politique de cookiesDerni\u00e8re mise \u00e0 jour : 17\/11\/20251. IntroductionLe pr\u00e9sent site internet https:\/\/www.baclesse.lu utilise des cookies afin d\u2019assurer son bon fonctionnement, am\u00e9liorer l\u2019exp\u00e9rience utilisateur et analyser la fr\u00e9quentation.Cette politique explique ce que sont les cookies, comment nous les utilisons et comment vous pouvez g\u00e9rer vos pr\u00e9f\u00e9rences.2. Qu\u2019est-ce qu\u2019un cookie ?Un cookie est un petit fichier [&hellip;]<\/p>\n","protected":false},"author":1,"featured_media":0,"parent":0,"menu_order":0,"comment_status":"closed","ping_status":"closed","template":"","meta":{"_acf_changed":false,"_et_pb_use_builder":"on","_et_pb_old_content":"","_et_gb_content_width":"","_monsterinsights_skip_tracking":false,"_monsterinsights_sitenote_active":false,"_monsterinsights_sitenote_note":"","_monsterinsights_sitenote_category":0,"footnotes":""},"class_list":["post-3368","page","type-page","status-publish","hentry"],"acf":[],"yoast_head":"<!-- This site is optimized with the Yoast SEO plugin v27.2 - https:\/\/yoast.com\/product\/yoast-seo-wordpress\/ -->\n<title>Politique de cookies - Centre Fran\u00e7ois Baclesse<\/title>\n<meta name=\"robots\" content=\"index, follow, max-snippet:-1, max-image-preview:large, max-video-preview:-1\" \/>\n<link rel=\"canonical\" href=\"https:\/\/www.baclesse.lu\/de\/politique-de-cookies\/\" \/>\n<meta property=\"og:locale\" content=\"de_DE\" \/>\n<meta property=\"og:type\" content=\"article\" \/>\n<meta property=\"og:title\" content=\"Politique de cookies - Centre Fran\u00e7ois Baclesse\" \/>\n<meta property=\"og:description\" content=\"Politique de cookiesDerni\u00e8re mise \u00e0 jour : 17\/11\/20251. IntroductionLe pr\u00e9sent site internet https:\/\/www.baclesse.lu utilise des cookies afin d\u2019assurer son bon fonctionnement, am\u00e9liorer l\u2019exp\u00e9rience utilisateur et analyser la fr\u00e9quentation.Cette politique explique ce que sont les cookies, comment nous les utilisons et comment vous pouvez g\u00e9rer vos pr\u00e9f\u00e9rences.2. Qu\u2019est-ce qu\u2019un cookie ?Un cookie est un petit fichier [&hellip;]\" \/>\n<meta property=\"og:url\" content=\"https:\/\/www.baclesse.lu\/de\/politique-de-cookies\/\" \/>\n<meta property=\"og:site_name\" content=\"Centre Fran\u00e7ois Baclesse\" \/>\n<meta property=\"article:modified_time\" content=\"2025-11-18T20:49:04+00:00\" \/>\n<meta name=\"twitter:card\" content=\"summary_large_image\" \/>\n<meta name=\"twitter:label1\" content=\"Gesch\u00e4tzte Lesezeit\" \/>\n\t<meta name=\"twitter:data1\" content=\"3\u00a0Minuten\" \/>\n<script type=\"application\/ld+json\" class=\"yoast-schema-graph\">{\"@context\":\"https:\/\/schema.org\",\"@graph\":[{\"@type\":\"WebPage\",\"@id\":\"https:\/\/www.baclesse.lu\/politique-de-cookies\/\",\"url\":\"https:\/\/www.baclesse.lu\/politique-de-cookies\/\",\"name\":\"Politique de cookies - Centre Fran\u00e7ois Baclesse\",\"isPartOf\":{\"@id\":\"https:\/\/www.baclesse.lu\/#website\"},\"datePublished\":\"2025-11-17T08:56:17+00:00\",\"dateModified\":\"2025-11-18T20:49:04+00:00\",\"breadcrumb\":{\"@id\":\"https:\/\/www.baclesse.lu\/politique-de-cookies\/#breadcrumb\"},\"inLanguage\":\"de\",\"potentialAction\":[{\"@type\":\"ReadAction\",\"target\":[\"https:\/\/www.baclesse.lu\/politique-de-cookies\/\"]}]},{\"@type\":\"BreadcrumbList\",\"@id\":\"https:\/\/www.baclesse.lu\/politique-de-cookies\/#breadcrumb\",\"itemListElement\":[{\"@type\":\"ListItem\",\"position\":1,\"name\":\"Accueil\",\"item\":\"https:\/\/www.baclesse.lu\/\"},{\"@type\":\"ListItem\",\"position\":2,\"name\":\"Politique de cookies\"}]},{\"@type\":\"WebSite\",\"@id\":\"https:\/\/www.baclesse.lu\/#website\",\"url\":\"https:\/\/www.baclesse.lu\/\",\"name\":\"Centre Fran\u00e7ois Baclesse\",\"description\":\"Centre National de Radioth\u00e9rapie\",\"potentialAction\":[{\"@type\":\"SearchAction\",\"target\":{\"@type\":\"EntryPoint\",\"urlTemplate\":\"https:\/\/www.baclesse.lu\/?s={search_term_string}\"},\"query-input\":{\"@type\":\"PropertyValueSpecification\",\"valueRequired\":true,\"valueName\":\"search_term_string\"}}],\"inLanguage\":\"de\"}]}<\/script>\n<!-- \/ Yoast SEO plugin. -->","yoast_head_json":{"title":"Politique de cookies - Centre Fran\u00e7ois Baclesse","robots":{"index":"index","follow":"follow","max-snippet":"max-snippet:-1","max-image-preview":"max-image-preview:large","max-video-preview":"max-video-preview:-1"},"canonical":"https:\/\/www.baclesse.lu\/de\/politique-de-cookies\/","og_locale":"de_DE","og_type":"article","og_title":"Politique de cookies - Centre Fran\u00e7ois Baclesse","og_description":"Politique de cookiesDerni\u00e8re mise \u00e0 jour : 17\/11\/20251. IntroductionLe pr\u00e9sent site internet https:\/\/www.baclesse.lu utilise des cookies afin d\u2019assurer son bon fonctionnement, am\u00e9liorer l\u2019exp\u00e9rience utilisateur et analyser la fr\u00e9quentation.Cette politique explique ce que sont les cookies, comment nous les utilisons et comment vous pouvez g\u00e9rer vos pr\u00e9f\u00e9rences.2. Qu\u2019est-ce qu\u2019un cookie ?Un cookie est un petit fichier [&hellip;]","og_url":"https:\/\/www.baclesse.lu\/de\/politique-de-cookies\/","og_site_name":"Centre Fran\u00e7ois Baclesse","article_modified_time":"2025-11-18T20:49:04+00:00","twitter_card":"summary_large_image","twitter_misc":{"Gesch\u00e4tzte Lesezeit":"3\u00a0Minuten"},"schema":{"@context":"https:\/\/schema.org","@graph":[{"@type":"WebPage","@id":"https:\/\/www.baclesse.lu\/politique-de-cookies\/","url":"https:\/\/www.baclesse.lu\/politique-de-cookies\/","name":"Politique de cookies - Centre Fran\u00e7ois Baclesse","isPartOf":{"@id":"https:\/\/www.baclesse.lu\/#website"},"datePublished":"2025-11-17T08:56:17+00:00","dateModified":"2025-11-18T20:49:04+00:00","breadcrumb":{"@id":"https:\/\/www.baclesse.lu\/politique-de-cookies\/#breadcrumb"},"inLanguage":"de","potentialAction":[{"@type":"ReadAction","target":["https:\/\/www.baclesse.lu\/politique-de-cookies\/"]}]},{"@type":"BreadcrumbList","@id":"https:\/\/www.baclesse.lu\/politique-de-cookies\/#breadcrumb","itemListElement":[{"@type":"ListItem","position":1,"name":"Accueil","item":"https:\/\/www.baclesse.lu\/"},{"@type":"ListItem","position":2,"name":"Politique de cookies"}]},{"@type":"WebSite","@id":"https:\/\/www.baclesse.lu\/#website","url":"https:\/\/www.baclesse.lu\/","name":"Centre Fran\u00e7ois Baclesse","description":"Centre National de Radioth\u00e9rapie","potentialAction":[{"@type":"SearchAction","target":{"@type":"EntryPoint","urlTemplate":"https:\/\/www.baclesse.lu\/?s={search_term_string}"},"query-input":{"@type":"PropertyValueSpecification","valueRequired":true,"valueName":"search_term_string"}}],"inLanguage":"de"}]}},"_links":{"self":[{"href":"https:\/\/www.baclesse.lu\/de\/wp-json\/wp\/v2\/pages\/3368","targetHints":{"allow":["GET"]}}],"collection":[{"href":"https:\/\/www.baclesse.lu\/de\/wp-json\/wp\/v2\/pages"}],"about":[{"href":"https:\/\/www.baclesse.lu\/de\/wp-json\/wp\/v2\/types\/page"}],"author":[{"embeddable":true,"href":"https:\/\/www.baclesse.lu\/de\/wp-json\/wp\/v2\/users\/1"}],"replies":[{"embeddable":true,"href":"https:\/\/www.baclesse.lu\/de\/wp-json\/wp\/v2\/comments?post=3368"}],"version-history":[{"count":4,"href":"https:\/\/www.baclesse.lu\/de\/wp-json\/wp\/v2\/pages\/3368\/revisions"}],"predecessor-version":[{"id":3428,"href":"https:\/\/www.baclesse.lu\/de\/wp-json\/wp\/v2\/pages\/3368\/revisions\/3428"}],"wp:attachment":[{"href":"https:\/\/www.baclesse.lu\/de\/wp-json\/wp\/v2\/media?parent=3368"}],"curies":[{"name":"wp","href":"https:\/\/api.w.org\/{rel}","templated":true}]}}