{"id":2585,"date":"2025-10-14T14:29:57","date_gmt":"2025-10-14T14:29:57","guid":{"rendered":"https:\/\/site-cfb:8890\/?page_id=2585"},"modified":"2025-10-16T09:11:29","modified_gmt":"2025-10-16T09:11:29","slug":"actualites","status":"publish","type":"page","link":"https:\/\/www.baclesse.lu\/de\/actualites\/","title":{"rendered":"Aktuelles"},"content":{"rendered":"<p>[et_pb_section fb_built=\u00a0\u00bb1&Prime; fullwidth=\u00a0\u00bbon\u00a0\u00bb module_class=\u00a0\u00bbmed-hero\u00a0\u00bb _builder_version=\u00a0\u00bb4.27.4&Prime; _module_preset=\u00a0\u00bbdefault\u00a0\u00bb background_color=\u00a0\u00bb#1514ad\u00a0\u00bb global_colors_info=\u00a0\u00bb{}\u00a0\u00bb][et_pb_fullwidth_header title=\u00a0\u00bbActualit\u00e9s\u00a0\u00bb subhead=\u00a0\u00bbRetrouvez ici toutes les actualit\u00e9s du Centre Fran\u00e7ois Baclesse.\u00a0\u00bb _builder_version=\u00a0\u00bb4.27.4&Prime; _module_preset=\u00a0\u00bbdefault\u00a0\u00bb title_font=\u00a0\u00bb&#8211;et_global_body_font|700|||||||\u00a0\u00bb title_font_size=\u00a0\u00bb40px\u00a0\u00bb title_letter_spacing=\u00a0\u00bb1px\u00a0\u00bb subhead_font=\u00a0\u00bb&#8211;et_global_body_font||||||||\u00a0\u00bb subhead_font_size=\u00a0\u00bb19px\u00a0\u00bb background_color=\u00a0\u00bbRGBA(255,255,255,0)\u00a0\u00bb custom_margin=\u00a0\u00bb|||75px|false|false\u00a0\u00bb custom_margin_tablet=\u00a0\u00bb|||0px|false|false\u00a0\u00bb custom_margin_phone=\u00a0\u00bb|||0px|false|false\u00a0\u00bb custom_margin_last_edited=\u00a0\u00bbon|desktop\u00a0\u00bb title_font_size_tablet=\u00a0\u00bb30px\u00a0\u00bb title_font_size_phone=\u00a0\u00bb30px\u00a0\u00bb title_font_size_last_edited=\u00a0\u00bbon|tablet\u00a0\u00bb subhead_font_size_tablet=\u00a0\u00bb15px\u00a0\u00bb subhead_font_size_phone=\u00a0\u00bb14px\u00a0\u00bb subhead_font_size_last_edited=\u00a0\u00bbon|phone\u00a0\u00bb subhead_line_height_tablet=\u00a0\u00bb0.9em\u00a0\u00bb subhead_line_height_phone=\u00a0\u00bb1.3em\u00a0\u00bb subhead_line_height_last_edited=\u00a0\u00bbon|tablet\u00a0\u00bb global_colors_info=\u00a0\u00bb{}\u00a0\u00bb][\/et_pb_fullwidth_header][\/et_pb_section][et_pb_section fb_built=\u00a0\u00bb1&Prime; module_id=\u00a0\u00bbpage-mediatheque\u00a0\u00bb _builder_version=\u00a0\u00bb4.27.4&Prime; _module_preset=\u00a0\u00bbdefault\u00a0\u00bb global_colors_info=\u00a0\u00bb{}\u00a0\u00bb][et_pb_row column_structure=\u00a0\u00bb1_3,2_3&Prime; _builder_version=\u00a0\u00bb4.27.4&Prime; _module_preset=\u00a0\u00bbdefault\u00a0\u00bb max_width=\u00a0\u00bb1300px\u00a0\u00bb max_width_tablet=\u00a0\u00bb1300px\u00a0\u00bb max_width_phone=\u00a0\u00bb1300px\u00a0\u00bb max_width_last_edited=\u00a0\u00bbon|desktop\u00a0\u00bb global_colors_info=\u00a0\u00bb{}\u00a0\u00bb][et_pb_column type=\u00a0\u00bb1_3&Prime; _builder_version=\u00a0\u00bb4.27.4&Prime; _module_preset=\u00a0\u00bbdefault\u00a0\u00bb global_colors_info=\u00a0\u00bb{}\u00a0\u00bb][et_pb_code _builder_version=\u00a0\u00bb4.27.4&Prime; _module_preset=\u00a0\u00bbdefault\u00a0\u00bb global_colors_info=\u00a0\u00bb{}\u00a0\u00bb]<\/p>\n<div class=\"news-filters\"><!-- [et_pb_line_break_holder] -->  <button class=\"btn-pill-news is-active\">Toutes les actualit\u00e9s<\/button><!-- [et_pb_line_break_holder] --><\/div>\n<p>[\/et_pb_code][et_pb_code _builder_version=\u00a0\u00bb4.27.4&Prime; _module_preset=\u00a0\u00bbdefault\u00a0\u00bb global_colors_info=\u00a0\u00bb{}\u00a0\u00bb]<script><!-- [et_pb_line_break_holder] -->document.addEventListener('DOMContentLoaded', function(){<!-- [et_pb_line_break_holder] -->  const btns = document.querySelectorAll('.docs-filters .btn-pill');<!-- [et_pb_line_break_holder] -->  const blocks = document.querySelectorAll('.docs-list-block');<!-- [et_pb_line_break_holder] --><!-- [et_pb_line_break_holder] -->  function show(targetSelector){<!-- [et_pb_line_break_holder] -->    \/\/ boutons actifs<!-- [et_pb_line_break_holder] -->    btns.forEach(b => b.classList.remove('is-active'));<!-- [et_pb_line_break_holder] -->    const currentBtn = [...btns].find(b => b.dataset.target === targetSelector);<!-- [et_pb_line_break_holder] -->    if (currentBtn) currentBtn.classList.add('is-active');<!-- [et_pb_line_break_holder] --><!-- [et_pb_line_break_holder] -->    \/\/ affichage des listes<!-- [et_pb_line_break_holder] -->    blocks.forEach(bloc => bloc.classList.remove('is-visible'));<!-- [et_pb_line_break_holder] -->    const target = document.querySelector(targetSelector);<!-- [et_pb_line_break_holder] -->    if (target) target.classList.add('is-visible');<!-- [et_pb_line_break_holder] -->  }<!-- [et_pb_line_break_holder] --><!-- [et_pb_line_break_holder] -->  \/\/ clic sur un bouton<!-- [et_pb_line_break_holder] -->  btns.forEach(b=>{<!-- [et_pb_line_break_holder] -->    b.addEventListener('click', ()=>{<!-- [et_pb_line_break_holder] -->      const target = b.getAttribute('data-target');<!-- [et_pb_line_break_holder] -->      show(target);<!-- [et_pb_line_break_holder] -->      \/\/ ancre partageable (ex: #bloc-bilans)<!-- [et_pb_line_break_holder] -->      history.replaceState(null,'', target);<!-- [et_pb_line_break_holder] -->    });<!-- [et_pb_line_break_holder] -->  });<!-- [et_pb_line_break_holder] --><!-- [et_pb_line_break_holder] -->  \/\/ si une ancre est pr\u00e9sente \u00e0 l'arriv\u00e9e (#bloc-xxx), on la respecte<!-- [et_pb_line_break_holder] -->  if (location.hash && document.querySelector(location.hash)) {<!-- [et_pb_line_break_holder] -->    show(location.hash);<!-- [et_pb_line_break_holder] -->  } else {<!-- [et_pb_line_break_holder] -->    \/\/ sinon, on force Communiqu\u00e9s visible (au cas o\u00f9 Divi aurait masqu\u00e9)<!-- [et_pb_line_break_holder] -->    show('#bloc-communiques');<!-- [et_pb_line_break_holder] -->  }<!-- [et_pb_line_break_holder] -->});<!-- [et_pb_line_break_holder] --><\/script>[\/et_pb_code][\/et_pb_column][et_pb_column type=\u00a0\u00bb2_3&Prime; _builder_version=\u00a0\u00bb4.27.4&Prime; _module_preset=\u00a0\u00bbdefault\u00a0\u00bb global_colors_info=\u00a0\u00bb{}\u00a0\u00bb][et_pb_blog posts_number=\u00a0\u00bb30&Prime; include_categories=\u00a0\u00bb18&Prime; excerpt_length=\u00a0\u00bb100&Prime; show_author=\u00a0\u00bboff\u00a0\u00bb show_categories=\u00a0\u00bboff\u00a0\u00bb show_pagination=\u00a0\u00bboff\u00a0\u00bb module_id=\u00a0\u00bbactu-list\u00a0\u00bb module_class=\u00a0\u00bbblog-actus\u00a0\u00bb _builder_version=\u00a0\u00bb4.27.4&Prime; _module_preset=\u00a0\u00bbdefault\u00a0\u00bb header_font=\u00a0\u00bb&#8211;et_global_body_font|700|||||||\u00a0\u00bb header_text_color=\u00a0\u00bb#000000&Prime; header_font_size=\u00a0\u00bb18px\u00a0\u00bb body_font=\u00a0\u00bb&#8211;et_global_body_font||||||||\u00a0\u00bb body_text_color=\u00a0\u00bb#000000&Prime; body_font_size=\u00a0\u00bb15px\u00a0\u00bb meta_font=\u00a0\u00bb&#8211;et_global_body_font|700|||||||\u00a0\u00bb meta_text_color=\u00a0\u00bb#1514ad\u00a0\u00bb meta_font_size=\u00a0\u00bb15px\u00a0\u00bb custom_margin=\u00a0\u00bb||||false|false\u00a0\u00bb custom_padding=\u00a0\u00bb||||false|false\u00a0\u00bb hover_enabled=\u00a0\u00bb0&Prime; border_radii_image=\u00a0\u00bbon|12px|12px|12px|12px\u00a0\u00bb global_colors_info=\u00a0\u00bb{}\u00a0\u00bb sticky_enabled=\u00a0\u00bb0&Prime;][\/et_pb_blog][et_pb_code _builder_version=\u00a0\u00bb4.27.4&Prime; _module_preset=\u00a0\u00bbdefault\u00a0\u00bb global_colors_info=\u00a0\u00bb{}\u00a0\u00bb]<script><!-- [et_pb_line_break_holder] -->document.addEventListener('DOMContentLoaded', function () {<!-- [et_pb_line_break_holder] -->  document.querySelectorAll('.blog-actus .et_pb_post').forEach(function(post){<!-- [et_pb_line_break_holder] -->    const meta    = post.querySelector('.post-meta');<!-- [et_pb_line_break_holder] -->    const title   = post.querySelector('.entry-title');<!-- [et_pb_line_break_holder] -->    const excerpt = post.querySelector('.post-content');<!-- [et_pb_line_break_holder] --><!-- [et_pb_line_break_holder] -->    if (!meta && !title && !excerpt) return;<!-- [et_pb_line_break_holder] --><!-- [et_pb_line_break_holder] -->    \/\/ Cr\u00e9e le conteneur texte une seule fois<!-- [et_pb_line_break_holder] -->    let box = post.querySelector('.post-text-col');<!-- [et_pb_line_break_holder] -->    if (!box) {<!-- [et_pb_line_break_holder] -->      box = document.createElement('div');<!-- [et_pb_line_break_holder] -->      box.className = 'post-text-col';<!-- [et_pb_line_break_holder] -->      \/\/ Ins\u00e8re le conteneur juste avant le premier \u00e9l\u00e9ment texte trouv\u00e9<!-- [et_pb_line_break_holder] -->      const first = meta || title || excerpt;<!-- [et_pb_line_break_holder] -->      post.insertBefore(box, first);<!-- [et_pb_line_break_holder] -->    }<!-- [et_pb_line_break_holder] --><!-- [et_pb_line_break_holder] -->    \/\/ D\u00e9place les \u00e9l\u00e9ments texte \u00e0 l\u2019int\u00e9rieur du conteneur<!-- [et_pb_line_break_holder] -->    [meta, title, excerpt].forEach(function(el){<!-- [et_pb_line_break_holder] -->      if (el && el.parentElement !== box) box.appendChild(el);<!-- [et_pb_line_break_holder] -->    });<!-- [et_pb_line_break_holder] -->  });<!-- [et_pb_line_break_holder] -->});<!-- [et_pb_line_break_holder] --><\/script>[\/et_pb_code][\/et_pb_column][\/et_pb_row][\/et_pb_section]<\/p>\n","protected":false},"excerpt":{"rendered":"","protected":false},"author":1,"featured_media":0,"parent":0,"menu_order":0,"comment_status":"closed","ping_status":"closed","template":"","meta":{"_acf_changed":false,"_et_pb_use_builder":"on","_et_pb_old_content":"","_et_gb_content_width":"","_monsterinsights_skip_tracking":false,"_monsterinsights_sitenote_active":false,"_monsterinsights_sitenote_note":"","_monsterinsights_sitenote_category":0,"footnotes":""},"class_list":["post-2585","page","type-page","status-publish","hentry"],"acf":[],"yoast_head":"<!-- This site is optimized with the Yoast SEO plugin v27.2 - https:\/\/yoast.com\/product\/yoast-seo-wordpress\/ -->\n<title>Actualit\u00e9s - Centre Fran\u00e7ois Baclesse<\/title>\n<meta name=\"robots\" content=\"index, follow, max-snippet:-1, max-image-preview:large, max-video-preview:-1\" \/>\n<link rel=\"canonical\" href=\"https:\/\/www.baclesse.lu\/de\/actualites\/\" \/>\n<meta property=\"og:locale\" content=\"de_DE\" \/>\n<meta property=\"og:type\" content=\"article\" \/>\n<meta property=\"og:title\" content=\"Actualit\u00e9s - Centre Fran\u00e7ois Baclesse\" \/>\n<meta property=\"og:url\" content=\"https:\/\/www.baclesse.lu\/de\/actualites\/\" \/>\n<meta property=\"og:site_name\" content=\"Centre Fran\u00e7ois Baclesse\" \/>\n<meta property=\"article:modified_time\" content=\"2025-10-16T09:11:29+00:00\" \/>\n<meta name=\"twitter:card\" content=\"summary_large_image\" \/>\n<meta name=\"twitter:label1\" content=\"Gesch\u00e4tzte Lesezeit\" \/>\n\t<meta name=\"twitter:data1\" content=\"1\u00a0Minute\" \/>\n<script type=\"application\/ld+json\" class=\"yoast-schema-graph\">{\"@context\":\"https:\/\/schema.org\",\"@graph\":[{\"@type\":\"WebPage\",\"@id\":\"https:\/\/www.baclesse.lu\/actualites\/\",\"url\":\"https:\/\/www.baclesse.lu\/actualites\/\",\"name\":\"Actualit\u00e9s - Centre Fran\u00e7ois Baclesse\",\"isPartOf\":{\"@id\":\"https:\/\/www.baclesse.lu\/#website\"},\"datePublished\":\"2025-10-14T14:29:57+00:00\",\"dateModified\":\"2025-10-16T09:11:29+00:00\",\"breadcrumb\":{\"@id\":\"https:\/\/www.baclesse.lu\/actualites\/#breadcrumb\"},\"inLanguage\":\"de\",\"potentialAction\":[{\"@type\":\"ReadAction\",\"target\":[\"https:\/\/www.baclesse.lu\/actualites\/\"]}]},{\"@type\":\"BreadcrumbList\",\"@id\":\"https:\/\/www.baclesse.lu\/actualites\/#breadcrumb\",\"itemListElement\":[{\"@type\":\"ListItem\",\"position\":1,\"name\":\"Accueil\",\"item\":\"https:\/\/www.baclesse.lu\/\"},{\"@type\":\"ListItem\",\"position\":2,\"name\":\"Actualit\u00e9s\"}]},{\"@type\":\"WebSite\",\"@id\":\"https:\/\/www.baclesse.lu\/#website\",\"url\":\"https:\/\/www.baclesse.lu\/\",\"name\":\"Centre Fran\u00e7ois Baclesse\",\"description\":\"Centre National de Radioth\u00e9rapie\",\"potentialAction\":[{\"@type\":\"SearchAction\",\"target\":{\"@type\":\"EntryPoint\",\"urlTemplate\":\"https:\/\/www.baclesse.lu\/?s={search_term_string}\"},\"query-input\":{\"@type\":\"PropertyValueSpecification\",\"valueRequired\":true,\"valueName\":\"search_term_string\"}}],\"inLanguage\":\"de\"}]}<\/script>\n<!-- \/ Yoast SEO plugin. -->","yoast_head_json":{"title":"Actualit\u00e9s - Centre Fran\u00e7ois Baclesse","robots":{"index":"index","follow":"follow","max-snippet":"max-snippet:-1","max-image-preview":"max-image-preview:large","max-video-preview":"max-video-preview:-1"},"canonical":"https:\/\/www.baclesse.lu\/de\/actualites\/","og_locale":"de_DE","og_type":"article","og_title":"Actualit\u00e9s - Centre Fran\u00e7ois Baclesse","og_url":"https:\/\/www.baclesse.lu\/de\/actualites\/","og_site_name":"Centre Fran\u00e7ois Baclesse","article_modified_time":"2025-10-16T09:11:29+00:00","twitter_card":"summary_large_image","twitter_misc":{"Gesch\u00e4tzte Lesezeit":"1\u00a0Minute"},"schema":{"@context":"https:\/\/schema.org","@graph":[{"@type":"WebPage","@id":"https:\/\/www.baclesse.lu\/actualites\/","url":"https:\/\/www.baclesse.lu\/actualites\/","name":"Actualit\u00e9s - Centre Fran\u00e7ois Baclesse","isPartOf":{"@id":"https:\/\/www.baclesse.lu\/#website"},"datePublished":"2025-10-14T14:29:57+00:00","dateModified":"2025-10-16T09:11:29+00:00","breadcrumb":{"@id":"https:\/\/www.baclesse.lu\/actualites\/#breadcrumb"},"inLanguage":"de","potentialAction":[{"@type":"ReadAction","target":["https:\/\/www.baclesse.lu\/actualites\/"]}]},{"@type":"BreadcrumbList","@id":"https:\/\/www.baclesse.lu\/actualites\/#breadcrumb","itemListElement":[{"@type":"ListItem","position":1,"name":"Accueil","item":"https:\/\/www.baclesse.lu\/"},{"@type":"ListItem","position":2,"name":"Actualit\u00e9s"}]},{"@type":"WebSite","@id":"https:\/\/www.baclesse.lu\/#website","url":"https:\/\/www.baclesse.lu\/","name":"Centre Fran\u00e7ois Baclesse","description":"Centre National de Radioth\u00e9rapie","potentialAction":[{"@type":"SearchAction","target":{"@type":"EntryPoint","urlTemplate":"https:\/\/www.baclesse.lu\/?s={search_term_string}"},"query-input":{"@type":"PropertyValueSpecification","valueRequired":true,"valueName":"search_term_string"}}],"inLanguage":"de"}]}},"_links":{"self":[{"href":"https:\/\/www.baclesse.lu\/de\/wp-json\/wp\/v2\/pages\/2585","targetHints":{"allow":["GET"]}}],"collection":[{"href":"https:\/\/www.baclesse.lu\/de\/wp-json\/wp\/v2\/pages"}],"about":[{"href":"https:\/\/www.baclesse.lu\/de\/wp-json\/wp\/v2\/types\/page"}],"author":[{"embeddable":true,"href":"https:\/\/www.baclesse.lu\/de\/wp-json\/wp\/v2\/users\/1"}],"replies":[{"embeddable":true,"href":"https:\/\/www.baclesse.lu\/de\/wp-json\/wp\/v2\/comments?post=2585"}],"version-history":[{"count":18,"href":"https:\/\/www.baclesse.lu\/de\/wp-json\/wp\/v2\/pages\/2585\/revisions"}],"predecessor-version":[{"id":2701,"href":"https:\/\/www.baclesse.lu\/de\/wp-json\/wp\/v2\/pages\/2585\/revisions\/2701"}],"wp:attachment":[{"href":"https:\/\/www.baclesse.lu\/de\/wp-json\/wp\/v2\/media?parent=2585"}],"curies":[{"name":"wp","href":"https:\/\/api.w.org\/{rel}","templated":true}]}}