{"id":2478,"date":"2025-10-13T15:43:56","date_gmt":"2025-10-13T15:43:56","guid":{"rendered":"https:\/\/site-cfb:8890\/?page_id=2478"},"modified":"2026-04-23T14:10:21","modified_gmt":"2026-04-23T14:10:21","slug":"faire-un-don","status":"publish","type":"page","link":"https:\/\/www.baclesse.lu\/de\/faire-un-don\/","title":{"rendered":"Forschung unterst\u00fctzen"},"content":{"rendered":"<p>[et_pb_section fb_built=\u00a0\u00bb1&Prime; _builder_version=\u00a0\u00bb4.27.4&Prime; _module_preset=\u00a0\u00bbdefault\u00a0\u00bb global_colors_info=\u00a0\u00bb{}\u00a0\u00bb][et_pb_row column_structure=\u00a0\u00bb1_3,2_3&Prime; make_equal=\u00a0\u00bboff\u00a0\u00bb module_class=\u00a0\u00bbligne-custom-flex, ligne-tablette\u00a0\u00bb _builder_version=\u00a0\u00bb4.27.4&Prime; _module_preset=\u00a0\u00bbe5d185d1-dedc-497d-8a24-c3470cedcbb1&Prime; global_colors_info=\u00a0\u00bb{}\u00a0\u00bb custom_css_main_element_last_edited=\u00a0\u00bboff|desktop\u00a0\u00bb][et_pb_column type=\u00a0\u00bb1_3&Prime; module_class=\u00a0\u00bbta-col-gauche\u00a0\u00bb _builder_version=\u00a0\u00bb4.27.4&Prime; _module_preset=\u00a0\u00bbdefault\u00a0\u00bb global_colors_info=\u00a0\u00bb{}\u00a0\u00bb][et_pb_text disabled_on=\u00a0\u00bboff|off|off\u00a0\u00bb _builder_version=\u00a0\u00bb4.27.4&Prime; _module_preset=\u00a0\u00bb71267d9f-7668-4466-8562-5fee47195858&Prime; custom_padding=\u00a0\u00bb|0px|||false|false\u00a0\u00bb global_colors_info=\u00a0\u00bb{}\u00a0\u00bb]<\/p>\n<p>Soutenir la recherche<\/p>\n<p>[\/et_pb_text][et_pb_image src=\u00a0\u00bbhttps:\/\/www.baclesse.lu\/wp-content\/uploads\/2025\/08\/Rayon_CFB_Bleu_Clair_V2.png\u00a0\u00bb title_text=\u00a0\u00bbRayon_CFB_Bleu_Clair_V2&Prime; align_tablet=\u00a0\u00bbleft\u00a0\u00bb align_last_edited=\u00a0\u00bboff|tablet\u00a0\u00bb disabled_on=\u00a0\u00bboff|off|off\u00a0\u00bb _builder_version=\u00a0\u00bb4.27.4&Prime; _module_preset=\u00a0\u00bbd6084e7c-e5e7-4196-9a1d-c82dec5ca1d3&Prime; transform_scale_tablet=\u00a0\u00bb80%|80%\u00a0\u00bb transform_scale_phone=\u00a0\u00bb80%|80%\u00a0\u00bb transform_scale_last_edited=\u00a0\u00bbon|desktop\u00a0\u00bb transform_translate_tablet=\u00a0\u00bb\u00a0\u00bb transform_translate_phone=\u00a0\u00bb\u00a0\u00bb transform_translate_last_edited=\u00a0\u00bbon|tablet\u00a0\u00bb transform_rotate_tablet=\u00a0\u00bb\u00a0\u00bb transform_rotate_phone=\u00a0\u00bb\u00a0\u00bb transform_rotate_last_edited=\u00a0\u00bbon|tablet\u00a0\u00bb transform_skew_tablet=\u00a0\u00bb\u00a0\u00bb transform_skew_phone=\u00a0\u00bb\u00a0\u00bb transform_skew_last_edited=\u00a0\u00bbon|tablet\u00a0\u00bb transform_origin_tablet=\u00a0\u00bb\u00a0\u00bb transform_origin_phone=\u00a0\u00bb\u00a0\u00bb transform_origin_last_edited=\u00a0\u00bbon|tablet\u00a0\u00bb transform_styles_last_edited=\u00a0\u00bbon|desktop\u00a0\u00bb custom_margin_tablet=\u00a0\u00bb|8px|||false|false\u00a0\u00bb custom_margin_phone=\u00a0\u00bb|-35px|||false|false\u00a0\u00bb custom_margin_last_edited=\u00a0\u00bbon|phone\u00a0\u00bb custom_padding=\u00a0\u00bb||||false|false\u00a0\u00bb custom_padding_tablet=\u00a0\u00bb||||false|false\u00a0\u00bb custom_padding_last_edited=\u00a0\u00bboff|tablet\u00a0\u00bb transform_styles_tablet=\u00a0\u00bb\u00a0\u00bb transform_styles_phone=\u00a0\u00bb\u00a0\u00bb global_colors_info=\u00a0\u00bb{}\u00a0\u00bb][\/et_pb_image][et_pb_text disabled_on=\u00a0\u00bbon|off|off\u00a0\u00bb _builder_version=\u00a0\u00bb4.27.5&Prime; _module_preset=\u00a0\u00bbd6f57796-6fc7-4376-8cad-9f96836f9966&Prime; custom_padding_phone=\u00a0\u00bb||||false|false\u00a0\u00bb custom_padding_last_edited=\u00a0\u00bboff|phone\u00a0\u00bb global_colors_info=\u00a0\u00bb{}\u00a0\u00bb]<span class=\"sc-big-text-bleuclair\">Pour nous soutenir, \u00e9crivez-nous par e-mail\u00a0en pr\u00e9cisant votre nom\/pr\u00e9nom, adresses et t\u00e9l\u00e9phone (pour l\u2019\u00e9tablissement du re\u00e7u fiscal).<\/span><\/p>\n<p style=\"margin-top:0; margin-bottom:1rem;\">\n<p>Nous vous ferons ensuite parvenir par mail le RIB du Centre Fran\u00e7ois Baclesse pour effectuer votre virement.<\/p>\n<p><span class=\"sc-highlight-noir\">Chaque don compte\u00a0et nous vous en remercions chaleureusement.<\/span>[\/et_pb_text][et_pb_button button_url=\u00a0\u00bbmailto:contact@baclesse.lu\u00a0\u00bb button_text=\u00a0\u00bbcontact@baclesse.lu\u00a0\u00bb disabled_on=\u00a0\u00bbon|off|off\u00a0\u00bb _builder_version=\u00a0\u00bb4.27.4&Prime; _module_preset=\u00a0\u00bbdefault\u00a0\u00bb global_colors_info=\u00a0\u00bb{}\u00a0\u00bb][\/et_pb_button][\/et_pb_column][et_pb_column type=\u00a0\u00bb2_3&Prime; module_class=\u00a0\u00bbta-col-droite\u00a0\u00bb _builder_version=\u00a0\u00bb4.27.4&Prime; _module_preset=\u00a0\u00bbdefault\u00a0\u00bb global_colors_info=\u00a0\u00bb{}\u00a0\u00bb][et_pb_text _builder_version=\u00a0\u00bb4.27.4&Prime; _module_preset=\u00a0\u00bbd6f57796-6fc7-4376-8cad-9f96836f9966&Prime; global_colors_info=\u00a0\u00bb{}\u00a0\u00bb]<span class=\"sc-big-text-noir\">\u00c0 travers vos dons, vous contribuez directement \u00e0 soutenir nos efforts de recherche\u00a0et l\u2019am\u00e9lioration de l\u2019exp\u00e9rience patient.<\/span><\/p>\n<p>Tout\u00a0don est fiscalement d\u00e9ductible\u00a0; vous recevrez certificat\u00a0de don \u00e0 transmettre \u00e0 l\u2019administration fiscale.[\/et_pb_text][et_pb_text _builder_version=\u00a0\u00bb4.27.4&Prime; _module_preset=\u00a0\u00bb492c47f5-776e-4290-9dc9-83379a8dc126&Prime; custom_margin=\u00a0\u00bb0px||20px||false|false\u00a0\u00bb custom_margin_tablet=\u00a0\u00bb0px||15px||false|false\u00a0\u00bb custom_margin_phone=\u00a0\u00bb0px||||false|false\u00a0\u00bb global_colors_info=\u00a0\u00bb{}\u00a0\u00bb]<\/p>\n<p>Diff\u00e9rentes fa\u00e7ons de donner<\/p>\n<p>[\/et_pb_text][et_pb_text _builder_version=\u00a0\u00bb4.27.5&Prime; _module_preset=\u00a0\u00bbd6f57796-6fc7-4376-8cad-9f96836f9966&Prime; hover_enabled=\u00a0\u00bb0&Prime; global_colors_info=\u00a0\u00bb{}\u00a0\u00bb sticky_enabled=\u00a0\u00bb0&Prime;]<\/p>\n<h2 class=\"h2-bleu h2-no-space\">Don unique<\/h2>\n<p>Vous pouvez effectuer un don unique en effectuant un virement sur notre compte en utilisant les coordonn\u00e9e bancaires ci-dessous.<\/p>\n<p><em>BGLLLULL &#8211; IBAN LU40 0030 7300 2335 0000 avec la mention \u00ab\u00a0Don CFB\u00a0\u00bb<\/em><\/p>\n<h2 class=\"h2-bleu h2-no-space\">Don d\u2019h\u00e9ritage<\/h2>\n<p>Vous pouvez \u00e9galement inclure le Centre Fran\u00e7ois Baclesse dans votre testament<\/p>\n<h2 class=\"h2-bleu h2-no-space\">L\u2019union fait la force<\/h2>\n<p>Dons comm\u00e9moratifs, campagnes de collecte de fonds, parrainages d\u2019entreprise\u00a0: transformez un don unique en action collective pour maximiser votre impact en faveur des patients d\u2019aujourd\u2019hui et de demain.<\/p>\n<p>[\/et_pb_text][et_pb_text disabled_on=\u00a0\u00bboff|on|on\u00a0\u00bb _builder_version=\u00a0\u00bb4.27.4&Prime; _module_preset=\u00a0\u00bbd6f57796-6fc7-4376-8cad-9f96836f9966&Prime; custom_padding_phone=\u00a0\u00bb||||false|false\u00a0\u00bb custom_padding_last_edited=\u00a0\u00bboff|phone\u00a0\u00bb global_colors_info=\u00a0\u00bb{}\u00a0\u00bb]<span class=\"sc-big-text-bleuclair\">Pour nous soutenir, \u00e9crivez-nous par e-mail\u00a0en pr\u00e9cisant votre nom\/pr\u00e9nom, adresses et t\u00e9l\u00e9phone (pour l\u2019\u00e9tablissement du re\u00e7u fiscal).<\/span><\/p>\n<p>Nous vous ferons ensuite parvenir par mail le RIB du Centre Fran\u00e7ois Baclesse pour effectuer votre virement.<\/p>\n<p><span class=\"sc-highlight-noir\">Chaque don compte\u00a0et nous vous en remercions chaleureusement.<\/span>[\/et_pb_text][et_pb_button button_url=\u00a0\u00bbmailto:contact@baclesse.lu\u00a0\u00bb button_text=\u00a0\u00bbcontact@baclesse.lu\u00a0\u00bb disabled_on=\u00a0\u00bboff|on|on\u00a0\u00bb _builder_version=\u00a0\u00bb4.27.4&Prime; _module_preset=\u00a0\u00bbdefault\u00a0\u00bb global_colors_info=\u00a0\u00bb{}\u00a0\u00bb][\/et_pb_button][\/et_pb_column][\/et_pb_row][\/et_pb_section]<\/p>\n","protected":false},"excerpt":{"rendered":"<p>Soutenir la recherchePour nous soutenir, \u00e9crivez-nous par e-mail\u00a0en pr\u00e9cisant votre nom\/pr\u00e9nom, adresses et t\u00e9l\u00e9phone (pour l\u2019\u00e9tablissement du re\u00e7u fiscal). Nous vous ferons ensuite parvenir par mail le RIB du Centre Fran\u00e7ois Baclesse pour effectuer votre virement. Chaque don compte\u00a0et nous vous en remercions chaleureusement.\u00c0 travers vos dons, vous contribuez directement \u00e0 soutenir nos efforts de [&hellip;]<\/p>\n","protected":false},"author":1,"featured_media":0,"parent":0,"menu_order":0,"comment_status":"closed","ping_status":"closed","template":"","meta":{"_acf_changed":false,"_et_pb_use_builder":"on","_et_pb_old_content":"","_et_gb_content_width":"","_monsterinsights_skip_tracking":false,"_monsterinsights_sitenote_active":false,"_monsterinsights_sitenote_note":"","_monsterinsights_sitenote_category":0,"footnotes":""},"class_list":["post-2478","page","type-page","status-publish","hentry"],"acf":[],"yoast_head":"<!-- This site is optimized with the Yoast SEO plugin v27.2 - https:\/\/yoast.com\/product\/yoast-seo-wordpress\/ -->\n<title>Faire un don - Centre Fran\u00e7ois Baclesse<\/title>\n<meta name=\"robots\" content=\"index, follow, max-snippet:-1, max-image-preview:large, max-video-preview:-1\" \/>\n<link rel=\"canonical\" href=\"https:\/\/www.baclesse.lu\/de\/faire-un-don\/\" \/>\n<meta property=\"og:locale\" content=\"de_DE\" \/>\n<meta property=\"og:type\" content=\"article\" \/>\n<meta property=\"og:title\" content=\"Faire un don - Centre Fran\u00e7ois Baclesse\" \/>\n<meta property=\"og:description\" content=\"Soutenir la recherchePour nous soutenir, \u00e9crivez-nous par e-mail\u00a0en pr\u00e9cisant votre nom\/pr\u00e9nom, adresses et t\u00e9l\u00e9phone (pour l\u2019\u00e9tablissement du re\u00e7u fiscal). Nous vous ferons ensuite parvenir par mail le RIB du Centre Fran\u00e7ois Baclesse pour effectuer votre virement. Chaque don compte\u00a0et nous vous en remercions chaleureusement.\u00c0 travers vos dons, vous contribuez directement \u00e0 soutenir nos efforts de [&hellip;]\" \/>\n<meta property=\"og:url\" content=\"https:\/\/www.baclesse.lu\/de\/faire-un-don\/\" \/>\n<meta property=\"og:site_name\" content=\"Centre Fran\u00e7ois Baclesse\" \/>\n<meta property=\"article:modified_time\" content=\"2026-04-23T14:10:21+00:00\" \/>\n<meta name=\"twitter:card\" content=\"summary_large_image\" \/>\n<script type=\"application\/ld+json\" class=\"yoast-schema-graph\">{\"@context\":\"https:\/\/schema.org\",\"@graph\":[{\"@type\":\"WebPage\",\"@id\":\"https:\/\/www.baclesse.lu\/faire-un-don\/\",\"url\":\"https:\/\/www.baclesse.lu\/faire-un-don\/\",\"name\":\"Faire un don - Centre Fran\u00e7ois Baclesse\",\"isPartOf\":{\"@id\":\"https:\/\/www.baclesse.lu\/#website\"},\"datePublished\":\"2025-10-13T15:43:56+00:00\",\"dateModified\":\"2026-04-23T14:10:21+00:00\",\"breadcrumb\":{\"@id\":\"https:\/\/www.baclesse.lu\/faire-un-don\/#breadcrumb\"},\"inLanguage\":\"de\",\"potentialAction\":[{\"@type\":\"ReadAction\",\"target\":[\"https:\/\/www.baclesse.lu\/faire-un-don\/\"]}]},{\"@type\":\"BreadcrumbList\",\"@id\":\"https:\/\/www.baclesse.lu\/faire-un-don\/#breadcrumb\",\"itemListElement\":[{\"@type\":\"ListItem\",\"position\":1,\"name\":\"Accueil\",\"item\":\"https:\/\/www.baclesse.lu\/\"},{\"@type\":\"ListItem\",\"position\":2,\"name\":\"Faire un don\"}]},{\"@type\":\"WebSite\",\"@id\":\"https:\/\/www.baclesse.lu\/#website\",\"url\":\"https:\/\/www.baclesse.lu\/\",\"name\":\"Centre Fran\u00e7ois Baclesse\",\"description\":\"Centre National de Radioth\u00e9rapie\",\"potentialAction\":[{\"@type\":\"SearchAction\",\"target\":{\"@type\":\"EntryPoint\",\"urlTemplate\":\"https:\/\/www.baclesse.lu\/?s={search_term_string}\"},\"query-input\":{\"@type\":\"PropertyValueSpecification\",\"valueRequired\":true,\"valueName\":\"search_term_string\"}}],\"inLanguage\":\"de\"}]}<\/script>\n<!-- \/ Yoast SEO plugin. -->","yoast_head_json":{"title":"Faire un don - Centre Fran\u00e7ois Baclesse","robots":{"index":"index","follow":"follow","max-snippet":"max-snippet:-1","max-image-preview":"max-image-preview:large","max-video-preview":"max-video-preview:-1"},"canonical":"https:\/\/www.baclesse.lu\/de\/faire-un-don\/","og_locale":"de_DE","og_type":"article","og_title":"Faire un don - Centre Fran\u00e7ois Baclesse","og_description":"Soutenir la recherchePour nous soutenir, \u00e9crivez-nous par e-mail\u00a0en pr\u00e9cisant votre nom\/pr\u00e9nom, adresses et t\u00e9l\u00e9phone (pour l\u2019\u00e9tablissement du re\u00e7u fiscal). Nous vous ferons ensuite parvenir par mail le RIB du Centre Fran\u00e7ois Baclesse pour effectuer votre virement. Chaque don compte\u00a0et nous vous en remercions chaleureusement.\u00c0 travers vos dons, vous contribuez directement \u00e0 soutenir nos efforts de [&hellip;]","og_url":"https:\/\/www.baclesse.lu\/de\/faire-un-don\/","og_site_name":"Centre Fran\u00e7ois Baclesse","article_modified_time":"2026-04-23T14:10:21+00:00","twitter_card":"summary_large_image","schema":{"@context":"https:\/\/schema.org","@graph":[{"@type":"WebPage","@id":"https:\/\/www.baclesse.lu\/faire-un-don\/","url":"https:\/\/www.baclesse.lu\/faire-un-don\/","name":"Faire un don - Centre Fran\u00e7ois Baclesse","isPartOf":{"@id":"https:\/\/www.baclesse.lu\/#website"},"datePublished":"2025-10-13T15:43:56+00:00","dateModified":"2026-04-23T14:10:21+00:00","breadcrumb":{"@id":"https:\/\/www.baclesse.lu\/faire-un-don\/#breadcrumb"},"inLanguage":"de","potentialAction":[{"@type":"ReadAction","target":["https:\/\/www.baclesse.lu\/faire-un-don\/"]}]},{"@type":"BreadcrumbList","@id":"https:\/\/www.baclesse.lu\/faire-un-don\/#breadcrumb","itemListElement":[{"@type":"ListItem","position":1,"name":"Accueil","item":"https:\/\/www.baclesse.lu\/"},{"@type":"ListItem","position":2,"name":"Faire un don"}]},{"@type":"WebSite","@id":"https:\/\/www.baclesse.lu\/#website","url":"https:\/\/www.baclesse.lu\/","name":"Centre Fran\u00e7ois Baclesse","description":"Centre National de Radioth\u00e9rapie","potentialAction":[{"@type":"SearchAction","target":{"@type":"EntryPoint","urlTemplate":"https:\/\/www.baclesse.lu\/?s={search_term_string}"},"query-input":{"@type":"PropertyValueSpecification","valueRequired":true,"valueName":"search_term_string"}}],"inLanguage":"de"}]}},"_links":{"self":[{"href":"https:\/\/www.baclesse.lu\/de\/wp-json\/wp\/v2\/pages\/2478","targetHints":{"allow":["GET"]}}],"collection":[{"href":"https:\/\/www.baclesse.lu\/de\/wp-json\/wp\/v2\/pages"}],"about":[{"href":"https:\/\/www.baclesse.lu\/de\/wp-json\/wp\/v2\/types\/page"}],"author":[{"embeddable":true,"href":"https:\/\/www.baclesse.lu\/de\/wp-json\/wp\/v2\/users\/1"}],"replies":[{"embeddable":true,"href":"https:\/\/www.baclesse.lu\/de\/wp-json\/wp\/v2\/comments?post=2478"}],"version-history":[{"count":10,"href":"https:\/\/www.baclesse.lu\/de\/wp-json\/wp\/v2\/pages\/2478\/revisions"}],"predecessor-version":[{"id":3747,"href":"https:\/\/www.baclesse.lu\/de\/wp-json\/wp\/v2\/pages\/2478\/revisions\/3747"}],"wp:attachment":[{"href":"https:\/\/www.baclesse.lu\/de\/wp-json\/wp\/v2\/media?parent=2478"}],"curies":[{"name":"wp","href":"https:\/\/api.w.org\/{rel}","templated":true}]}}