{"id":1478,"date":"2025-09-10T16:38:38","date_gmt":"2025-09-10T16:38:38","guid":{"rendered":"https:\/\/site-cfb:8890\/?page_id=1478"},"modified":"2025-11-06T21:55:38","modified_gmt":"2025-11-06T21:55:38","slug":"cancers-hematologiques","status":"publish","type":"page","link":"https:\/\/www.baclesse.lu\/de\/cancers-hematologiques\/","title":{"rendered":"Cancers h\u00e9matologiques"},"content":{"rendered":"<p>[et_pb_section fb_built=\u00a0\u00bb1&Prime; _builder_version=\u00a0\u00bb4.27.4&Prime; _module_preset=\u00a0\u00bbdefault\u00a0\u00bb global_colors_info=\u00a0\u00bb{}\u00a0\u00bb][et_pb_row column_structure=\u00a0\u00bb1_3,2_3&Prime; make_equal=\u00a0\u00bboff\u00a0\u00bb module_class=\u00a0\u00bbligne-custom-flex, ligne-tablette\u00a0\u00bb _builder_version=\u00a0\u00bb4.27.4&Prime; _module_preset=\u00a0\u00bbe5d185d1-dedc-497d-8a24-c3470cedcbb1&Prime; global_colors_info=\u00a0\u00bb{}\u00a0\u00bb custom_css_main_element_last_edited=\u00a0\u00bboff|desktop\u00a0\u00bb][et_pb_column type=\u00a0\u00bb1_3&Prime; module_class=\u00a0\u00bbta-col-gauche\u00a0\u00bb _builder_version=\u00a0\u00bb4.27.4&Prime; _module_preset=\u00a0\u00bbdefault\u00a0\u00bb global_colors_info=\u00a0\u00bb{}\u00a0\u00bb][et_pb_text disabled_on=\u00a0\u00bbon|off|off\u00a0\u00bb _builder_version=\u00a0\u00bb4.27.4&Prime; _module_preset=\u00a0\u00bb20f488bc-70a4-44d3-839f-04d2c0592d1e\u00a0\u00bb custom_padding=\u00a0\u00bb|0px|||false|false\u00a0\u00bb global_colors_info=\u00a0\u00bb{}\u00a0\u00bb]<\/p>\n<p>Cancers <span lang=\"FR\">h\u00e9matologiques<\/span><\/p>\n<p>[\/et_pb_text][et_pb_image src=\u00a0\u00bbhttps:\/\/www.baclesse.lu\/wp-content\/uploads\/2025\/08\/Rayon_CFB_Rose_V2.png\u00a0\u00bb title_text=\u00a0\u00bbRayon_CFB_Rose_V2&Prime; align_tablet=\u00a0\u00bbleft\u00a0\u00bb align_last_edited=\u00a0\u00bboff|tablet\u00a0\u00bb _builder_version=\u00a0\u00bb4.27.4&Prime; _module_preset=\u00a0\u00bbd6084e7c-e5e7-4196-9a1d-c82dec5ca1d3&Prime; transform_scale_tablet=\u00a0\u00bb80%|80%\u00a0\u00bb transform_scale_phone=\u00a0\u00bb80%|80%\u00a0\u00bb transform_scale_last_edited=\u00a0\u00bbon|tablet\u00a0\u00bb transform_translate_tablet=\u00a0\u00bb\u00a0\u00bb transform_translate_phone=\u00a0\u00bb\u00a0\u00bb transform_translate_last_edited=\u00a0\u00bbon|desktop\u00a0\u00bb transform_rotate_tablet=\u00a0\u00bb\u00a0\u00bb transform_rotate_phone=\u00a0\u00bb\u00a0\u00bb transform_rotate_last_edited=\u00a0\u00bbon|desktop\u00a0\u00bb transform_skew_tablet=\u00a0\u00bb\u00a0\u00bb transform_skew_phone=\u00a0\u00bb\u00a0\u00bb transform_skew_last_edited=\u00a0\u00bbon|desktop\u00a0\u00bb transform_origin_tablet=\u00a0\u00bb\u00a0\u00bb transform_origin_phone=\u00a0\u00bb\u00a0\u00bb transform_origin_last_edited=\u00a0\u00bbon|desktop\u00a0\u00bb transform_styles_last_edited=\u00a0\u00bbon|tablet\u00a0\u00bb transform_styles_tablet=\u00a0\u00bb\u00a0\u00bb transform_styles_phone=\u00a0\u00bb\u00a0\u00bb global_colors_info=\u00a0\u00bb{}\u00a0\u00bb][\/et_pb_image][et_pb_image src=\u00a0\u00bbhttps:\/\/www.baclesse.lu\/wp-content\/uploads\/2025\/07\/PICTOGRAMMES_Cancers-hematologiques.png\u00a0\u00bb title_text=\u00a0\u00bbPICTOGRAMMES_Cancers h\u00e9matologiques\u00a0\u00bb disabled_on=\u00a0\u00bbon|off|off\u00a0\u00bb _builder_version=\u00a0\u00bb4.27.4&Prime; _module_preset=\u00a0\u00bbdefault\u00a0\u00bb transform_scale=\u00a0\u00bb90%|90%\u00a0\u00bb transform_scale_tablet=\u00a0\u00bb70%|70%\u00a0\u00bb transform_scale_phone=\u00a0\u00bb\u00a0\u00bb transform_scale_last_edited=\u00a0\u00bbon|tablet\u00a0\u00bb transform_translate=\u00a0\u00bb-20px|0px\u00a0\u00bb transform_translate_tablet=\u00a0\u00bb\u00a0\u00bb transform_translate_phone=\u00a0\u00bb\u00a0\u00bb transform_translate_last_edited=\u00a0\u00bbon|tablet\u00a0\u00bb transform_translate_linked=\u00a0\u00bboff\u00a0\u00bb transform_rotate_tablet=\u00a0\u00bb\u00a0\u00bb transform_rotate_phone=\u00a0\u00bb\u00a0\u00bb transform_rotate_last_edited=\u00a0\u00bbon|tablet\u00a0\u00bb transform_skew_tablet=\u00a0\u00bb\u00a0\u00bb transform_skew_phone=\u00a0\u00bb\u00a0\u00bb transform_skew_last_edited=\u00a0\u00bbon|tablet\u00a0\u00bb transform_origin_tablet=\u00a0\u00bb\u00a0\u00bb transform_origin_phone=\u00a0\u00bb\u00a0\u00bb transform_origin_last_edited=\u00a0\u00bbon|tablet\u00a0\u00bb transform_styles_last_edited=\u00a0\u00bbon|tablet\u00a0\u00bb custom_margin_tablet=\u00a0\u00bb-30px|||-20px|false|false\u00a0\u00bb custom_margin_phone=\u00a0\u00bb\u00a0\u00bb custom_margin_last_edited=\u00a0\u00bbon|phone\u00a0\u00bb custom_padding_tablet=\u00a0\u00bb||||false|false\u00a0\u00bb custom_padding_last_edited=\u00a0\u00bboff|tablet\u00a0\u00bb transform_styles_tablet=\u00a0\u00bb\u00a0\u00bb transform_styles_phone=\u00a0\u00bb\u00a0\u00bb global_colors_info=\u00a0\u00bb{}\u00a0\u00bb][\/et_pb_image][et_pb_code disabled_on=\u00a0\u00bboff|on|on\u00a0\u00bb module_class=\u00a0\u00bbtitre-rose\u00a0\u00bb _builder_version=\u00a0\u00bb4.27.4&Prime; _module_preset=\u00a0\u00bbdefault\u00a0\u00bb custom_margin=\u00a0\u00bb||20px||false|false\u00a0\u00bb global_colors_info=\u00a0\u00bb{}\u00a0\u00bb]<\/p>\n<div class=\"bloc-mobile-empile titre-rose\"><!-- [et_pb_line_break_holder] -->  <\/p>\n<div class=\"mobile-img\"><!-- [et_pb_line_break_holder] -->    <img decoding=\"async\" src=\"https:\/\/www.baclesse.lu\/wp-content\/uploads\/2025\/07\/PICTOGRAMMES_Cancers-hematologiques.png\" alt=\"Illustration cancer du sein\"><!-- [et_pb_line_break_holder] -->  <\/div>\n<p><!-- [et_pb_line_break_holder] -->  <\/p>\n<div class=\"mobile-title\"><!-- [et_pb_line_break_holder] -->    <\/p>\n<h1>Cancers h\u00e9matologiques<\/h1>\n<p><!-- [et_pb_line_break_holder] -->  <\/div>\n<p><!-- [et_pb_line_break_holder] --><\/div>\n<p>[\/et_pb_code][\/et_pb_column][et_pb_column type=\u00a0\u00bb2_3&Prime; module_class=\u00a0\u00bbta-col-droite\u00a0\u00bb _builder_version=\u00a0\u00bb4.27.4&Prime; _module_preset=\u00a0\u00bbdefault\u00a0\u00bb global_colors_info=\u00a0\u00bb{}\u00a0\u00bb][et_pb_accordion _builder_version=\u00a0\u00bb4.27.4&Prime; _module_preset=\u00a0\u00bbdbcfc262-b659-4b09-ada2-b468f093dfff\u00a0\u00bb hover_enabled=\u00a0\u00bb0&Prime; global_colors_info=\u00a0\u00bb{}\u00a0\u00bb sticky_enabled=\u00a0\u00bb0&Prime;][et_pb_accordion_item title=\u00a0\u00bbG\u00e9n\u00e9ralit\u00e9s\u00a0\u00bb _builder_version=\u00a0\u00bb4.27.4&Prime; _module_preset=\u00a0\u00bb2bcb5139-c782-4194-9b29-810b74cf3f5e\u00a0\u00bb custom_padding_tablet=\u00a0\u00bb10px||14px|0px|false|false\u00a0\u00bb custom_padding_phone=\u00a0\u00bb0px||12px||false|false\u00a0\u00bb custom_padding_last_edited=\u00a0\u00bbon|tablet\u00a0\u00bb hover_enabled=\u00a0\u00bb0&Prime; border_width_all=\u00a0\u00bb0px\u00a0\u00bb global_colors_info=\u00a0\u00bb{}\u00a0\u00bb open=\u00a0\u00bbon\u00a0\u00bb sticky_enabled=\u00a0\u00bb0&Prime;]<span class=\"sc-big-text-rose\">Les cancers h\u00e9matologiques regroupent diff\u00e9rentes pathologies, les plus fr\u00e9quentes \u00e9tant les leuc\u00e9mies, les my\u00e9lomes et les lymphomes. Les cancers du sang se d\u00e9veloppent \u00e0 partir des diff\u00e9rentes cellules du sang qui sont les globules blancs, les globules rouges ou les plaquettes.<\/span><\/p>\n<p style=\"margin-top:0; margin-bottom:0.5rem;\">\n<p>Certains cancers du sang peuvent induire une indication de radioth\u00e9rapie :<\/p>\n<ul>\n<li>Les lymphomes : Cancer des cellules immunitaires pouvant toucher les ganglions, le syst\u00e8me nerveux central, la moelle osseuse ou n\u2019importe quel autre organe<\/li>\n<li>Les my\u00e9lomes : Prolif\u00e9ration maligne dans la moelle osseuse de plasmocytes qui produisent les anticorps<\/li>\n<\/ul>\n<p>Un lymphome est un cancer qui affecte le syst\u00e8me lymphatique. Le syst\u00e8me lymphatique comprend les ganglions lymphatiques, la rate, la moelle osseuse et d\u2019autres tissus lympho\u00efdes. Sa principale fonction est de lutter contre les infections et de contribuer \u00e0 la d\u00e9fense immunitaire de l\u2019organisme. Deux formes principales de lymphomes existent : les lymphomes de Hodgkin (LH), touchant les adultes jeunes, et les lymphomes non hodgkiniens (LNH), plus fr\u00e9quents chez des adultes plus \u00e2g\u00e9s au-del\u00e0 de 60 ans.<\/p>\n<p>Le my\u00e9lome est la forme la plus r\u00e9pandue des cancers h\u00e9matologiques. Le my\u00e9lome multiple concerne la moelle osseuse, o\u00f9 les cellules du sang, en l\u2019occurrence les globules rouges, les globules blancs et les plaquettes. Plus pr\u00e9cis\u00e9ment, le my\u00e9lome multiple se d\u00e9veloppe au d\u00e9triment d\u2019un type particulier de globules blancs, les plasmocytes. Ce sont eux qui produisent les anticorps destin\u00e9s \u00e0 combattre infections et maladies. Du fait d\u2019une d\u00e9r\u00e9gulation du syst\u00e8me immunitaire, ce plasmocyte devient malin et se multiplie de fa\u00e7on excessive.<\/p>\n<p>Le plasmocytome est une forme localis\u00e9e de my\u00e9lome.[\/et_pb_accordion_item][et_pb_accordion_item title=\u00a0\u00bbSignes cliniques \u00a0\u00bb open_toggle_background_color=\u00a0\u00bb#FFFFFF\u00a0\u00bb closed_toggle_background_color=\u00a0\u00bb#FFFFFF\u00a0\u00bb _builder_version=\u00a0\u00bb4.27.4&Prime; _module_preset=\u00a0\u00bb2bcb5139-c782-4194-9b29-810b74cf3f5e\u00a0\u00bb border_color_top=\u00a0\u00bb#c15fb4&Prime; border_width_right=\u00a0\u00bb0px\u00a0\u00bb border_width_left=\u00a0\u00bb0px\u00a0\u00bb border_color_left=\u00a0\u00bb#c15fb4&Prime; global_colors_info=\u00a0\u00bb{}\u00a0\u00bb open=\u00a0\u00bboff\u00a0\u00bb]<\/p>\n<p>Les principaux sympt\u00f4mes d\u2019un lymphome consistent en une augmentation de la taille des ganglions, le plus souvent au niveau du cou et des aisselles. Ce gonflement ganglionnaire peut \u00eatre alors responsable de douleur, d\u2019\u0153d\u00e8me, voire de g\u00eane respiratoire. Une grande fatigue, une perte de poids, des sueurs nocturnes ou une fi\u00e8vre inexpliqu\u00e9e peuvent aussi \u00eatre observ\u00e9s.<\/p>\n<p>Les sympt\u00f4mes les plus sp\u00e9cifiques du my\u00e9lome sont des douleurs et une fragilit\u00e9 au niveau osseux. Les sympt\u00f4mes de fatigue, d\u2019an\u00e9mie, d\u2019\u00e9l\u00e9vation du calcium ou encore d\u2019insuffisance r\u00e9nale sont aussi r\u00e9v\u00e9lateurs de ce cancer.<\/p>\n<p>[\/et_pb_accordion_item][et_pb_accordion_item title=\u00a0\u00bbPrise en charge des cancers h\u00e9matologiques  au CFB \u00a0\u00bb open_toggle_background_color=\u00a0\u00bb#FFFFFF\u00a0\u00bb closed_toggle_background_color=\u00a0\u00bb#FFFFFF\u00a0\u00bb _builder_version=\u00a0\u00bb4.27.4&Prime; _module_preset=\u00a0\u00bb2bcb5139-c782-4194-9b29-810b74cf3f5e\u00a0\u00bb border_color_all=\u00a0\u00bbRGBA(255,255,255,0)\u00a0\u00bb border_color_top=\u00a0\u00bb#c15fb4&Prime; border_width_right=\u00a0\u00bb0px\u00a0\u00bb border_color_bottom=\u00a0\u00bb#c15fb4&Prime; border_width_left=\u00a0\u00bb0px\u00a0\u00bb border_color_left=\u00a0\u00bbRGBA(255,255,255,0)\u00a0\u00bb global_colors_info=\u00a0\u00bb{}\u00a0\u00bb closed_toggle_font_size_tablet=\u00a0\u00bb\u00a0\u00bb closed_toggle_font_size_phone=\u00a0\u00bb\u00a0\u00bb closed_toggle_font_size_last_edited=\u00a0\u00bbon|tablet\u00a0\u00bb open=\u00a0\u00bboff\u00a0\u00bb]<\/p>\n<p>Plusieurs traitements et combinaisons de traitements sont possibles au CFB pour le traitement des lymphomes et des my\u00e9lomes.<\/p>\n<p>La radioth\u00e9rapie est g\u00e9n\u00e9ralement indiqu\u00e9e en compl\u00e9ment de la chimioth\u00e9rapie pour les lymphomes de Hodgkin classiques, certains lymphomes non hodgkiniens de stades localis\u00e9s ainsi que les plasmocytomes.<\/p>\n<p>Le principe pour les lymphomes est d\u2019irradier uniquement les zones ganglionnaires initialement atteintes. Pour les plasmocytomes, il s\u2019agit d\u2019irradier la zone tumorale.\u00a0<\/p>\n<h2><strong>Radioth\u00e9rapie externe <\/strong><\/h2>\n<p>Ce traitement utilise des rayons X dirig\u00e9s, \u00e0 travers la peau, vers la zone \u00e0 traiter. Ces rayons sont produits par un acc\u00e9l\u00e9rateur lin\u00e9aire et d\u00e9truisent progressivement les cellules canc\u00e9reuses.<\/p>\n<p>Votre traitement d\u00e9butera avec un scanner de rep\u00e9rage (appel\u00e9 simulation virtuelle)\u00a0; il permet de d\u00e9limiter les zones \u00e0 traiter (volumes cibles), ainsi que les organes sains alentours qui devront \u00eatre pr\u00e9serv\u00e9s au maximum.<\/p>\n<p>Votre plan de traitement sera \u00e9tabli de mani\u00e8re individuelle (en tenant compte de vos caract\u00e9ristiques sp\u00e9cifiques et celle de votre maladie) et planifi\u00e9 sur plusieurs semaines. Les s\u00e9ances se d\u00e9roulent du lundi au vendredi et durent environ 15 minutes.<\/p>\n<p>Les rayons sont invisibles et indolores et ne rendent pas radioactif.<\/p>\n<p>[\/et_pb_accordion_item][et_pb_accordion_item title=\u00a0\u00bbLes effets secondaires durant le traitement\u00a0\u00bb open_toggle_background_color=\u00a0\u00bb#FFFFFF\u00a0\u00bb closed_toggle_background_color=\u00a0\u00bb#FFFFFF\u00a0\u00bb _builder_version=\u00a0\u00bb4.27.4&Prime; _module_preset=\u00a0\u00bb2bcb5139-c782-4194-9b29-810b74cf3f5e\u00a0\u00bb hover_enabled=\u00a0\u00bb0&Prime; border_color_all=\u00a0\u00bbRGBA(255,255,255,0)\u00a0\u00bb border_color_top=\u00a0\u00bb#c15fb4&Prime; border_width_right=\u00a0\u00bb0px\u00a0\u00bb border_color_bottom=\u00a0\u00bb#c15fb4&Prime; border_width_left=\u00a0\u00bb0px\u00a0\u00bb border_color_left=\u00a0\u00bbRGBA(255,255,255,0)\u00a0\u00bb global_colors_info=\u00a0\u00bb{}\u00a0\u00bb closed_toggle_font_size_tablet=\u00a0\u00bb\u00a0\u00bb closed_toggle_font_size_phone=\u00a0\u00bb\u00a0\u00bb closed_toggle_font_size_last_edited=\u00a0\u00bbon|phone\u00a0\u00bb open=\u00a0\u00bboff\u00a0\u00bb sticky_enabled=\u00a0\u00bb0&Prime;]<\/p>\n<p>Les effets secondaires sont pr\u00e9visibles mais pas syst\u00e9matiques\u00a0; chaque situation est unique et chaque patient r\u00e9agit diff\u00e9remment. Nous invitons les patients \u00e0 signaler tout effet ind\u00e9sirable \u00e0 leur m\u00e9decin r\u00e9f\u00e9rent au CFB lors des consultations de surveillance hebdomadaires. De nos jours, les effets secondaires aigus les plus courants sont tr\u00e8s bien pris en charge gr\u00e2ce \u00e0 des traitements symptomatiques. Ils vous seront prescrits si besoin par votre oncologue radioth\u00e9rapeute.<\/p>\n<ul>\n<li><span class=\"sc-highlight-noir\">Fatigue :<\/span> La fatigue est un effet secondaire fr\u00e9quent mais pas forc\u00e9ment d\u00fb au traitement. Elle est souvent due \u00e0 la r\u00e9p\u00e9tition quotidienne du traitement. C\u2019est aussi parfois un contrecoup du traitement de chimioth\u00e9rapie.<\/li>\n<li><span class=\"sc-highlight-noir\">Des naus\u00e9es et des diarrh\u00e9es<\/span> peuvent survenir en cas d\u2019irradiations abdominales<\/li>\n<\/ul>\n<p>[\/et_pb_accordion_item][et_pb_accordion_item title=\u00a0\u00bbLes effets secondaires apr\u00e8s le traitement\u00a0\u00bb open=\u00a0\u00bboff\u00a0\u00bb open_toggle_background_color=\u00a0\u00bb#FFFFFF\u00a0\u00bb closed_toggle_background_color=\u00a0\u00bb#FFFFFF\u00a0\u00bb _builder_version=\u00a0\u00bb4.27.4&Prime; _module_preset=\u00a0\u00bb2bcb5139-c782-4194-9b29-810b74cf3f5e\u00a0\u00bb hover_enabled=\u00a0\u00bb0&Prime; border_color_all=\u00a0\u00bbRGBA(255,255,255,0)\u00a0\u00bb border_color_top=\u00a0\u00bb#c15fb4&Prime; border_width_right=\u00a0\u00bb0px\u00a0\u00bb border_color_bottom=\u00a0\u00bb#c15fb4&Prime; border_width_left=\u00a0\u00bb0px\u00a0\u00bb border_color_left=\u00a0\u00bbRGBA(255,255,255,0)\u00a0\u00bb global_colors_info=\u00a0\u00bb{}\u00a0\u00bb closed_toggle_font_size_tablet=\u00a0\u00bb\u00a0\u00bb closed_toggle_font_size_phone=\u00a0\u00bb\u00a0\u00bb closed_toggle_font_size_last_edited=\u00a0\u00bbon|phone\u00a0\u00bb sticky_enabled=\u00a0\u00bb0&Prime;]<\/p>\n<p>Les effets observ\u00e9s pendant le traitement s\u2019estompent en g\u00e9n\u00e9ral quelques mois apr\u00e8s la fin du traitement. Certains signes peuvent apparaitre apr\u00e8s plusieurs mois ou ann\u00e9es, ils sont dits \u201ctardifs\u201d. Ils peuvent exceptionnellement \u00eatre en rapport avec les traitements re\u00e7us. Nous vous invitons \u00e0 signaler tout effet ind\u00e9sirable, m\u00eame tardif, \u00e0 votre m\u00e9decin radioth\u00e9rapeute.\u00a0<\/p>\n<ul>\n<li><span class=\"sc-highlight-noir\">Risque d\u2019induction de cancer radio-induit dans les d\u00e9cennies qui suivent le traitement<\/span><\/li>\n<li><span class=\"sc-highlight-noir\">Insuffisance cardiaque<\/span><\/li>\n<li><span class=\"sc-highlight-noir\">St\u00e9nose des art\u00e8res coronaires<\/span><\/li>\n<li><span class=\"sc-highlight-noir\">Hypothyro\u00efdie<\/span><\/li>\n<\/ul>\n<p>[\/et_pb_accordion_item][\/et_pb_accordion][et_pb_button button_url=\u00a0\u00bbhttps:\/\/www.baclesse.lu\/les-cancers-pris-en-charge\/\u00a0\u00bb button_text=\u00a0\u00bbLes cancers pris en charge\u00a0\u00bb _builder_version=\u00a0\u00bb4.27.4&Prime; _module_preset=\u00a0\u00bb3f6b84a1-415e-46f4-9eaa-ecd67f3d2f88&Prime; custom_margin=\u00a0\u00bb30px||||false|false\u00a0\u00bb global_colors_info=\u00a0\u00bb{}\u00a0\u00bb][\/et_pb_button][\/et_pb_column][\/et_pb_row][\/et_pb_section]<\/p>\n","protected":false},"excerpt":{"rendered":"<p>Cancers h\u00e9matologiquesLes cancers h\u00e9matologiques regroupent diff\u00e9rentes pathologies, les plus fr\u00e9quentes \u00e9tant les leuc\u00e9mies, les my\u00e9lomes et les lymphomes. Les cancers du sang se d\u00e9veloppent \u00e0 partir des diff\u00e9rentes cellules du sang qui sont les globules blancs, les globules rouges ou les plaquettes. Certains cancers du sang peuvent induire une indication de radioth\u00e9rapie : Les lymphomes [&hellip;]<\/p>\n","protected":false},"author":1,"featured_media":0,"parent":0,"menu_order":0,"comment_status":"closed","ping_status":"closed","template":"","meta":{"_acf_changed":false,"_et_pb_use_builder":"on","_et_pb_old_content":"","_et_gb_content_width":"","_monsterinsights_skip_tracking":false,"_monsterinsights_sitenote_active":false,"_monsterinsights_sitenote_note":"","_monsterinsights_sitenote_category":0,"footnotes":""},"class_list":["post-1478","page","type-page","status-publish","hentry"],"acf":[],"yoast_head":"<!-- This site is optimized with the Yoast SEO plugin v27.2 - https:\/\/yoast.com\/product\/yoast-seo-wordpress\/ -->\n<title>Cancers h\u00e9matologiques - Centre Fran\u00e7ois Baclesse<\/title>\n<meta name=\"robots\" content=\"index, follow, max-snippet:-1, max-image-preview:large, max-video-preview:-1\" \/>\n<link rel=\"canonical\" href=\"https:\/\/www.baclesse.lu\/de\/cancers-hematologiques\/\" \/>\n<meta property=\"og:locale\" content=\"de_DE\" \/>\n<meta property=\"og:type\" content=\"article\" \/>\n<meta property=\"og:title\" content=\"Cancers h\u00e9matologiques - Centre Fran\u00e7ois Baclesse\" \/>\n<meta property=\"og:description\" content=\"Cancers h\u00e9matologiquesLes cancers h\u00e9matologiques regroupent diff\u00e9rentes pathologies, les plus fr\u00e9quentes \u00e9tant les leuc\u00e9mies, les my\u00e9lomes et les lymphomes. Les cancers du sang se d\u00e9veloppent \u00e0 partir des diff\u00e9rentes cellules du sang qui sont les globules blancs, les globules rouges ou les plaquettes. Certains cancers du sang peuvent induire une indication de radioth\u00e9rapie : Les lymphomes [&hellip;]\" \/>\n<meta property=\"og:url\" content=\"https:\/\/www.baclesse.lu\/de\/cancers-hematologiques\/\" \/>\n<meta property=\"og:site_name\" content=\"Centre Fran\u00e7ois Baclesse\" \/>\n<meta property=\"article:modified_time\" content=\"2025-11-06T21:55:38+00:00\" \/>\n<meta property=\"og:image\" content=\"https:\/\/www.baclesse.lu\/wp-content\/uploads\/2025\/07\/PICTOGRAMMES_Cancers-hematologiques.png\" \/>\n<meta name=\"twitter:card\" content=\"summary_large_image\" \/>\n<meta name=\"twitter:label1\" content=\"Gesch\u00e4tzte Lesezeit\" \/>\n\t<meta name=\"twitter:data1\" content=\"7\u00a0Minuten\" \/>\n<script type=\"application\/ld+json\" class=\"yoast-schema-graph\">{\"@context\":\"https:\/\/schema.org\",\"@graph\":[{\"@type\":\"WebPage\",\"@id\":\"https:\/\/www.baclesse.lu\/cancers-hematologiques\/\",\"url\":\"https:\/\/www.baclesse.lu\/cancers-hematologiques\/\",\"name\":\"Cancers h\u00e9matologiques - Centre Fran\u00e7ois Baclesse\",\"isPartOf\":{\"@id\":\"https:\/\/www.baclesse.lu\/#website\"},\"primaryImageOfPage\":{\"@id\":\"https:\/\/www.baclesse.lu\/cancers-hematologiques\/#primaryimage\"},\"image\":{\"@id\":\"https:\/\/www.baclesse.lu\/cancers-hematologiques\/#primaryimage\"},\"thumbnailUrl\":\"https:\/\/www.baclesse.lu\/wp-content\/uploads\/2025\/07\/PICTOGRAMMES_Cancers-hematologiques.png\",\"datePublished\":\"2025-09-10T16:38:38+00:00\",\"dateModified\":\"2025-11-06T21:55:38+00:00\",\"breadcrumb\":{\"@id\":\"https:\/\/www.baclesse.lu\/cancers-hematologiques\/#breadcrumb\"},\"inLanguage\":\"de\",\"potentialAction\":[{\"@type\":\"ReadAction\",\"target\":[\"https:\/\/www.baclesse.lu\/cancers-hematologiques\/\"]}]},{\"@type\":\"ImageObject\",\"inLanguage\":\"de\",\"@id\":\"https:\/\/www.baclesse.lu\/cancers-hematologiques\/#primaryimage\",\"url\":\"https:\/\/www.baclesse.lu\/wp-content\/uploads\/2025\/07\/PICTOGRAMMES_Cancers-hematologiques.png\",\"contentUrl\":\"https:\/\/www.baclesse.lu\/wp-content\/uploads\/2025\/07\/PICTOGRAMMES_Cancers-hematologiques.png\"},{\"@type\":\"BreadcrumbList\",\"@id\":\"https:\/\/www.baclesse.lu\/cancers-hematologiques\/#breadcrumb\",\"itemListElement\":[{\"@type\":\"ListItem\",\"position\":1,\"name\":\"Accueil\",\"item\":\"https:\/\/www.baclesse.lu\/\"},{\"@type\":\"ListItem\",\"position\":2,\"name\":\"Cancers h\u00e9matologiques\"}]},{\"@type\":\"WebSite\",\"@id\":\"https:\/\/www.baclesse.lu\/#website\",\"url\":\"https:\/\/www.baclesse.lu\/\",\"name\":\"Centre Fran\u00e7ois Baclesse\",\"description\":\"Centre National de Radioth\u00e9rapie\",\"potentialAction\":[{\"@type\":\"SearchAction\",\"target\":{\"@type\":\"EntryPoint\",\"urlTemplate\":\"https:\/\/www.baclesse.lu\/?s={search_term_string}\"},\"query-input\":{\"@type\":\"PropertyValueSpecification\",\"valueRequired\":true,\"valueName\":\"search_term_string\"}}],\"inLanguage\":\"de\"}]}<\/script>\n<!-- \/ Yoast SEO plugin. -->","yoast_head_json":{"title":"Cancers h\u00e9matologiques - Centre Fran\u00e7ois Baclesse","robots":{"index":"index","follow":"follow","max-snippet":"max-snippet:-1","max-image-preview":"max-image-preview:large","max-video-preview":"max-video-preview:-1"},"canonical":"https:\/\/www.baclesse.lu\/de\/cancers-hematologiques\/","og_locale":"de_DE","og_type":"article","og_title":"Cancers h\u00e9matologiques - Centre Fran\u00e7ois Baclesse","og_description":"Cancers h\u00e9matologiquesLes cancers h\u00e9matologiques regroupent diff\u00e9rentes pathologies, les plus fr\u00e9quentes \u00e9tant les leuc\u00e9mies, les my\u00e9lomes et les lymphomes. Les cancers du sang se d\u00e9veloppent \u00e0 partir des diff\u00e9rentes cellules du sang qui sont les globules blancs, les globules rouges ou les plaquettes. Certains cancers du sang peuvent induire une indication de radioth\u00e9rapie : Les lymphomes [&hellip;]","og_url":"https:\/\/www.baclesse.lu\/de\/cancers-hematologiques\/","og_site_name":"Centre Fran\u00e7ois Baclesse","article_modified_time":"2025-11-06T21:55:38+00:00","og_image":[{"url":"https:\/\/www.baclesse.lu\/wp-content\/uploads\/2025\/07\/PICTOGRAMMES_Cancers-hematologiques.png","type":"","width":"","height":""}],"twitter_card":"summary_large_image","twitter_misc":{"Gesch\u00e4tzte Lesezeit":"7\u00a0Minuten"},"schema":{"@context":"https:\/\/schema.org","@graph":[{"@type":"WebPage","@id":"https:\/\/www.baclesse.lu\/cancers-hematologiques\/","url":"https:\/\/www.baclesse.lu\/cancers-hematologiques\/","name":"Cancers h\u00e9matologiques - Centre Fran\u00e7ois Baclesse","isPartOf":{"@id":"https:\/\/www.baclesse.lu\/#website"},"primaryImageOfPage":{"@id":"https:\/\/www.baclesse.lu\/cancers-hematologiques\/#primaryimage"},"image":{"@id":"https:\/\/www.baclesse.lu\/cancers-hematologiques\/#primaryimage"},"thumbnailUrl":"https:\/\/www.baclesse.lu\/wp-content\/uploads\/2025\/07\/PICTOGRAMMES_Cancers-hematologiques.png","datePublished":"2025-09-10T16:38:38+00:00","dateModified":"2025-11-06T21:55:38+00:00","breadcrumb":{"@id":"https:\/\/www.baclesse.lu\/cancers-hematologiques\/#breadcrumb"},"inLanguage":"de","potentialAction":[{"@type":"ReadAction","target":["https:\/\/www.baclesse.lu\/cancers-hematologiques\/"]}]},{"@type":"ImageObject","inLanguage":"de","@id":"https:\/\/www.baclesse.lu\/cancers-hematologiques\/#primaryimage","url":"https:\/\/www.baclesse.lu\/wp-content\/uploads\/2025\/07\/PICTOGRAMMES_Cancers-hematologiques.png","contentUrl":"https:\/\/www.baclesse.lu\/wp-content\/uploads\/2025\/07\/PICTOGRAMMES_Cancers-hematologiques.png"},{"@type":"BreadcrumbList","@id":"https:\/\/www.baclesse.lu\/cancers-hematologiques\/#breadcrumb","itemListElement":[{"@type":"ListItem","position":1,"name":"Accueil","item":"https:\/\/www.baclesse.lu\/"},{"@type":"ListItem","position":2,"name":"Cancers h\u00e9matologiques"}]},{"@type":"WebSite","@id":"https:\/\/www.baclesse.lu\/#website","url":"https:\/\/www.baclesse.lu\/","name":"Centre Fran\u00e7ois Baclesse","description":"Centre National de Radioth\u00e9rapie","potentialAction":[{"@type":"SearchAction","target":{"@type":"EntryPoint","urlTemplate":"https:\/\/www.baclesse.lu\/?s={search_term_string}"},"query-input":{"@type":"PropertyValueSpecification","valueRequired":true,"valueName":"search_term_string"}}],"inLanguage":"de"}]}},"_links":{"self":[{"href":"https:\/\/www.baclesse.lu\/de\/wp-json\/wp\/v2\/pages\/1478","targetHints":{"allow":["GET"]}}],"collection":[{"href":"https:\/\/www.baclesse.lu\/de\/wp-json\/wp\/v2\/pages"}],"about":[{"href":"https:\/\/www.baclesse.lu\/de\/wp-json\/wp\/v2\/types\/page"}],"author":[{"embeddable":true,"href":"https:\/\/www.baclesse.lu\/de\/wp-json\/wp\/v2\/users\/1"}],"replies":[{"embeddable":true,"href":"https:\/\/www.baclesse.lu\/de\/wp-json\/wp\/v2\/comments?post=1478"}],"version-history":[{"count":11,"href":"https:\/\/www.baclesse.lu\/de\/wp-json\/wp\/v2\/pages\/1478\/revisions"}],"predecessor-version":[{"id":3201,"href":"https:\/\/www.baclesse.lu\/de\/wp-json\/wp\/v2\/pages\/1478\/revisions\/3201"}],"wp:attachment":[{"href":"https:\/\/www.baclesse.lu\/de\/wp-json\/wp\/v2\/media?parent=1478"}],"curies":[{"name":"wp","href":"https:\/\/api.w.org\/{rel}","templated":true}]}}